{"id":1180,"date":"2023-11-22T01:46:26","date_gmt":"2023-11-22T00:46:26","guid":{"rendered":"https:\/\/babaji-center.com\/?page_id=1180"},"modified":"2026-04-02T19:33:24","modified_gmt":"2026-04-02T17:33:24","slug":"membresia","status":"publish","type":"page","link":"https:\/\/babaji-center.com\/en\/membresia\/","title":{"rendered":"MEMBERSHIP"},"content":{"rendered":"<div data-elementor-type=\"wp-page\" data-elementor-id=\"1180\" class=\"elementor elementor-1180\">\n\t\t\t\t\t\t<section class=\"wd-negative-gap elementor-section elementor-top-section elementor-element elementor-element-7be79da elementor-section-full_width elementor-section-content-middle elementor-section-stretched elementor-section-height-default elementor-section-height-default\" data-id=\"7be79da\" data-element_type=\"section\" data-e-type=\"section\" data-settings=\"{&quot;stretch_section&quot;:&quot;section-stretched&quot;,&quot;background_background&quot;:&quot;classic&quot;}\">\n\t\t\t\t\t\t<div class=\"elementor-container elementor-column-gap-no\">\n\t\t\t\t\t<div class=\"elementor-column elementor-col-100 elementor-top-column elementor-element elementor-element-70d04cd\" data-id=\"70d04cd\" data-element_type=\"column\" data-e-type=\"column\">\n\t\t\t<div class=\"elementor-widget-wrap elementor-element-populated\">\n\t\t\t\t\t\t<div class=\"elementor-element elementor-element-c4dd009 elementor-widget elementor-widget-wd_image_or_svg\" data-id=\"c4dd009\" data-element_type=\"widget\" data-e-type=\"widget\" data-widget_type=\"wd_image_or_svg.default\">\n\t\t\t\t<div class=\"elementor-widget-container\">\n\t\t\t\t\t\n\t\t<div class=\"wd-image text-center\">\n\t\t\t\t\t\t\t\t<img fetchpriority=\"high\" decoding=\"async\" width=\"768\" height=\"256\" src=\"https:\/\/babaji-center.com\/wp-content\/uploads\/Rosa-y-Tostado-Flores-Moderno-Artesano-Negocio-Marco-en-X-Marco-3000-x-1000-px-768x256.jpg\" class=\"attachment-medium_large size-medium_large\" alt=\"\" srcset=\"https:\/\/babaji-center.com\/wp-content\/uploads\/Rosa-y-Tostado-Flores-Moderno-Artesano-Negocio-Marco-en-X-Marco-3000-x-1000-px-768x256.jpg 768w, https:\/\/babaji-center.com\/wp-content\/uploads\/Rosa-y-Tostado-Flores-Moderno-Artesano-Negocio-Marco-en-X-Marco-3000-x-1000-px-300x100.jpg 300w, https:\/\/babaji-center.com\/wp-content\/uploads\/Rosa-y-Tostado-Flores-Moderno-Artesano-Negocio-Marco-en-X-Marco-3000-x-1000-px-1024x341.jpg 1024w, https:\/\/babaji-center.com\/wp-content\/uploads\/Rosa-y-Tostado-Flores-Moderno-Artesano-Negocio-Marco-en-X-Marco-3000-x-1000-px-150x50.jpg 150w, https:\/\/babaji-center.com\/wp-content\/uploads\/Rosa-y-Tostado-Flores-Moderno-Artesano-Negocio-Marco-en-X-Marco-3000-x-1000-px-1536x512.jpg 1536w, https:\/\/babaji-center.com\/wp-content\/uploads\/Rosa-y-Tostado-Flores-Moderno-Artesano-Negocio-Marco-en-X-Marco-3000-x-1000-px-2048x683.jpg 2048w, https:\/\/babaji-center.com\/wp-content\/uploads\/Rosa-y-Tostado-Flores-Moderno-Artesano-Negocio-Marco-en-X-Marco-3000-x-1000-px-18x6.jpg 18w, https:\/\/babaji-center.com\/wp-content\/uploads\/Rosa-y-Tostado-Flores-Moderno-Artesano-Negocio-Marco-en-X-Marco-3000-x-1000-px-600x200.jpg 600w\" sizes=\"(max-width: 768px) 100vw, 768px\" \/>\t\t\t\t\t<\/div>\n\n\t\t\t\t\t\t<\/div>\n\t\t\t\t<\/div>\n\t\t\t\t\t<\/div>\n\t\t<\/div>\n\t\t\t\t\t<\/div>\n\t\t<\/section>\n\t\t\t\t<section class=\"wd-negative-gap elementor-section elementor-top-section elementor-element elementor-element-592e879 elementor-section-boxed elementor-section-height-default elementor-section-height-default\" data-id=\"592e879\" data-element_type=\"section\" data-e-type=\"section\">\n\t\t\t\t\t\t<div class=\"elementor-container elementor-column-gap-default\">\n\t\t\t\t\t<div class=\"elementor-column elementor-col-100 elementor-top-column elementor-element elementor-element-ac036d4\" data-id=\"ac036d4\" data-element_type=\"column\" data-e-type=\"column\">\n\t\t\t<div class=\"elementor-widget-wrap elementor-element-populated\">\n\t\t\t\t\t\t<div class=\"elementor-element elementor-element-16485fe elementor-widget elementor-widget-wd_image_or_svg\" data-id=\"16485fe\" data-element_type=\"widget\" data-e-type=\"widget\" data-widget_type=\"wd_image_or_svg.default\">\n\t\t\t\t<div class=\"elementor-widget-container\">\n\t\t\t\t\t\n\t\t<div class=\"wd-image text-center\">\n\t\t\t\t\t\t\t\t<img decoding=\"async\" width=\"768\" height=\"512\" src=\"https:\/\/babaji-center.com\/wp-content\/uploads\/20260120_0031_Image-Generation_remix_01kfc9hs8rfnzsw3nranzkmpw1-768x512.png\" class=\"attachment-medium_large size-medium_large\" alt=\"\" srcset=\"https:\/\/babaji-center.com\/wp-content\/uploads\/20260120_0031_Image-Generation_remix_01kfc9hs8rfnzsw3nranzkmpw1-768x512.png 768w, https:\/\/babaji-center.com\/wp-content\/uploads\/20260120_0031_Image-Generation_remix_01kfc9hs8rfnzsw3nranzkmpw1-300x200.png 300w, https:\/\/babaji-center.com\/wp-content\/uploads\/20260120_0031_Image-Generation_remix_01kfc9hs8rfnzsw3nranzkmpw1-1024x683.png 1024w, https:\/\/babaji-center.com\/wp-content\/uploads\/20260120_0031_Image-Generation_remix_01kfc9hs8rfnzsw3nranzkmpw1-150x100.png 150w, https:\/\/babaji-center.com\/wp-content\/uploads\/20260120_0031_Image-Generation_remix_01kfc9hs8rfnzsw3nranzkmpw1-18x12.png 18w, https:\/\/babaji-center.com\/wp-content\/uploads\/20260120_0031_Image-Generation_remix_01kfc9hs8rfnzsw3nranzkmpw1-600x400.png 600w, https:\/\/babaji-center.com\/wp-content\/uploads\/20260120_0031_Image-Generation_remix_01kfc9hs8rfnzsw3nranzkmpw1-75x50.png 75w, https:\/\/babaji-center.com\/wp-content\/uploads\/20260120_0031_Image-Generation_remix_01kfc9hs8rfnzsw3nranzkmpw1.png 1536w\" sizes=\"(max-width: 768px) 100vw, 768px\" \/>\t\t\t\t\t<\/div>\n\n\t\t\t\t\t\t<\/div>\n\t\t\t\t<\/div>\n\t\t\t\t\t<\/div>\n\t\t<\/div>\n\t\t\t\t\t<\/div>\n\t\t<\/section>\n\t\t\t\t<section class=\"wd-negative-gap elementor-section elementor-top-section elementor-element elementor-element-d271448 elementor-section-full_width elementor-section-height-default elementor-section-height-default\" data-id=\"d271448\" data-element_type=\"section\" data-e-type=\"section\">\n\t\t\t\t\t\t<div class=\"elementor-container elementor-column-gap-default\">\n\t\t\t\t\t<div class=\"elementor-column elementor-col-100 elementor-top-column elementor-element elementor-element-7a21d51\" data-id=\"7a21d51\" data-element_type=\"column\" data-e-type=\"column\">\n\t\t\t<div class=\"elementor-widget-wrap elementor-element-populated\">\n\t\t\t\t\t\t<div class=\"elementor-element elementor-element-b4e0501 wd-width-100 elementor-widget elementor-widget-wd_title\" data-id=\"b4e0501\" data-element_type=\"widget\" data-e-type=\"widget\" data-widget_type=\"wd_title.default\">\n\t\t\t\t<div class=\"elementor-widget-container\">\n\t\t\t\t\t\t\t<div class=\"title-wrapper wd-set-mb reset-last-child wd-title-color-default wd-title-style-default wd-title-size-default text-left\">\n\n\t\t\t\n\t\t\t<div class=\"liner-continer\">\n\t\t\t\t<h4 class=\"woodmart-title-container title wd-fontsize-l\">Empod\u00e9rate y obt\u00e9n la claridad y conciencia que necesitas para sanar, crecer y evolucionar<\/h4> \n\t\t\t\t\t\t\t<\/div>\n\n\t\t\t\t\t\t\t<div class=\"title-after_title reset-last-child wd-fontsize-xs\">\n\t\t\t\t\t<p>En <strong>Babaji Center<\/strong> hemos creado una forma de acompa\u00f1arte en tu camino de sanaci\u00f3n, consciencia y crecimiento interior. La membres\u00edas: <strong>El\u00e9vate, <\/strong>pensada para sostenerte durante todo un a\u00f1o de <strong>transformaci\u00f3n real, profunda y consciente.<\/strong><\/p><p>Esta opci\u00f3n funciona con un <strong>compromiso anual<\/strong>.<br \/>Si en alg\u00fan momento decides darte de baja, solo necesitas avisar con 15 d\u00edas de antelaci\u00f3n.<br \/>Claro, sencillo y transparente \ud83e\udd0d<\/p><p>Tambi\u00e9n te ofrecemos un <strong>20% de descuento si eliges la opci\u00f3n de pago anual<\/strong>.<\/p><p>\u00a1Tu cambio empieza hoy!<\/p>\t\t\t\t<\/div>\n\t\t\t\t\t<\/div>\n\t\t\t\t\t\t<\/div>\n\t\t\t\t<\/div>\n\t\t\t\t\t<\/div>\n\t\t<\/div>\n\t\t\t\t\t<\/div>\n\t\t<\/section>\n\t\t\t\t<section class=\"wd-negative-gap elementor-section elementor-top-section elementor-element elementor-element-11a4e7b elementor-section-boxed elementor-section-height-default elementor-section-height-default\" data-id=\"11a4e7b\" data-element_type=\"section\" data-e-type=\"section\">\n\t\t\t\t\t\t<div class=\"elementor-container elementor-column-gap-default\">\n\t\t\t\t\t<div class=\"elementor-column elementor-col-66 elementor-top-column elementor-element elementor-element-192558f\" data-id=\"192558f\" data-element_type=\"column\" data-e-type=\"column\">\n\t\t\t<div class=\"elementor-widget-wrap elementor-element-populated\">\n\t\t\t\t\t\t<div class=\"elementor-element elementor-element-7efe721 elementor-widget elementor-widget-wd_image_or_svg\" data-id=\"7efe721\" data-element_type=\"widget\" data-e-type=\"widget\" data-widget_type=\"wd_image_or_svg.default\">\n\t\t\t\t<div class=\"elementor-widget-container\">\n\t\t\t\t\t\n\t\t<div class=\"wd-image text-left\">\n\t\t\t\t\t\t\t\t<img decoding=\"async\" width=\"1920\" height=\"1080\" src=\"https:\/\/babaji-center.com\/wp-content\/uploads\/Meditation-Yoga-Mindfulness-Women-and-Nature-Views-Music-Video-YouTube-Intro.jpg\" class=\"attachment-full size-full\" alt=\"\" srcset=\"https:\/\/babaji-center.com\/wp-content\/uploads\/Meditation-Yoga-Mindfulness-Women-and-Nature-Views-Music-Video-YouTube-Intro.jpg 1920w, https:\/\/babaji-center.com\/wp-content\/uploads\/Meditation-Yoga-Mindfulness-Women-and-Nature-Views-Music-Video-YouTube-Intro-300x169.jpg 300w, https:\/\/babaji-center.com\/wp-content\/uploads\/Meditation-Yoga-Mindfulness-Women-and-Nature-Views-Music-Video-YouTube-Intro-1024x576.jpg 1024w, https:\/\/babaji-center.com\/wp-content\/uploads\/Meditation-Yoga-Mindfulness-Women-and-Nature-Views-Music-Video-YouTube-Intro-150x84.jpg 150w, https:\/\/babaji-center.com\/wp-content\/uploads\/Meditation-Yoga-Mindfulness-Women-and-Nature-Views-Music-Video-YouTube-Intro-768x432.jpg 768w, https:\/\/babaji-center.com\/wp-content\/uploads\/Meditation-Yoga-Mindfulness-Women-and-Nature-Views-Music-Video-YouTube-Intro-1536x864.jpg 1536w, https:\/\/babaji-center.com\/wp-content\/uploads\/Meditation-Yoga-Mindfulness-Women-and-Nature-Views-Music-Video-YouTube-Intro-18x10.jpg 18w, https:\/\/babaji-center.com\/wp-content\/uploads\/Meditation-Yoga-Mindfulness-Women-and-Nature-Views-Music-Video-YouTube-Intro-600x338.jpg 600w, https:\/\/babaji-center.com\/wp-content\/uploads\/Meditation-Yoga-Mindfulness-Women-and-Nature-Views-Music-Video-YouTube-Intro-89x50.jpg 89w\" sizes=\"(max-width: 1920px) 100vw, 1920px\" \/>\t\t\t\t\t<\/div>\n\n\t\t\t\t\t\t<\/div>\n\t\t\t\t<\/div>\n\t\t\t\t\t<\/div>\n\t\t<\/div>\n\t\t\t\t<div class=\"elementor-column elementor-col-33 elementor-top-column elementor-element elementor-element-103cb79\" data-id=\"103cb79\" data-element_type=\"column\" data-e-type=\"column\">\n\t\t\t<div class=\"elementor-widget-wrap elementor-element-populated\">\n\t\t\t\t\t\t<div class=\"elementor-element elementor-element-4b6461c wd-width-100 elementor-widget elementor-widget-wd_title\" data-id=\"4b6461c\" data-element_type=\"widget\" data-e-type=\"widget\" data-widget_type=\"wd_title.default\">\n\t\t\t\t<div class=\"elementor-widget-container\">\n\t\t\t\t\t\t\t<div class=\"title-wrapper wd-set-mb reset-last-child wd-title-color-default wd-title-style-default wd-title-size-default text-left\">\n\n\t\t\t\t\t\t\t\t\t\t\t<div class=\"title-subtitle subtitle-color-default subtitle-style-default wd-fontsize-xs\">\n\t\t\t\t\t<br \/>\n\t\t\t\t<\/div>\n\t\t\t\n\t\t\t<div class=\"liner-continer\">\n\t\t\t\t<h4 class=\"woodmart-title-container title wd-fontsize-l\">Descubre las ventajas de ser miembro<br><br \/>\n<\/h4> \n\t\t\t\t\t\t\t<\/div>\n\n\t\t\t\t\t\t\t<div class=\"title-after_title reset-last-child wd-fontsize-xs\">\n\t\t\t\t\t<ul><li><strong>Toda la formaci\u00f3n y consejos para tu<\/strong><br><strong>crecimiento personal con una biblioteca exclusiva de meditaciones que se actualiza cada mes.<\/strong><\/li><li><strong>Clases semanales de 'Sanaci\u00f3n Meditativa Consciente' en directo.<\/strong><\/li><li><strong>Acceso a las formaciones y talleres de nuestro calendario anual.<\/strong><\/li><li><strong>Grupo de Whatsapp exclusivo para miembros, en donde podr\u00e1s conectar con personas con tus mismos intereses e inquietudes.<\/strong><\/li><li><strong>Descuentos y promociones especiales.<\/strong><\/li><\/ul><p>\u00a1<b>YA NADA VOLVER\u00c1 A SER IGUAL EN TU VIDA!<\/b><\/p>\t\t\t\t<\/div>\n\t\t\t\t\t<\/div>\n\t\t\t\t\t\t<\/div>\n\t\t\t\t<\/div>\n\t\t\t\t\t<\/div>\n\t\t<\/div>\n\t\t\t\t\t<\/div>\n\t\t<\/section>\n\t\t\t\t<section class=\"wd-negative-gap elementor-section elementor-top-section elementor-element elementor-element-07f11fd elementor-section-boxed elementor-section-height-default elementor-section-height-default\" data-id=\"07f11fd\" data-element_type=\"section\" data-e-type=\"section\">\n\t\t\t\t\t\t<div class=\"elementor-container elementor-column-gap-default\">\n\t\t\t\t\t<div class=\"elementor-column elementor-col-100 elementor-top-column elementor-element elementor-element-f5c7f80\" data-id=\"f5c7f80\" data-element_type=\"column\" data-e-type=\"column\">\n\t\t\t<div class=\"elementor-widget-wrap\">\n\t\t\t\t\t\t\t<\/div>\n\t\t<\/div>\n\t\t\t\t\t<\/div>\n\t\t<\/section>\n\t\t\t\t<section class=\"wd-negative-gap elementor-section elementor-top-section elementor-element elementor-element-14f8458 elementor-section-boxed elementor-section-height-default elementor-section-height-default\" data-id=\"14f8458\" data-element_type=\"section\" data-e-type=\"section\">\n\t\t\t\t\t\t<div class=\"elementor-container elementor-column-gap-default\">\n\t\t\t\t\t<div class=\"elementor-column elementor-col-100 elementor-top-column elementor-element elementor-element-128a6b4\" data-id=\"128a6b4\" data-element_type=\"column\" data-e-type=\"column\">\n\t\t\t<div class=\"elementor-widget-wrap elementor-element-populated\">\n\t\t\t\t\t\t<div class=\"elementor-element elementor-element-b5af170 elementor-widget-divider--view-line elementor-widget elementor-widget-divider\" data-id=\"b5af170\" data-element_type=\"widget\" data-e-type=\"widget\" data-widget_type=\"divider.default\">\n\t\t\t\t<div class=\"elementor-widget-container\">\n\t\t\t\t\t\t\t<div class=\"elementor-divider\">\n\t\t\t<span class=\"elementor-divider-separator\">\n\t\t\t\t\t\t<\/span>\n\t\t<\/div>\n\t\t\t\t\t\t<\/div>\n\t\t\t\t<\/div>\n\t\t\t\t\t<\/div>\n\t\t<\/div>\n\t\t\t\t\t<\/div>\n\t\t<\/section>\n\t\t\t\t<section class=\"wd-negative-gap elementor-section elementor-top-section elementor-element elementor-element-244e65e elementor-section-boxed elementor-section-height-default elementor-section-height-default\" data-id=\"244e65e\" data-element_type=\"section\" data-e-type=\"section\">\n\t\t\t\t\t\t<div class=\"elementor-container elementor-column-gap-wider\">\n\t\t\t\t\t<div class=\"elementor-column elementor-col-33 elementor-top-column elementor-element elementor-element-5ef3d31\" data-id=\"5ef3d31\" data-element_type=\"column\" data-e-type=\"column\">\n\t\t\t<div class=\"elementor-widget-wrap\">\n\t\t\t\t\t\t\t<\/div>\n\t\t<\/div>\n\t\t\t\t<div class=\"elementor-column elementor-col-33 elementor-top-column elementor-element elementor-element-7cfd3fd\" data-id=\"7cfd3fd\" data-element_type=\"column\" data-e-type=\"column\">\n\t\t\t<div class=\"elementor-widget-wrap elementor-element-populated\">\n\t\t\t\t\t\t<div class=\"elementor-element elementor-element-9a3e166 elementor-widget elementor-widget-wd_image_or_svg\" data-id=\"9a3e166\" data-element_type=\"widget\" data-e-type=\"widget\" data-widget_type=\"wd_image_or_svg.default\">\n\t\t\t\t<div class=\"elementor-widget-container\">\n\t\t\t\t\t\n\t\t<div class=\"wd-image text-left\">\n\t\t\t\t\t\t\t<a  aria-label=\"Image link\">\n\t\t\t\t\t\t\t\t<img loading=\"lazy\" decoding=\"async\" width=\"768\" height=\"1365\" src=\"https:\/\/babaji-center.com\/wp-content\/uploads\/membresia-elevate-768x1365.jpg\" class=\"attachment-medium_large size-medium_large\" alt=\"\" srcset=\"https:\/\/babaji-center.com\/wp-content\/uploads\/membresia-elevate-768x1365.jpg 768w, https:\/\/babaji-center.com\/wp-content\/uploads\/membresia-elevate-169x300.jpg 169w, https:\/\/babaji-center.com\/wp-content\/uploads\/membresia-elevate-576x1024.jpg 576w, https:\/\/babaji-center.com\/wp-content\/uploads\/membresia-elevate-84x150.jpg 84w, https:\/\/babaji-center.com\/wp-content\/uploads\/membresia-elevate-864x1536.jpg 864w, https:\/\/babaji-center.com\/wp-content\/uploads\/membresia-elevate-7x12.jpg 7w, https:\/\/babaji-center.com\/wp-content\/uploads\/membresia-elevate-600x1067.jpg 600w, https:\/\/babaji-center.com\/wp-content\/uploads\/membresia-elevate-150x267.jpg 150w, https:\/\/babaji-center.com\/wp-content\/uploads\/membresia-elevate-28x50.jpg 28w, https:\/\/babaji-center.com\/wp-content\/uploads\/membresia-elevate.jpg 1080w\" sizes=\"(max-width: 768px) 100vw, 768px\" \/>\t\t\t\t\t\t\t<\/a>\n\t\t\t\t\t<\/div>\n\n\t\t\t\t\t\t<\/div>\n\t\t\t\t<\/div>\n\t\t\t\t<div class=\"elementor-element elementor-element-85329ca elementor-widget elementor-widget-wd_button\" data-id=\"85329ca\" data-element_type=\"widget\" data-e-type=\"widget\" data-widget_type=\"wd_button.default\">\n\t\t\t\t<div class=\"elementor-widget-container\">\n\t\t\t\t\t\t\t<div class=\"wd-button-wrapper text-center\" >\n\t\t\t<a class=\"btn btn-style-default btn-shape-round btn-size-extra-large btn-icon-pos-right\"  href=\"https:\/\/babaji-center.com\/producto\/membresia-basica-anual\/\" style=\"--btn-color:#fff;\">\n\t\t\t\t<span class=\"wd-btn-text\" data-elementor-setting-key=\"text\">\n\t\t\t\t\tPAGO ANUAL\t\t\t\t<\/span>\n\n\t\t\t\t\t\t\t<\/a>\n\t\t<\/div>\n\t\t\t\t\t\t<\/div>\n\t\t\t\t<\/div>\n\t\t\t\t<div class=\"elementor-element elementor-element-f0c3319 elementor-widget elementor-widget-wd_button\" data-id=\"f0c3319\" data-element_type=\"widget\" data-e-type=\"widget\" data-widget_type=\"wd_button.default\">\n\t\t\t\t<div class=\"elementor-widget-container\">\n\t\t\t\t\t\t\t<div class=\"wd-button-wrapper text-center\" >\n\t\t\t<a class=\"btn btn-style-default btn-shape-round btn-size-extra-large btn-icon-pos-right\"  href=\"https:\/\/babaji-center.com\/producto\/membresia-basica-mensual\/\" style=\"--btn-color:#fff;\">\n\t\t\t\t<span class=\"wd-btn-text\" data-elementor-setting-key=\"text\">\n\t\t\t\t\tPAGO MENSUAL\t\t\t\t<\/span>\n\n\t\t\t\t\t\t\t<\/a>\n\t\t<\/div>\n\t\t\t\t\t\t<\/div>\n\t\t\t\t<\/div>\n\t\t\t\t\t<\/div>\n\t\t<\/div>\n\t\t\t\t<div class=\"elementor-column elementor-col-33 elementor-top-column elementor-element elementor-element-f30598f\" data-id=\"f30598f\" data-element_type=\"column\" data-e-type=\"column\">\n\t\t\t<div class=\"elementor-widget-wrap\">\n\t\t\t\t\t\t\t<\/div>\n\t\t<\/div>\n\t\t\t\t\t<\/div>\n\t\t<\/section>\n\t\t\t\t<section class=\"wd-negative-gap elementor-section elementor-top-section elementor-element elementor-element-863bf25 elementor-section-boxed elementor-section-height-default elementor-section-height-default\" data-id=\"863bf25\" data-element_type=\"section\" data-e-type=\"section\">\n\t\t\t\t\t\t<div class=\"elementor-container elementor-column-gap-default\">\n\t\t\t\t\t<div class=\"elementor-column elementor-col-100 elementor-top-column elementor-element elementor-element-ea4fd43\" data-id=\"ea4fd43\" data-element_type=\"column\" data-e-type=\"column\">\n\t\t\t<div class=\"elementor-widget-wrap\">\n\t\t\t\t\t\t\t<\/div>\n\t\t<\/div>\n\t\t\t\t\t<\/div>\n\t\t<\/section>\n\t\t\t\t<\/div>","protected":false},"excerpt":{"rendered":"<p>Empod\u00e9rate y obt\u00e9n la claridad y conciencia que necesitas para sanar, crecer y evolucionar En Babaji Center hemos creado una<\/p>","protected":false},"author":1,"featured_media":0,"parent":0,"menu_order":0,"comment_status":"closed","ping_status":"closed","template":"","meta":{"footnotes":""},"class_list":["post-1180","page","type-page","status-publish","hentry"],"_links":{"self":[{"href":"https:\/\/babaji-center.com\/en\/wp-json\/wp\/v2\/pages\/1180","targetHints":{"allow":["GET"]}}],"collection":[{"href":"https:\/\/babaji-center.com\/en\/wp-json\/wp\/v2\/pages"}],"about":[{"href":"https:\/\/babaji-center.com\/en\/wp-json\/wp\/v2\/types\/page"}],"author":[{"embeddable":true,"href":"https:\/\/babaji-center.com\/en\/wp-json\/wp\/v2\/users\/1"}],"replies":[{"embeddable":true,"href":"https:\/\/babaji-center.com\/en\/wp-json\/wp\/v2\/comments?post=1180"}],"version-history":[{"count":148,"href":"https:\/\/babaji-center.com\/en\/wp-json\/wp\/v2\/pages\/1180\/revisions"}],"predecessor-version":[{"id":3527,"href":"https:\/\/babaji-center.com\/en\/wp-json\/wp\/v2\/pages\/1180\/revisions\/3527"}],"wp:attachment":[{"href":"https:\/\/babaji-center.com\/en\/wp-json\/wp\/v2\/media?parent=1180"}],"curies":[{"name":"wp","href":"https:\/\/api.w.org\/{rel}","templated":true}]}}