{"id":1854,"date":"2025-03-19T18:40:36","date_gmt":"2025-03-19T17:40:36","guid":{"rendered":"https:\/\/babaji-center.com\/?page_id=1854"},"modified":"2025-06-24T14:48:47","modified_gmt":"2025-06-24T12:48:47","slug":"sesion-de-coaching","status":"publish","type":"page","link":"https:\/\/babaji-center.com\/en\/sesion-de-coaching\/","title":{"rendered":"Coaching"},"content":{"rendered":"<div data-elementor-type=\"wp-page\" data-elementor-id=\"1854\" class=\"elementor elementor-1854\">\n\t\t\t\t\t\t<section class=\"wd-negative-gap elementor-section elementor-top-section elementor-element elementor-element-36daa18 elementor-section-boxed elementor-section-height-default elementor-section-height-default\" data-id=\"36daa18\" data-element_type=\"section\" data-e-type=\"section\">\n\t\t\t\t\t\t<div class=\"elementor-container elementor-column-gap-default\">\n\t\t\t\t\t<div class=\"elementor-column elementor-col-100 elementor-top-column elementor-element elementor-element-aca5776\" data-id=\"aca5776\" data-element_type=\"column\" data-e-type=\"column\">\n\t\t\t<div class=\"elementor-widget-wrap elementor-element-populated\">\n\t\t\t\t\t\t<div class=\"elementor-element elementor-element-55c0d2f elementor-widget elementor-widget-wd_image_or_svg\" data-id=\"55c0d2f\" data-element_type=\"widget\" data-e-type=\"widget\" data-widget_type=\"wd_image_or_svg.default\">\n\t\t\t\t<div class=\"elementor-widget-container\">\n\t\t\t\t\t\n\t\t<div class=\"wd-image text-left\">\n\t\t\t\t\t\t\t\t<img fetchpriority=\"high\" decoding=\"async\" width=\"2560\" height=\"1708\" src=\"https:\/\/babaji-center.com\/wp-content\/uploads\/4B1A7031-scaled.jpg\" class=\"attachment-full size-full\" alt=\"\" srcset=\"https:\/\/babaji-center.com\/wp-content\/uploads\/4B1A7031-scaled.jpg 2560w, https:\/\/babaji-center.com\/wp-content\/uploads\/4B1A7031-300x200.jpg 300w, https:\/\/babaji-center.com\/wp-content\/uploads\/4B1A7031-1024x683.jpg 1024w, https:\/\/babaji-center.com\/wp-content\/uploads\/4B1A7031-150x100.jpg 150w, https:\/\/babaji-center.com\/wp-content\/uploads\/4B1A7031-768x512.jpg 768w, https:\/\/babaji-center.com\/wp-content\/uploads\/4B1A7031-1536x1025.jpg 1536w, https:\/\/babaji-center.com\/wp-content\/uploads\/4B1A7031-2048x1366.jpg 2048w, https:\/\/babaji-center.com\/wp-content\/uploads\/4B1A7031-18x12.jpg 18w, https:\/\/babaji-center.com\/wp-content\/uploads\/4B1A7031-600x400.jpg 600w, https:\/\/babaji-center.com\/wp-content\/uploads\/4B1A7031-75x50.jpg 75w\" sizes=\"(max-width: 2560px) 100vw, 2560px\" \/>\t\t\t\t\t<\/div>\n\n\t\t\t\t\t\t<\/div>\n\t\t\t\t<\/div>\n\t\t\t\t\t<\/div>\n\t\t<\/div>\n\t\t\t\t\t<\/div>\n\t\t<\/section>\n\t\t\t\t<section class=\"wd-negative-gap elementor-section elementor-top-section elementor-element elementor-element-b8e3e3c elementor-section-boxed elementor-section-height-default elementor-section-height-default\" data-id=\"b8e3e3c\" data-element_type=\"section\" data-e-type=\"section\">\n\t\t\t\t\t\t<div class=\"elementor-container elementor-column-gap-wide\">\n\t\t\t\t\t<div class=\"elementor-column elementor-col-100 elementor-top-column elementor-element elementor-element-2954dd4\" data-id=\"2954dd4\" data-element_type=\"column\" data-e-type=\"column\">\n\t\t\t<div class=\"elementor-widget-wrap elementor-element-populated\">\n\t\t\t\t\t\t<div class=\"elementor-element elementor-element-b068af0 elementor-widget elementor-widget-heading\" data-id=\"b068af0\" data-element_type=\"widget\" data-e-type=\"widget\" data-widget_type=\"heading.default\">\n\t\t\t\t<div class=\"elementor-widget-container\">\n\t\t\t\t\t<h2 class=\"elementor-heading-title elementor-size-default\"><h3 data-pm-slice=\"1 1 []\">Sesiones de 'Coaching'<\/h3><\/h2>\t\t\t\t<\/div>\n\t\t\t\t<\/div>\n\t\t\t\t<div class=\"elementor-element elementor-element-1b5946a elementor-widget elementor-widget-wd_text_block\" data-id=\"1b5946a\" data-element_type=\"widget\" data-e-type=\"widget\" data-widget_type=\"wd_text_block.default\">\n\t\t\t\t<div class=\"elementor-widget-container\">\n\t\t\t\t\t\t\t<div class=\"wd-text-block reset-last-child text-left\">\n\t\t\t\n\t\t\t<p>La vida nos desaf\u00eda constantemente. Enfrentamos momentos de crisis, cambios inesperados y situaciones que nos sacuden hasta la ra\u00edz. Pero dentro de cada desaf\u00edo hay una oportunidad de crecimiento, sanaci\u00f3n y elevaci\u00f3n.<\/p><p>Si sientes que est\u00e1s atrapado en <strong>patrones de sufrimiento<\/strong>, reaccionando a las circunstancias externas sin encontrar paz, o si simplemente deseas comenzar un <strong>camino espiritual<\/strong>, o contar con la gu\u00eda y claridad de Sascha y los Maestros Ascendidos, est\u00e1s en el lugar indicado.<\/p><p><strong>Nuestras sesiones est\u00e1n dise\u00f1adas para:<\/strong><\/p><p>\ud83c\udf3f <strong>Sanar heridas emocionales<\/strong> y transformar patrones limitantes.<br \/>\ud83e\uddd8\u200d\u2642\ufe0f Integrar una <strong>pr\u00e1ctica espiritual profunda<\/strong>, aprendiendo a usar la meditaci\u00f3n como herramienta de auto-sanaci\u00f3n. <br \/>\ud83d\udd2e <strong>Romper estructuras mentales<\/strong> y expandir tu percepci\u00f3n intuitiva y tu capacidad de sentir.<br \/>\ud83d\udcab <strong>Conectar con la gu\u00eda de Babaji y los Maestros Ascendidos<\/strong> para recibir claridad y orientaci\u00f3n en tu proceso.<\/p><p><strong>Cada sesi\u00f3n es \u00fanica y personalizada.<\/strong> Al comienzo, Sascha sentir\u00e1 tu estado energ\u00e9tico y emocional, y sabr\u00e1 lo que necesitas en cada momento. No hay guiones, solo un estado de flujo y percepci\u00f3n intuitiva.<\/p><p>Este es un <strong>espacio seguro, contenido y guiado<\/strong>, donde no solo te liberar\u00e1s del peso energ\u00e9tico, emocional y mental que cargas, sino que aprender\u00e1s a usar el <strong>espacio sagrado de la meditaci\u00f3n<\/strong> para confrontar, aceptar y expandir tus patrones mentales.<strong> Aprender\u00e1s a usar la meditaci\u00f3n a tu favor para autosanarte y autoequilibrarte<\/strong> en cada momento y te dar\u00e1 la libertad y el auto empoderamiento que necesitas, porque ya no necesitar\u00e1s, ni depender\u00e1s, de todo lo externo a ti: porque todo lo que necesitas est\u00e1 en tu interior, y solo tu tienes el poder de sanarte.<\/p><p><strong>\u00bfQu\u00e9 incluyen las sesiones?<\/strong><\/p><p>\u2714\ufe0f Sanaci\u00f3n energ\u00e9tica y liberaci\u00f3n de bloqueos.<br \/>\u2714\ufe0f Canalizaci\u00f3n y sanaci\u00f3n de Maestros Ascendidos.<br \/>\u2714\ufe0f Pr\u00e1ctica e integraci\u00f3n de Sanaci\u00f3n Meditativa Consciente.<br \/>\u2714\ufe0f Acompa\u00f1amiento intuitivo y pr\u00e1ctico durante tu proceso evolutivo.<\/p><p><strong>\u00bfPara qui\u00e9n es este coaching?<\/strong><\/p><p>\u2714\ufe0f Personas que sienten que ha llegado el momento de dar un giro a sus vidas, y que comprenden que lo de afuera es un reflejo de lo de adentro: por lo tanto si est\u00e1n en conflicto con sus vidas, el conflicto solo existe en el interior.<br \/>\u2714\ufe0fPersonas que que est\u00e1n atravesando desaf\u00edos emocionales, personales o espirituales que buscan una sanaci\u00f3n profunda.<br \/>\u2714\ufe0f Quienes desean trascender patrones reactivos y vivir una vida plena, desde la conciencia y la presencia.<br \/>\u2714\ufe0f Personas que necesiten romper su estructuras y limitaciones mentales, incorporando un enfoque intuitivo y una percepci\u00f3n consciente de la realidad.<br \/>\u2714\ufe0f Aquellos que quieren iniciar o profundizar en su pr\u00e1ctica de meditaci\u00f3n de una manera consciente, para aprender a usar su espacio sagrado y contenido para liberar los bloqueos y tendencias mentales que le mantienen atrapado en el bucle de su EGO.<br \/>\u2714\ufe0f Cualquier persona comprometida con su evoluci\u00f3n y bienestar integral.<\/p><p class=\"\"><strong>Tiempo por sesi\u00f3n:<\/strong> 1 hora y 30 minutos aproximadamente.<\/p><p class=\"\"><strong>Precios:<\/strong><\/p><p class=\"\">\u2728 Sesi\u00f3n individual \u2013 $222 USD<br \/>\u2728 Pack mensual (1 sesi\u00f3n por semana) \u2013 $699 USD<br \/>\u2728 Pack 3 meses (1 sesi\u00f3n por semana) \u2013 $1.888 USD<\/p>\n\t\t\t\t\t<\/div>\n\t\t\t\t\t\t<\/div>\n\t\t\t\t<\/div>\n\t\t\t\t\t<\/div>\n\t\t<\/div>\n\t\t\t\t\t<\/div>\n\t\t<\/section>\n\t\t\t\t<section class=\"wd-negative-gap elementor-section elementor-top-section elementor-element elementor-element-8218f41 elementor-section-stretched elementor-section-boxed elementor-section-height-default elementor-section-height-default\" data-id=\"8218f41\" data-element_type=\"section\" data-e-type=\"section\" data-settings=\"{&quot;stretch_section&quot;:&quot;section-stretched&quot;}\">\n\t\t\t\t\t\t\t<div class=\"elementor-background-overlay\"><\/div>\n\t\t\t\t\t\t\t<div class=\"elementor-container elementor-column-gap-default\">\n\t\t\t\t\t<div class=\"elementor-column elementor-col-100 elementor-top-column elementor-element elementor-element-3f37ed6\" data-id=\"3f37ed6\" data-element_type=\"column\" data-e-type=\"column\">\n\t\t\t<div class=\"elementor-widget-wrap elementor-element-populated\">\n\t\t\t\t\t\t<div class=\"elementor-element elementor-element-0423e43 elementor-widget elementor-widget-wd_text_block\" data-id=\"0423e43\" data-element_type=\"widget\" data-e-type=\"widget\" data-widget_type=\"wd_text_block.default\">\n\t\t\t\t<div class=\"elementor-widget-container\">\n\t\t\t\t\t\t\t<div class=\"wd-text-block reset-last-child text-center\">\n\t\t\t\n\t\t\t<h2 data-pm-slice=\"1 1 []\"><span class=\"sqsrte-text-color--white\">Reserva tu sesi\u00f3n de Coaching<\/span><\/h2><p class=\"\"><span class=\"sqsrte-text-color--white\"><b><em>Reserve<\/em> ahora tu sesi\u00f3n de coaching y recupera tu equilibrio.\u00a0<\/b><\/span><\/p>\n\t\t\t\t\t<\/div>\n\t\t\t\t\t\t<\/div>\n\t\t\t\t<\/div>\n\t\t\t\t<div class=\"elementor-element elementor-element-9bcfeaf elementor-widget elementor-widget-wd_button\" data-id=\"9bcfeaf\" data-element_type=\"widget\" data-e-type=\"widget\" data-widget_type=\"wd_button.default\">\n\t\t\t\t<div class=\"elementor-widget-container\">\n\t\t\t\t\t\t\t<div class=\"wd-button-wrapper text-center\" >\n\t\t\t<a class=\"btn btn-style-default btn-shape-round btn-size-large btn-icon-pos-right\"  href=\"https:\/\/babaji-center.com\/producto\/sesiones-de-coaching\/\">\n\t\t\t\t<span class=\"wd-btn-text\" data-elementor-setting-key=\"text\">\n\t\t\t\t\tRESERVE\t\t\t\t<\/span>\n\n\t\t\t\t\t\t\t<\/a>\n\t\t<\/div>\n\t\t\t\t\t\t<\/div>\n\t\t\t\t<\/div>\n\t\t\t\t\t<\/div>\n\t\t<\/div>\n\t\t\t\t\t<\/div>\n\t\t<\/section>\n\t\t\t\t<\/div>","protected":false},"excerpt":{"rendered":"<p>Sesiones de &#8216;Coaching&#8217; La vida nos desaf\u00eda constantemente. Enfrentamos momentos de crisis, cambios inesperados y situaciones que nos sacuden hasta<\/p>","protected":false},"author":1,"featured_media":0,"parent":0,"menu_order":0,"comment_status":"closed","ping_status":"closed","template":"","meta":{"footnotes":""},"class_list":["post-1854","page","type-page","status-publish","hentry"],"_links":{"self":[{"href":"https:\/\/babaji-center.com\/en\/wp-json\/wp\/v2\/pages\/1854","targetHints":{"allow":["GET"]}}],"collection":[{"href":"https:\/\/babaji-center.com\/en\/wp-json\/wp\/v2\/pages"}],"about":[{"href":"https:\/\/babaji-center.com\/en\/wp-json\/wp\/v2\/types\/page"}],"author":[{"embeddable":true,"href":"https:\/\/babaji-center.com\/en\/wp-json\/wp\/v2\/users\/1"}],"replies":[{"embeddable":true,"href":"https:\/\/babaji-center.com\/en\/wp-json\/wp\/v2\/comments?post=1854"}],"version-history":[{"count":17,"href":"https:\/\/babaji-center.com\/en\/wp-json\/wp\/v2\/pages\/1854\/revisions"}],"predecessor-version":[{"id":2067,"href":"https:\/\/babaji-center.com\/en\/wp-json\/wp\/v2\/pages\/1854\/revisions\/2067"}],"wp:attachment":[{"href":"https:\/\/babaji-center.com\/en\/wp-json\/wp\/v2\/media?parent=1854"}],"curies":[{"name":"wp","href":"https:\/\/api.w.org\/{rel}","templated":true}]}}