{"id":2132,"date":"2025-08-22T16:00:41","date_gmt":"2025-08-22T14:00:41","guid":{"rendered":"https:\/\/babaji-center.com\/?page_id=2132"},"modified":"2025-08-22T19:00:26","modified_gmt":"2025-08-22T17:00:26","slug":"amor-rojo-y-amor-blanco-meditacion-guiada-por-maria-magdalena","status":"publish","type":"page","link":"https:\/\/babaji-center.com\/en\/amor-rojo-y-amor-blanco-meditacion-guiada-por-maria-magdalena\/","title":{"rendered":"Amor rojo y Amor blanco: Meditaci\u00f3n guiada por Mar\u00eda Magdalena"},"content":{"rendered":"<div data-elementor-type=\"wp-page\" data-elementor-id=\"2132\" class=\"elementor elementor-2132\">\n\t\t\t\t\t\t<section class=\"wd-negative-gap elementor-section elementor-top-section elementor-element elementor-element-e60e28e elementor-section-boxed elementor-section-height-default elementor-section-height-default\" data-id=\"e60e28e\" data-element_type=\"section\" data-e-type=\"section\">\n\t\t\t\t\t\t<div class=\"elementor-container elementor-column-gap-default\">\n\t\t\t\t\t<div class=\"elementor-column elementor-col-100 elementor-top-column elementor-element elementor-element-0e1a3ec\" data-id=\"0e1a3ec\" data-element_type=\"column\" data-e-type=\"column\">\n\t\t\t<div class=\"elementor-widget-wrap elementor-element-populated\">\n\t\t\t\t\t\t<div class=\"elementor-element elementor-element-55c0d2f elementor-widget elementor-widget-wd_image_or_svg\" data-id=\"55c0d2f\" data-element_type=\"widget\" data-e-type=\"widget\" data-widget_type=\"wd_image_or_svg.default\">\n\t\t\t\t<div class=\"elementor-widget-container\">\n\t\t\t\t\t\n\t\t<div class=\"wd-image text-center\">\n\t\t\t\t\t\t\t\t<img fetchpriority=\"high\" decoding=\"async\" width=\"768\" height=\"543\" src=\"https:\/\/babaji-center.com\/wp-content\/uploads\/meditacion-maria-magdalena-768x543.jpg\" class=\"attachment-medium_large size-medium_large\" alt=\"\" srcset=\"https:\/\/babaji-center.com\/wp-content\/uploads\/meditacion-maria-magdalena-768x543.jpg 768w, https:\/\/babaji-center.com\/wp-content\/uploads\/meditacion-maria-magdalena-300x212.jpg 300w, https:\/\/babaji-center.com\/wp-content\/uploads\/meditacion-maria-magdalena-1024x724.jpg 1024w, https:\/\/babaji-center.com\/wp-content\/uploads\/meditacion-maria-magdalena-150x106.jpg 150w, https:\/\/babaji-center.com\/wp-content\/uploads\/meditacion-maria-magdalena-1536x1086.jpg 1536w, https:\/\/babaji-center.com\/wp-content\/uploads\/meditacion-maria-magdalena-2048x1448.jpg 2048w, https:\/\/babaji-center.com\/wp-content\/uploads\/meditacion-maria-magdalena-18x12.jpg 18w, https:\/\/babaji-center.com\/wp-content\/uploads\/meditacion-maria-magdalena-600x424.jpg 600w, https:\/\/babaji-center.com\/wp-content\/uploads\/meditacion-maria-magdalena-71x50.jpg 71w\" sizes=\"(max-width: 768px) 100vw, 768px\" \/>\t\t\t\t\t<\/div>\n\n\t\t\t\t\t\t<\/div>\n\t\t\t\t<\/div>\n\t\t\t\t\t<\/div>\n\t\t<\/div>\n\t\t\t\t\t<\/div>\n\t\t<\/section>\n\t\t\t\t<section class=\"wd-negative-gap elementor-section elementor-top-section elementor-element elementor-element-b8e3e3c elementor-section-boxed elementor-section-height-default elementor-section-height-default\" data-id=\"b8e3e3c\" data-element_type=\"section\" data-e-type=\"section\">\n\t\t\t\t\t\t<div class=\"elementor-container elementor-column-gap-wide\">\n\t\t\t\t\t<div class=\"elementor-column elementor-col-100 elementor-top-column elementor-element elementor-element-2954dd4\" data-id=\"2954dd4\" data-element_type=\"column\" data-e-type=\"column\">\n\t\t\t<div class=\"elementor-widget-wrap elementor-element-populated\">\n\t\t\t\t\t\t<div class=\"elementor-element elementor-element-b068af0 elementor-widget elementor-widget-heading\" data-id=\"b068af0\" data-element_type=\"widget\" data-e-type=\"widget\" data-widget_type=\"heading.default\">\n\t\t\t\t<div class=\"elementor-widget-container\">\n\t\t\t\t\t<h1 class=\"elementor-heading-title elementor-size-xl\"><h3 data-pm-slice=\"1 1 []\">Amor Rojo y Amor Blanco: la v\u00eda hacia tu Ser Superior (meditaci\u00f3n guiada por Mar\u00eda Magdalena)<\/h3><\/h1>\t\t\t\t<\/div>\n\t\t\t\t<\/div>\n\t\t\t\t<div class=\"elementor-element elementor-element-1b5946a elementor-widget elementor-widget-wd_text_block\" data-id=\"1b5946a\" data-element_type=\"widget\" data-e-type=\"widget\" data-widget_type=\"wd_text_block.default\">\n\t\t\t\t<div class=\"elementor-widget-container\">\n\t\t\t\t\t\t\t<div class=\"wd-text-block reset-last-child text-center\">\n\t\t\t\n\t\t\t<p style=\"text-align: left;\"><strong>Mar\u00eda Magdalena<\/strong> vino a este mundo para destruir la ilusi\u00f3n junto a Jes\u00fas. En aquellos tiempos tan tradicionales y oscuros, donde las mujeres no ten\u00edan poder, ella vino a <strong>romper con el molde de la mujer tradicional de la \u00e9poca.<\/strong><\/p><p style=\"text-align: left;\">Ella conten\u00eda la llama del <strong>divino femenino<\/strong> en su interior y su esencia era el amor rojo a trav\u00e9s de la energ\u00eda sexual. Jes\u00fas, por su parte, conten\u00eda la llama del divino masculino y su esencia era el amor blanco a trav\u00e9s de la conexi\u00f3n con Dios.<\/p><p style=\"text-align: left;\">Estas dos energ\u00edas representan las polaridades del amor en este reino: cualidades divinas opuestas pero complementarias.<\/p><p style=\"text-align: left;\"><strong>Ambas energ\u00edas son sagradas y necesarias\u2026<\/strong> pero lo que sucedi\u00f3 es que solo el amor blanco fue glorificado, mientras que el amor rojo fue condenado y reprimido.<\/p><p style=\"text-align: left;\">Las mujeres comenzaron a juzgar y reprimir su sexualidad y su naturaleza salvaje y libre, para poder encajar en la estructura masculina de este mundo: y en base a esta identidad crearon su propia imagen.<\/p><p style=\"text-align: left;\">Ahora, Mar\u00eda Magdalena, quiere ayudarte a destruir esa imagen limitada y distorsionada de ti mism@, para que por fin seas libre de poder expresarte desde tu verdad sin m\u00e1scaras, ni juicios, sin verg\u00fcenza ni miedo.<\/p><p style=\"text-align: left;\">\u00bfEst\u00e1s preparad@ para ser libre?<\/p><h4 style=\"text-align: left;\">\u00bfEn qu\u00e9 consiste?<\/h4><p style=\"text-align: left;\"><strong>Mar\u00eda Magdalena<\/strong> te guiar\u00e1 para contemplar el reflejo de la imagen que has creado de ti mism@ y <strong>distinguir la mentira de la verdad<\/strong> para que puedas identificar y comprender tu distracci\u00f3n hacia tu ser superior.<\/p><p style=\"text-align: left;\">A trav\u00e9s de la <strong>pr\u00e1ctica continuada de esta meditaci\u00f3n<\/strong>, comenzar\u00e1s a disolver la imagen ilusoria de ti mism@ que te mantiene prisioner@ en un estado reactivo, para que por fin puedas reconciliarte con tu alma y ser una <strong>expresi\u00f3n de la belleza y la luz de tu ser superior.<\/strong><\/p><h4 style=\"text-align: left;\"><strong>\u00bfPara qui\u00e9n es esta meditaci\u00f3n?<\/strong><\/h4><p style=\"text-align: left;\">Est\u00e1 dise\u00f1ada tanto <strong>para mujeres como para hombres<\/strong> que deseen:<\/p><ul style=\"text-align: left;\"><li>Liberarse de la culpa, la verg\u00fcenza y el juicio sobre su propia imagen.<\/li><li>Identificar y sanar las tendencias de auto sabotaje, de auto cr\u00edtica que les mantienen reducidos a una versi\u00f3n limitada y pobre de s\u00ed mismos.<\/li><li>Romper con las m\u00e1scaras que les mantienen presos de su propia imagen.<\/li><li>Reconciliarse con su alma y convertirse en la expresi\u00f3n de su ser superior aqu\u00ed en la Tierra.<\/li><\/ul><h4 style=\"text-align: left;\"><strong>Beneficios que obtendr\u00e1s con la pr\u00e1ctica continuada de esta meditaci\u00f3n:<\/strong><\/h4><ul><li style=\"text-align: left;\">Te sentir\u00e1s m\u00e1s liger@, libre y feliz.<\/li><li style=\"text-align: left;\">Reemplazar\u00e1s la inseguridad, el miedo y la ansiedad por seguridad en ti mism@ y amor propio.<\/li><li style=\"text-align: left;\">Superar\u00e1s tu resistencia hacia el amor incondicional.<\/li><li style=\"text-align: left;\">Te liberar\u00e1s de la condici\u00f3n de tus juicios, y experimentar\u00e1s e integraras la cualidad de amor incondicional en tu vida.<\/li><li style=\"text-align: left;\">Dejar\u00e1s de ser tu enemig@ y har\u00e1s las paces contigo mism@.<\/li><li style=\"text-align: left;\">Sanar\u00e1s tu relaci\u00f3n con esta experiencia humana para que esta vida se convierta en una bendici\u00f3n y no una carga.<\/li><\/ul><p class=\"\" style=\"text-align: left;\"><span class=\"sqsrte-text-color--accent\"><strong>Price:<\/strong> 44 d\u00f3lares. (OFERTA DE <strong>22 D\u00d3LARES CON EL C\u00d3DIGO 'AMOR50'<\/strong>. S\u00d3LO POR TIEMPO LIMITADO)<\/span><\/p>\n\t\t\t\t\t<\/div>\n\t\t\t\t\t\t<\/div>\n\t\t\t\t<\/div>\n\t\t\t\t<div class=\"elementor-element elementor-element-9bcfeaf elementor-widget elementor-widget-wd_button\" data-id=\"9bcfeaf\" data-element_type=\"widget\" data-e-type=\"widget\" data-widget_type=\"wd_button.default\">\n\t\t\t\t<div class=\"elementor-widget-container\">\n\t\t\t\t\t\t\t<div class=\"wd-button-wrapper text-center\" >\n\t\t\t<a class=\"btn btn-style-default btn-shape-round btn-size-large btn-icon-pos-right\"  href=\"https:\/\/pay.hotmart.com\/D101498067R\">\n\t\t\t\t<span class=\"wd-btn-text\" data-elementor-setting-key=\"text\">\n\t\t\t\t\tCOMPRAR\t\t\t\t<\/span>\n\n\t\t\t\t\t\t\t<\/a>\n\t\t<\/div>\n\t\t\t\t\t\t<\/div>\n\t\t\t\t<\/div>\n\t\t\t\t\t<\/div>\n\t\t<\/div>\n\t\t\t\t\t<\/div>\n\t\t<\/section>\n\t\t\t\t<\/div>","protected":false},"excerpt":{"rendered":"<p>Amor Rojo y Amor Blanco: la v\u00eda hacia tu Ser Superior (meditaci\u00f3n guiada por Mar\u00eda Magdalena) Mar\u00eda Magdalena vino a<\/p>","protected":false},"author":1,"featured_media":0,"parent":0,"menu_order":0,"comment_status":"closed","ping_status":"closed","template":"","meta":{"footnotes":""},"class_list":["post-2132","page","type-page","status-publish","hentry"],"_links":{"self":[{"href":"https:\/\/babaji-center.com\/en\/wp-json\/wp\/v2\/pages\/2132","targetHints":{"allow":["GET"]}}],"collection":[{"href":"https:\/\/babaji-center.com\/en\/wp-json\/wp\/v2\/pages"}],"about":[{"href":"https:\/\/babaji-center.com\/en\/wp-json\/wp\/v2\/types\/page"}],"author":[{"embeddable":true,"href":"https:\/\/babaji-center.com\/en\/wp-json\/wp\/v2\/users\/1"}],"replies":[{"embeddable":true,"href":"https:\/\/babaji-center.com\/en\/wp-json\/wp\/v2\/comments?post=2132"}],"version-history":[{"count":40,"href":"https:\/\/babaji-center.com\/en\/wp-json\/wp\/v2\/pages\/2132\/revisions"}],"predecessor-version":[{"id":2195,"href":"https:\/\/babaji-center.com\/en\/wp-json\/wp\/v2\/pages\/2132\/revisions\/2195"}],"wp:attachment":[{"href":"https:\/\/babaji-center.com\/en\/wp-json\/wp\/v2\/media?parent=2132"}],"curies":[{"name":"wp","href":"https:\/\/api.w.org\/{rel}","templated":true}]}}