{"id":2300,"date":"2025-08-31T20:44:10","date_gmt":"2025-08-31T18:44:10","guid":{"rendered":"https:\/\/babaji-center.com\/?page_id=2300"},"modified":"2025-08-31T21:24:01","modified_gmt":"2025-08-31T19:24:01","slug":"grabacion-canalizacion-personal","status":"publish","type":"page","link":"https:\/\/babaji-center.com\/en\/grabacion-canalizacion-personal\/","title":{"rendered":"Grabaci\u00f3n Canalizaci\u00f3n Personal"},"content":{"rendered":"<div data-elementor-type=\"wp-page\" data-elementor-id=\"2300\" class=\"elementor elementor-2300\">\n\t\t\t\t\t\t<section class=\"wd-negative-gap elementor-section elementor-top-section elementor-element elementor-element-e60e28e elementor-section-boxed elementor-section-height-default elementor-section-height-default\" data-id=\"e60e28e\" data-element_type=\"section\" data-e-type=\"section\">\n\t\t\t\t\t\t<div class=\"elementor-container elementor-column-gap-default\">\n\t\t\t\t\t<div class=\"elementor-column elementor-col-100 elementor-top-column elementor-element elementor-element-0e1a3ec\" data-id=\"0e1a3ec\" data-element_type=\"column\" data-e-type=\"column\">\n\t\t\t<div class=\"elementor-widget-wrap elementor-element-populated\">\n\t\t\t\t\t\t<div class=\"elementor-element elementor-element-55c0d2f elementor-widget elementor-widget-wd_image_or_svg\" data-id=\"55c0d2f\" data-element_type=\"widget\" data-e-type=\"widget\" data-widget_type=\"wd_image_or_svg.default\">\n\t\t\t\t<div class=\"elementor-widget-container\">\n\t\t\t\t\t\n\t\t<div class=\"wd-image text-center\">\n\t\t\t\t\t\t\t\t<img fetchpriority=\"high\" decoding=\"async\" width=\"768\" height=\"543\" src=\"https:\/\/babaji-center.com\/wp-content\/uploads\/55-768x543.jpg\" class=\"attachment-medium_large size-medium_large\" alt=\"\" srcset=\"https:\/\/babaji-center.com\/wp-content\/uploads\/55-768x543.jpg 768w, https:\/\/babaji-center.com\/wp-content\/uploads\/55-300x212.jpg 300w, https:\/\/babaji-center.com\/wp-content\/uploads\/55-1024x724.jpg 1024w, https:\/\/babaji-center.com\/wp-content\/uploads\/55-150x106.jpg 150w, https:\/\/babaji-center.com\/wp-content\/uploads\/55-1536x1086.jpg 1536w, https:\/\/babaji-center.com\/wp-content\/uploads\/55-2048x1448.jpg 2048w, https:\/\/babaji-center.com\/wp-content\/uploads\/55-18x12.jpg 18w, https:\/\/babaji-center.com\/wp-content\/uploads\/55-600x424.jpg 600w, https:\/\/babaji-center.com\/wp-content\/uploads\/55-71x50.jpg 71w\" sizes=\"(max-width: 768px) 100vw, 768px\" \/>\t\t\t\t\t<\/div>\n\n\t\t\t\t\t\t<\/div>\n\t\t\t\t<\/div>\n\t\t\t\t\t<\/div>\n\t\t<\/div>\n\t\t\t\t\t<\/div>\n\t\t<\/section>\n\t\t\t\t<section class=\"wd-negative-gap elementor-section elementor-top-section elementor-element elementor-element-b8e3e3c elementor-section-boxed elementor-section-height-default elementor-section-height-default\" data-id=\"b8e3e3c\" data-element_type=\"section\" data-e-type=\"section\">\n\t\t\t\t\t\t<div class=\"elementor-container elementor-column-gap-wide\">\n\t\t\t\t\t<div class=\"elementor-column elementor-col-100 elementor-top-column elementor-element elementor-element-2954dd4\" data-id=\"2954dd4\" data-element_type=\"column\" data-e-type=\"column\">\n\t\t\t<div class=\"elementor-widget-wrap elementor-element-populated\">\n\t\t\t\t\t\t<div class=\"elementor-element elementor-element-b068af0 elementor-widget elementor-widget-heading\" data-id=\"b068af0\" data-element_type=\"widget\" data-e-type=\"widget\" data-widget_type=\"heading.default\">\n\t\t\t\t<div class=\"elementor-widget-container\">\n\t\t\t\t\t<h1 class=\"elementor-heading-title elementor-size-xl\"><h3 data-pm-slice=\"1 1 []\">Grabaci\u00f3n Canalizaci\u00f3n Personal<\/h3><\/h1>\t\t\t\t<\/div>\n\t\t\t\t<\/div>\n\t\t\t\t<div class=\"elementor-element elementor-element-1b5946a elementor-widget elementor-widget-wd_text_block\" data-id=\"1b5946a\" data-element_type=\"widget\" data-e-type=\"widget\" data-widget_type=\"wd_text_block.default\">\n\t\t\t\t<div class=\"elementor-widget-container\">\n\t\t\t\t\t\t\t<div class=\"wd-text-block reset-last-child text-center\">\n\t\t\t\n\t\t\t<p>Esta opci\u00f3n te permite recibir una <strong>grabaci\u00f3n de v\u00eddeo\/audio de una canalizaci\u00f3n personal exclusiva<\/strong> para ti de un Maestro Ascendido, tus gu\u00edas, tu familia estelar, un ser querido fallecido o incluso tu propia alma.<\/p><p>Puedes elegir si quieres recibir un mensaje de un esp\u00edritu\/gu\u00eda espec\u00edfico o si simplemente prefieres dejarte sorprender y permitir que Sascha canalice a la energ\u00eda que desee expresarse para transmitirte el mensaje que necesitas escuchar en este momento.<\/p><p>Estas canalizaciones suelen durar <strong>entre 15 y 30 minutos.<\/strong> Una vez recibamos tu reserva, nos pondremos en contacto contigo para preguntarte sobre tus preferencias y procederemos a realizar la<strong> canalizaci\u00f3n.<\/strong><\/p><p>En cuanto la grabemos, te enviaremos el video\/audio a tu correo electr\u00f3nico \/ Whatsapp.<\/p><p>Todas las sesiones cuentan con la traducci\u00f3n simult\u00e1nea de Mar\u00eda.<\/p><p><strong>Time:<\/strong> Video\/Audio de aproximadamente 15 \/ 30 minutos.<br \/><strong>Price:<\/strong> 88 $<\/p><p class=\"\">\u00a0<\/p>\n\t\t\t\t\t<\/div>\n\t\t\t\t\t\t<\/div>\n\t\t\t\t<\/div>\n\t\t\t\t<div class=\"elementor-element elementor-element-9bcfeaf elementor-widget elementor-widget-wd_button\" data-id=\"9bcfeaf\" data-element_type=\"widget\" data-e-type=\"widget\" data-widget_type=\"wd_button.default\">\n\t\t\t\t<div class=\"elementor-widget-container\">\n\t\t\t\t\t\t\t<div class=\"wd-button-wrapper text-center\" >\n\t\t\t<a class=\"btn btn-style-default btn-shape-round btn-size-large btn-icon-pos-right\"  href=\"https:\/\/babaji-center.com\/producto\/grabacion-canalizacion-personal\/\">\n\t\t\t\t<span class=\"wd-btn-text\" data-elementor-setting-key=\"text\">\n\t\t\t\t\tBOOK SESSION\t\t\t\t<\/span>\n\n\t\t\t\t\t\t\t<\/a>\n\t\t<\/div>\n\t\t\t\t\t\t<\/div>\n\t\t\t\t<\/div>\n\t\t\t\t\t<\/div>\n\t\t<\/div>\n\t\t\t\t\t<\/div>\n\t\t<\/section>\n\t\t\t\t<\/div>","protected":false},"excerpt":{"rendered":"<p>Grabaci\u00f3n Canalizaci\u00f3n Personal Esta opci\u00f3n te permite recibir una grabaci\u00f3n de v\u00eddeo\/audio de una canalizaci\u00f3n personal exclusiva para ti de<\/p>","protected":false},"author":1,"featured_media":0,"parent":0,"menu_order":0,"comment_status":"closed","ping_status":"closed","template":"","meta":{"footnotes":""},"class_list":["post-2300","page","type-page","status-publish","hentry"],"_links":{"self":[{"href":"https:\/\/babaji-center.com\/en\/wp-json\/wp\/v2\/pages\/2300","targetHints":{"allow":["GET"]}}],"collection":[{"href":"https:\/\/babaji-center.com\/en\/wp-json\/wp\/v2\/pages"}],"about":[{"href":"https:\/\/babaji-center.com\/en\/wp-json\/wp\/v2\/types\/page"}],"author":[{"embeddable":true,"href":"https:\/\/babaji-center.com\/en\/wp-json\/wp\/v2\/users\/1"}],"replies":[{"embeddable":true,"href":"https:\/\/babaji-center.com\/en\/wp-json\/wp\/v2\/comments?post=2300"}],"version-history":[{"count":10,"href":"https:\/\/babaji-center.com\/en\/wp-json\/wp\/v2\/pages\/2300\/revisions"}],"predecessor-version":[{"id":2330,"href":"https:\/\/babaji-center.com\/en\/wp-json\/wp\/v2\/pages\/2300\/revisions\/2330"}],"wp:attachment":[{"href":"https:\/\/babaji-center.com\/en\/wp-json\/wp\/v2\/media?parent=2300"}],"curies":[{"name":"wp","href":"https:\/\/api.w.org\/{rel}","templated":true}]}}