{"id":2352,"date":"2025-08-31T22:13:08","date_gmt":"2025-08-31T20:13:08","guid":{"rendered":"https:\/\/babaji-center.com\/?page_id=2352"},"modified":"2026-03-10T21:51:28","modified_gmt":"2026-03-10T20:51:28","slug":"sesion-privada","status":"publish","type":"page","link":"https:\/\/babaji-center.com\/en\/sesion-privada\/","title":{"rendered":"Sesi\u00f3n privada"},"content":{"rendered":"<div data-elementor-type=\"wp-page\" data-elementor-id=\"2352\" class=\"elementor elementor-2352\">\n\t\t\t\t\t\t<section class=\"wd-negative-gap elementor-section elementor-top-section elementor-element elementor-element-e60e28e elementor-section-boxed elementor-section-height-default elementor-section-height-default\" data-id=\"e60e28e\" data-element_type=\"section\" data-e-type=\"section\">\n\t\t\t\t\t\t<div class=\"elementor-container elementor-column-gap-default\">\n\t\t\t\t\t<div class=\"elementor-column elementor-col-100 elementor-top-column elementor-element elementor-element-0e1a3ec\" data-id=\"0e1a3ec\" data-element_type=\"column\" data-e-type=\"column\">\n\t\t\t<div class=\"elementor-widget-wrap\">\n\t\t\t\t\t\t\t<\/div>\n\t\t<\/div>\n\t\t\t\t\t<\/div>\n\t\t<\/section>\n\t\t\t\t<section class=\"wd-negative-gap elementor-section elementor-top-section elementor-element elementor-element-b8e3e3c elementor-section-boxed elementor-section-height-default elementor-section-height-default\" data-id=\"b8e3e3c\" data-element_type=\"section\" data-e-type=\"section\">\n\t\t\t\t\t\t<div class=\"elementor-container elementor-column-gap-wide\">\n\t\t\t\t\t<div class=\"elementor-column elementor-col-100 elementor-top-column elementor-element elementor-element-2954dd4\" data-id=\"2954dd4\" data-element_type=\"column\" data-e-type=\"column\">\n\t\t\t<div class=\"elementor-widget-wrap elementor-element-populated\">\n\t\t\t\t\t\t<div class=\"elementor-element elementor-element-b068af0 elementor-widget elementor-widget-heading\" data-id=\"b068af0\" data-element_type=\"widget\" data-e-type=\"widget\" data-widget_type=\"heading.default\">\n\t\t\t\t<div class=\"elementor-widget-container\">\n\t\t\t\t\t<h1 class=\"elementor-heading-title elementor-size-xl\"><h3 data-pm-slice=\"1 1 []\">SESI\u00d3N PRIVADA<\/h3><\/h1>\t\t\t\t<\/div>\n\t\t\t\t<\/div>\n\t\t\t\t<div class=\"elementor-element elementor-element-55c0d2f elementor-widget elementor-widget-wd_image_or_svg\" data-id=\"55c0d2f\" data-element_type=\"widget\" data-e-type=\"widget\" data-widget_type=\"wd_image_or_svg.default\">\n\t\t\t\t<div class=\"elementor-widget-container\">\n\t\t\t\t\t\n\t\t<div class=\"wd-image text-center\">\n\t\t\t\t\t\t\t\t<img fetchpriority=\"high\" decoding=\"async\" width=\"768\" height=\"543\" src=\"https:\/\/babaji-center.com\/wp-content\/uploads\/canalizacion-ok-768x543.jpg\" class=\"attachment-medium_large size-medium_large\" alt=\"\" srcset=\"https:\/\/babaji-center.com\/wp-content\/uploads\/canalizacion-ok-768x543.jpg 768w, https:\/\/babaji-center.com\/wp-content\/uploads\/canalizacion-ok-300x212.jpg 300w, https:\/\/babaji-center.com\/wp-content\/uploads\/canalizacion-ok-1024x724.jpg 1024w, https:\/\/babaji-center.com\/wp-content\/uploads\/canalizacion-ok-150x106.jpg 150w, https:\/\/babaji-center.com\/wp-content\/uploads\/canalizacion-ok-1536x1086.jpg 1536w, https:\/\/babaji-center.com\/wp-content\/uploads\/canalizacion-ok-2048x1448.jpg 2048w, https:\/\/babaji-center.com\/wp-content\/uploads\/canalizacion-ok-18x12.jpg 18w, https:\/\/babaji-center.com\/wp-content\/uploads\/canalizacion-ok-600x424.jpg 600w, https:\/\/babaji-center.com\/wp-content\/uploads\/canalizacion-ok-71x50.jpg 71w\" sizes=\"(max-width: 768px) 100vw, 768px\" \/>\t\t\t\t\t<\/div>\n\n\t\t\t\t\t\t<\/div>\n\t\t\t\t<\/div>\n\t\t\t\t<div class=\"elementor-element elementor-element-1b5946a elementor-widget elementor-widget-wd_text_block\" data-id=\"1b5946a\" data-element_type=\"widget\" data-e-type=\"widget\" data-widget_type=\"wd_text_block.default\">\n\t\t\t\t<div class=\"elementor-widget-container\">\n\t\t\t\t\t\t\t<div class=\"wd-text-block reset-last-child text-center\">\n\t\t\t\n\t\t\t<p>Hay momentos en los que sientes que algo te frena, aunque no siempre sepas ponerle nombre. Un <strong>bloqueo, una energ\u00eda densa, una impronta del pasado o una carga emocional<\/strong> pueden estar impidi\u00e9ndote vivir con plenitud, claridad y conexi\u00f3n.<\/p><p>En una <strong>Sesi\u00f3n Privada<\/strong>, Sascha trabaja contigo de forma profundamente personalizada para identificar el origen de aquello que hoy limita tu bienestar y ayudarte a transformarlo.<\/p><p>Cada sesi\u00f3n es \u00fanica, porque <strong>ninguna persona, ninguna energ\u00eda y ninguna historia son iguales.<\/strong> Sascha conectar\u00e1 directamente con tu situaci\u00f3n y con tu campo energ\u00e9tico para aplicar exactamente lo que necesitas en este momento. Seg\u00fan el caso, podr\u00e1 abordar la sesi\u00f3n a trav\u00e9s de una s<strong>anaci\u00f3n<\/strong>, la <strong>canalizaci\u00f3n de un Maestro Ascendido<\/strong> o la combinaci\u00f3n de <strong>distintas herramientas<\/strong> orientadas a facilitar una resoluci\u00f3n real y profunda.<\/p><p>No se trata de seguir un protocolo cerrado, sino de abrir un <strong>espacio seguro, guiado y consciente<\/strong> en el que recibir\u00e1s el acompa\u00f1amiento necesario para liberar lo que te bloquea y volver a ti.<\/p><p>Si sientes que <strong>ha llegado el momento de soltar<\/strong>, comprender y avanzar, esta sesi\u00f3n puede ser el <strong>punto de inflexi\u00f3n<\/strong> que necesitas.<\/p><h4><strong>BENEFICIOS DE ESTA SESI\u00d3N:<\/strong><\/h4><p>\u2728 <strong>Liberaci\u00f3n de patrones, tendencias y energ\u00edas<\/strong> que te mantienen atrapad@ en una versi\u00f3n limitada de ti mism@.<br \/>\u2728 Mayor<strong> equilibrio emocional<\/strong><br \/>\u2728 <strong>Descarga de estr\u00e9s<\/strong> en el sistema nervioso<br \/>\u2728 <strong>Mayor consciencia<\/strong> y presencia<br \/>\u2728 <strong>Equilibrio mental<\/strong><br \/>\u2728 <strong>Menos ansiedad<\/strong><br \/>\u2728 Mayor <strong>confianza<\/strong> en la vida<br \/>\u2728 Mayor nivel de <strong>consciencia<\/strong><br \/>\u2728 <strong>Conexi\u00f3n<\/strong> a tierra y prosperidad<\/p><p>Todas las sesiones cuentan con la traducci\u00f3n simult\u00e1nea de Mar\u00eda.<\/p><p><strong>C\u00f3mo<\/strong>: Videollamada v\u00eda Zoom \/Whatsapp<\/p><p class=\"\"><span class=\"sqsrte-text-color--accent\"><strong>Time:<\/strong> Dos horas \/ Dos horas y media.<\/span><\/p><p class=\"\"><span class=\"sqsrte-text-color--accent\"><strong>Price:<\/strong> 288 d\u00f3lares.<\/span><\/p>\n\t\t\t\t\t<\/div>\n\t\t\t\t\t\t<\/div>\n\t\t\t\t<\/div>\n\t\t\t\t<div class=\"elementor-element elementor-element-9bcfeaf elementor-widget elementor-widget-wd_button\" data-id=\"9bcfeaf\" data-element_type=\"widget\" data-e-type=\"widget\" data-widget_type=\"wd_button.default\">\n\t\t\t\t<div class=\"elementor-widget-container\">\n\t\t\t\t\t\t\t<div class=\"wd-button-wrapper text-center\" >\n\t\t\t<a class=\"btn btn-style-default btn-shape-round btn-size-large btn-icon-pos-right\"  href=\"https:\/\/babaji-center.com\/producto\/sesionprivada\/\">\n\t\t\t\t<span class=\"wd-btn-text\" data-elementor-setting-key=\"text\">\n\t\t\t\t\tBOOK SESSION\t\t\t\t<\/span>\n\n\t\t\t\t\t\t\t<\/a>\n\t\t<\/div>\n\t\t\t\t\t\t<\/div>\n\t\t\t\t<\/div>\n\t\t\t\t\t<\/div>\n\t\t<\/div>\n\t\t\t\t\t<\/div>\n\t\t<\/section>\n\t\t\t\t<\/div>","protected":false},"excerpt":{"rendered":"<p>SESI\u00d3N PRIVADA Hay momentos en los que sientes que algo te frena, aunque no siempre sepas ponerle nombre. Un bloqueo,<\/p>","protected":false},"author":1,"featured_media":0,"parent":0,"menu_order":0,"comment_status":"closed","ping_status":"closed","template":"","meta":{"footnotes":""},"class_list":["post-2352","page","type-page","status-publish","hentry"],"_links":{"self":[{"href":"https:\/\/babaji-center.com\/en\/wp-json\/wp\/v2\/pages\/2352","targetHints":{"allow":["GET"]}}],"collection":[{"href":"https:\/\/babaji-center.com\/en\/wp-json\/wp\/v2\/pages"}],"about":[{"href":"https:\/\/babaji-center.com\/en\/wp-json\/wp\/v2\/types\/page"}],"author":[{"embeddable":true,"href":"https:\/\/babaji-center.com\/en\/wp-json\/wp\/v2\/users\/1"}],"replies":[{"embeddable":true,"href":"https:\/\/babaji-center.com\/en\/wp-json\/wp\/v2\/comments?post=2352"}],"version-history":[{"count":17,"href":"https:\/\/babaji-center.com\/en\/wp-json\/wp\/v2\/pages\/2352\/revisions"}],"predecessor-version":[{"id":3412,"href":"https:\/\/babaji-center.com\/en\/wp-json\/wp\/v2\/pages\/2352\/revisions\/3412"}],"wp:attachment":[{"href":"https:\/\/babaji-center.com\/en\/wp-json\/wp\/v2\/media?parent=2352"}],"curies":[{"name":"wp","href":"https:\/\/api.w.org\/{rel}","templated":true}]}}