{"id":2428,"date":"2025-09-02T01:07:29","date_gmt":"2025-09-01T23:07:29","guid":{"rendered":"https:\/\/babaji-center.com\/?page_id=2428"},"modified":"2025-09-02T02:07:08","modified_gmt":"2025-09-02T00:07:08","slug":"sascha","status":"publish","type":"page","link":"https:\/\/babaji-center.com\/en\/sascha\/","title":{"rendered":"Sascha"},"content":{"rendered":"<div data-elementor-type=\"wp-page\" data-elementor-id=\"2428\" class=\"elementor elementor-2428\">\n\t\t\t\t\t\t<section class=\"wd-negative-gap elementor-section elementor-top-section elementor-element elementor-element-bf470b3 elementor-section-boxed elementor-section-height-default elementor-section-height-default\" data-id=\"bf470b3\" data-element_type=\"section\" data-e-type=\"section\">\n\t\t\t\t\t\t<div class=\"elementor-container elementor-column-gap-default\">\n\t\t\t\t\t<div class=\"elementor-column elementor-col-100 elementor-top-column elementor-element elementor-element-a8db4fe\" data-id=\"a8db4fe\" data-element_type=\"column\" data-e-type=\"column\" data-settings=\"{&quot;background_background&quot;:&quot;classic&quot;}\">\n\t\t\t<div class=\"elementor-widget-wrap elementor-element-populated\">\n\t\t\t\t\t\t<div class=\"elementor-element elementor-element-65e6b15 wd-width-100 elementor-widget elementor-widget-wd_title\" data-id=\"65e6b15\" data-element_type=\"widget\" data-e-type=\"widget\" data-widget_type=\"wd_title.default\">\n\t\t\t\t<div class=\"elementor-widget-container\">\n\t\t\t\t\t\t\t<div class=\"title-wrapper wd-set-mb reset-last-child wd-title-color-white wd-title-style-shadow wd-title-size-large text-center\">\n\n\t\t\t\n\t\t\t<div class=\"liner-continer\">\n\t\t\t\t<h4 class=\"woodmart-title-container title wd-fontsize-xxl\">SASCHA<\/h4> \n\t\t\t\t\t\t\t<\/div>\n\n\t\t\t\t\t<\/div>\n\t\t\t\t\t\t<\/div>\n\t\t\t\t<\/div>\n\t\t\t\t\t<\/div>\n\t\t<\/div>\n\t\t\t\t\t<\/div>\n\t\t<\/section>\n\t\t\t\t<section class=\"wd-negative-gap elementor-section elementor-top-section elementor-element elementor-element-4045526 elementor-section-boxed elementor-section-height-default elementor-section-height-default\" data-id=\"4045526\" data-element_type=\"section\" data-e-type=\"section\">\n\t\t\t\t\t\t<div class=\"elementor-container elementor-column-gap-default\">\n\t\t\t\t\t<div class=\"elementor-column elementor-col-50 elementor-top-column elementor-element elementor-element-fd2d199\" data-id=\"fd2d199\" data-element_type=\"column\" data-e-type=\"column\">\n\t\t\t<div class=\"elementor-widget-wrap elementor-element-populated\">\n\t\t\t\t\t\t<div class=\"elementor-element elementor-element-603f7a1 elementor-widget elementor-widget-spacer\" data-id=\"603f7a1\" data-element_type=\"widget\" data-e-type=\"widget\" data-widget_type=\"spacer.default\">\n\t\t\t\t<div class=\"elementor-widget-container\">\n\t\t\t\t\t\t\t<div class=\"elementor-spacer\">\n\t\t\t<div class=\"elementor-spacer-inner\"><\/div>\n\t\t<\/div>\n\t\t\t\t\t\t<\/div>\n\t\t\t\t<\/div>\n\t\t\t\t<div class=\"elementor-element elementor-element-b068af0 elementor-widget elementor-widget-heading\" data-id=\"b068af0\" data-element_type=\"widget\" data-e-type=\"widget\" data-widget_type=\"heading.default\">\n\t\t\t\t<div class=\"elementor-widget-container\">\n\t\t\t\t\t<h1 class=\"elementor-heading-title elementor-size-xl\"><h3 data-pm-slice=\"1 1 []\">UNA INFANCIA DIF\u00cdCIL<\/h3><\/h1>\t\t\t\t<\/div>\n\t\t\t\t<\/div>\n\t\t\t\t<div class=\"elementor-element elementor-element-1b5946a elementor-widget elementor-widget-wd_text_block\" data-id=\"1b5946a\" data-element_type=\"widget\" data-e-type=\"widget\" data-widget_type=\"wd_text_block.default\">\n\t\t\t\t<div class=\"elementor-widget-container\">\n\t\t\t\t\t\t\t<div class=\"wd-text-block reset-last-child text-center\">\n\t\t\t\n\t\t\t<p style=\"text-align: left;\">Sascha naci\u00f3 en Alemania en 1977. Perdi\u00f3 a su padre cuando ten\u00eda un a\u00f1o y tuvo una infancia muy solitaria, depresiva y neur\u00f3tica.<\/p><p style=\"text-align: left;\">Siempre sinti\u00f3 una profunda conexi\u00f3n con Dios y el Universo, y recibi\u00f3 mucho apoyo y gu\u00eda espiritual.<br \/>Su nombre espiritual, \u201cSada Anand\u201d o \u201cSananda\u201d, que significa \u201cdicha eterna\u201d, representa la cualidad con la que naci\u00f3, pero tambi\u00e9n su principal reto, el cual deb\u00eda superar.<\/p><p style=\"text-align: left;\">\u00a0<\/p>\n\t\t\t\t\t<\/div>\n\t\t\t\t\t\t<\/div>\n\t\t\t\t<\/div>\n\t\t\t\t\t<\/div>\n\t\t<\/div>\n\t\t\t\t<div class=\"elementor-column elementor-col-50 elementor-top-column elementor-element elementor-element-adace2e\" data-id=\"adace2e\" data-element_type=\"column\" data-e-type=\"column\">\n\t\t\t<div class=\"elementor-widget-wrap elementor-element-populated\">\n\t\t\t\t\t\t<div class=\"elementor-element elementor-element-2afeb0b elementor-widget elementor-widget-wd_image_or_svg\" data-id=\"2afeb0b\" data-element_type=\"widget\" data-e-type=\"widget\" data-widget_type=\"wd_image_or_svg.default\">\n\t\t\t\t<div class=\"elementor-widget-container\">\n\t\t\t\t\t\n\t\t<div class=\"wd-image text-center\">\n\t\t\t\t\t\t\t\t<img fetchpriority=\"high\" decoding=\"async\" width=\"768\" height=\"768\" src=\"https:\/\/babaji-center.com\/wp-content\/uploads\/Beige-Neutral-Aesthetic-Photo-Frame-Instagram-Post-1-768x768.jpg\" class=\"attachment-medium_large size-medium_large\" alt=\"\" srcset=\"https:\/\/babaji-center.com\/wp-content\/uploads\/Beige-Neutral-Aesthetic-Photo-Frame-Instagram-Post-1-768x768.jpg 768w, https:\/\/babaji-center.com\/wp-content\/uploads\/Beige-Neutral-Aesthetic-Photo-Frame-Instagram-Post-1-300x300.jpg 300w, https:\/\/babaji-center.com\/wp-content\/uploads\/Beige-Neutral-Aesthetic-Photo-Frame-Instagram-Post-1-1024x1024.jpg 1024w, https:\/\/babaji-center.com\/wp-content\/uploads\/Beige-Neutral-Aesthetic-Photo-Frame-Instagram-Post-1-150x150.jpg 150w, https:\/\/babaji-center.com\/wp-content\/uploads\/Beige-Neutral-Aesthetic-Photo-Frame-Instagram-Post-1-12x12.jpg 12w, https:\/\/babaji-center.com\/wp-content\/uploads\/Beige-Neutral-Aesthetic-Photo-Frame-Instagram-Post-1-600x600.jpg 600w, https:\/\/babaji-center.com\/wp-content\/uploads\/Beige-Neutral-Aesthetic-Photo-Frame-Instagram-Post-1-50x50.jpg 50w, https:\/\/babaji-center.com\/wp-content\/uploads\/Beige-Neutral-Aesthetic-Photo-Frame-Instagram-Post-1.jpg 1080w\" sizes=\"(max-width: 768px) 100vw, 768px\" \/>\t\t\t\t\t<\/div>\n\n\t\t\t\t\t\t<\/div>\n\t\t\t\t<\/div>\n\t\t\t\t\t<\/div>\n\t\t<\/div>\n\t\t\t\t\t<\/div>\n\t\t<\/section>\n\t\t\t\t<section class=\"wd-negative-gap elementor-section elementor-top-section elementor-element elementor-element-3d8934a elementor-section-boxed elementor-section-height-default elementor-section-height-default\" data-id=\"3d8934a\" data-element_type=\"section\" data-e-type=\"section\">\n\t\t\t\t\t\t<div class=\"elementor-container elementor-column-gap-default\">\n\t\t\t\t\t<div class=\"elementor-column elementor-col-50 elementor-top-column elementor-element elementor-element-63dd235\" data-id=\"63dd235\" data-element_type=\"column\" data-e-type=\"column\">\n\t\t\t<div class=\"elementor-widget-wrap elementor-element-populated\">\n\t\t\t\t\t\t<div class=\"elementor-element elementor-element-7eba20a elementor-widget elementor-widget-heading\" data-id=\"7eba20a\" data-element_type=\"widget\" data-e-type=\"widget\" data-widget_type=\"heading.default\">\n\t\t\t\t<div class=\"elementor-widget-container\">\n\t\t\t\t\t<h1 class=\"elementor-heading-title elementor-size-xl\"><h3 data-pm-slice=\"1 1 []\">CUALIDAD DE SANADOR<\/h3><\/h1>\t\t\t\t<\/div>\n\t\t\t\t<\/div>\n\t\t\t\t<div class=\"elementor-element elementor-element-6d02461 elementor-widget elementor-widget-wd_text_block\" data-id=\"6d02461\" data-element_type=\"widget\" data-e-type=\"widget\" data-widget_type=\"wd_text_block.default\">\n\t\t\t\t<div class=\"elementor-widget-container\">\n\t\t\t\t\t\t\t<div class=\"wd-text-block reset-last-child text-center\">\n\t\t\t\n\t\t\t<p style=\"text-align: left;\">Desde muy joven, sinti\u00f3 una gran atracci\u00f3n por el budismo y los temas espirituales, y siempre tuvo una gran sensibilidad y una cualidad innata de sanador, lo que siempre atra\u00eda a quienes acud\u00edan a \u00e9l en busca de consejo y alguien con quien hablar.<\/p><p style=\"text-align: left;\">En 2006, se convirti\u00f3 en profesor de Hatha y Kundalini Yoga. Poco despu\u00e9s, descubri\u00f3 la t\u00e9cnica de Sat Nam Rasayan, basada en la sanaci\u00f3n a trav\u00e9s del poder del silencio. Desde entonces, se convirti\u00f3 en sanador e invirti\u00f3 muchos a\u00f1os en formarse mediante retiros, meditaciones de Japa y una profunda pr\u00e1ctica de meditaci\u00f3n.<\/p>\n\t\t\t\t\t<\/div>\n\t\t\t\t\t\t<\/div>\n\t\t\t\t<\/div>\n\t\t\t\t\t<\/div>\n\t\t<\/div>\n\t\t\t\t<div class=\"elementor-column elementor-col-50 elementor-top-column elementor-element elementor-element-c35e9f8\" data-id=\"c35e9f8\" data-element_type=\"column\" data-e-type=\"column\">\n\t\t\t<div class=\"elementor-widget-wrap elementor-element-populated\">\n\t\t\t\t\t\t<div class=\"elementor-element elementor-element-780d8d3 elementor-widget elementor-widget-wd_image_or_svg\" data-id=\"780d8d3\" data-element_type=\"widget\" data-e-type=\"widget\" data-widget_type=\"wd_image_or_svg.default\">\n\t\t\t\t<div class=\"elementor-widget-container\">\n\t\t\t\t\t\n\t\t<div class=\"wd-image text-center\">\n\t\t\t\t\t\t\t\t<img decoding=\"async\" width=\"300\" height=\"300\" src=\"https:\/\/babaji-center.com\/wp-content\/uploads\/Beige-Neutral-Aesthetic-Photo-Frame-Instagram-Post-3-300x300.jpg\" class=\"attachment-medium size-medium\" alt=\"\" srcset=\"https:\/\/babaji-center.com\/wp-content\/uploads\/Beige-Neutral-Aesthetic-Photo-Frame-Instagram-Post-3-300x300.jpg 300w, https:\/\/babaji-center.com\/wp-content\/uploads\/Beige-Neutral-Aesthetic-Photo-Frame-Instagram-Post-3-1024x1024.jpg 1024w, https:\/\/babaji-center.com\/wp-content\/uploads\/Beige-Neutral-Aesthetic-Photo-Frame-Instagram-Post-3-150x150.jpg 150w, https:\/\/babaji-center.com\/wp-content\/uploads\/Beige-Neutral-Aesthetic-Photo-Frame-Instagram-Post-3-768x768.jpg 768w, https:\/\/babaji-center.com\/wp-content\/uploads\/Beige-Neutral-Aesthetic-Photo-Frame-Instagram-Post-3-12x12.jpg 12w, https:\/\/babaji-center.com\/wp-content\/uploads\/Beige-Neutral-Aesthetic-Photo-Frame-Instagram-Post-3-600x600.jpg 600w, https:\/\/babaji-center.com\/wp-content\/uploads\/Beige-Neutral-Aesthetic-Photo-Frame-Instagram-Post-3-50x50.jpg 50w, https:\/\/babaji-center.com\/wp-content\/uploads\/Beige-Neutral-Aesthetic-Photo-Frame-Instagram-Post-3.jpg 1080w\" sizes=\"(max-width: 300px) 100vw, 300px\" \/>\t\t\t\t\t<\/div>\n\n\t\t\t\t\t\t<\/div>\n\t\t\t\t<\/div>\n\t\t\t\t\t<\/div>\n\t\t<\/div>\n\t\t\t\t\t<\/div>\n\t\t<\/section>\n\t\t\t\t<section class=\"wd-negative-gap elementor-section elementor-top-section elementor-element elementor-element-d064f73 elementor-section-boxed elementor-section-height-default elementor-section-height-default\" data-id=\"d064f73\" data-element_type=\"section\" data-e-type=\"section\">\n\t\t\t\t\t\t<div class=\"elementor-container elementor-column-gap-default\">\n\t\t\t\t\t<div class=\"elementor-column elementor-col-50 elementor-top-column elementor-element elementor-element-4618d87\" data-id=\"4618d87\" data-element_type=\"column\" data-e-type=\"column\">\n\t\t\t<div class=\"elementor-widget-wrap elementor-element-populated\">\n\t\t\t\t\t\t<div class=\"elementor-element elementor-element-bd2ce6a elementor-widget elementor-widget-wd_image_or_svg\" data-id=\"bd2ce6a\" data-element_type=\"widget\" data-e-type=\"widget\" data-widget_type=\"wd_image_or_svg.default\">\n\t\t\t\t<div class=\"elementor-widget-container\">\n\t\t\t\t\t\n\t\t<div class=\"wd-image text-center\">\n\t\t\t\t\t\t\t\t<img decoding=\"async\" width=\"300\" height=\"300\" src=\"https:\/\/babaji-center.com\/wp-content\/uploads\/Beige-Neutral-Aesthetic-Photo-Frame-Instagram-Post-300x300.png\" class=\"attachment-medium size-medium\" alt=\"\" srcset=\"https:\/\/babaji-center.com\/wp-content\/uploads\/Beige-Neutral-Aesthetic-Photo-Frame-Instagram-Post-300x300.png 300w, https:\/\/babaji-center.com\/wp-content\/uploads\/Beige-Neutral-Aesthetic-Photo-Frame-Instagram-Post-1024x1024.png 1024w, https:\/\/babaji-center.com\/wp-content\/uploads\/Beige-Neutral-Aesthetic-Photo-Frame-Instagram-Post-150x150.png 150w, https:\/\/babaji-center.com\/wp-content\/uploads\/Beige-Neutral-Aesthetic-Photo-Frame-Instagram-Post-768x768.png 768w, https:\/\/babaji-center.com\/wp-content\/uploads\/Beige-Neutral-Aesthetic-Photo-Frame-Instagram-Post-12x12.png 12w, https:\/\/babaji-center.com\/wp-content\/uploads\/Beige-Neutral-Aesthetic-Photo-Frame-Instagram-Post-600x600.png 600w, https:\/\/babaji-center.com\/wp-content\/uploads\/Beige-Neutral-Aesthetic-Photo-Frame-Instagram-Post-50x50.png 50w, https:\/\/babaji-center.com\/wp-content\/uploads\/Beige-Neutral-Aesthetic-Photo-Frame-Instagram-Post.png 1080w\" sizes=\"(max-width: 300px) 100vw, 300px\" \/>\t\t\t\t\t<\/div>\n\n\t\t\t\t\t\t<\/div>\n\t\t\t\t<\/div>\n\t\t\t\t\t<\/div>\n\t\t<\/div>\n\t\t\t\t<div class=\"elementor-column elementor-col-50 elementor-top-column elementor-element elementor-element-f7a4723\" data-id=\"f7a4723\" data-element_type=\"column\" data-e-type=\"column\">\n\t\t\t<div class=\"elementor-widget-wrap elementor-element-populated\">\n\t\t\t\t\t\t<div class=\"elementor-element elementor-element-588940c elementor-widget elementor-widget-heading\" data-id=\"588940c\" data-element_type=\"widget\" data-e-type=\"widget\" data-widget_type=\"heading.default\">\n\t\t\t\t<div class=\"elementor-widget-container\">\n\t\t\t\t\t<h1 class=\"elementor-heading-title elementor-size-xl\"><h3 data-pm-slice=\"1 1 []\">COMENZANDO A CANALIZAR<\/h3><\/h1>\t\t\t\t<\/div>\n\t\t\t\t<\/div>\n\t\t\t\t<div class=\"elementor-element elementor-element-51afc69 elementor-widget elementor-widget-wd_text_block\" data-id=\"51afc69\" data-element_type=\"widget\" data-e-type=\"widget\" data-widget_type=\"wd_text_block.default\">\n\t\t\t\t<div class=\"elementor-widget-container\">\n\t\t\t\t\t\t\t<div class=\"wd-text-block reset-last-child text-center\">\n\t\t\t\n\t\t\t<p style=\"text-align: left;\">En 2014, se mud\u00f3 a Espa\u00f1a junto a Mar\u00eda. Pronto comenz\u00f3 a canalizar a los Maestros Ascendidos, quienes perfeccionaron su t\u00e9cnica de sanaci\u00f3n, volvi\u00e9ndola m\u00e1s accesible y poderosa. Desde entonces, su t\u00e9cnica se ha ido transformando y expandiendo, volvi\u00e9ndose cada vez m\u00e1s poderosa a medida que destruye sus propias limitaciones y logra encarnar el poder de su esencia divina.<\/p><p style=\"text-align: left;\">A lo largo de los a\u00f1os, ha desarrollado una profunda pr\u00e1ctica de meditaci\u00f3n que le ha proporcionado una profunda cualidad de silencio y la capacidad de percibir su entorno con gran claridad y precisi\u00f3n. Esto se ha convertido en la base de su trabajo, sus canalizaciones y su vida.<\/p>\n\t\t\t\t\t<\/div>\n\t\t\t\t\t\t<\/div>\n\t\t\t\t<\/div>\n\t\t\t\t\t<\/div>\n\t\t<\/div>\n\t\t\t\t\t<\/div>\n\t\t<\/section>\n\t\t\t\t<section class=\"wd-negative-gap elementor-section elementor-top-section elementor-element elementor-element-aab713f elementor-section-boxed elementor-section-height-default elementor-section-height-default\" data-id=\"aab713f\" data-element_type=\"section\" data-e-type=\"section\">\n\t\t\t\t\t\t<div class=\"elementor-container elementor-column-gap-default\">\n\t\t\t\t\t<div class=\"elementor-column elementor-col-50 elementor-top-column elementor-element elementor-element-2e06f90\" data-id=\"2e06f90\" data-element_type=\"column\" data-e-type=\"column\">\n\t\t\t<div class=\"elementor-widget-wrap elementor-element-populated\">\n\t\t\t\t\t\t<div class=\"elementor-element elementor-element-6442d7d elementor-widget elementor-widget-heading\" data-id=\"6442d7d\" data-element_type=\"widget\" data-e-type=\"widget\" data-widget_type=\"heading.default\">\n\t\t\t\t<div class=\"elementor-widget-container\">\n\t\t\t\t\t<h1 class=\"elementor-heading-title elementor-size-xl\"><h3 data-pm-slice=\"1 1 []\">SANACI\u00d3N MEDITATIVA CONSCIENTE<\/h3><\/h1>\t\t\t\t<\/div>\n\t\t\t\t<\/div>\n\t\t\t\t<div class=\"elementor-element elementor-element-2f10e52 elementor-widget elementor-widget-wd_text_block\" data-id=\"2f10e52\" data-element_type=\"widget\" data-e-type=\"widget\" data-widget_type=\"wd_text_block.default\">\n\t\t\t\t<div class=\"elementor-widget-container\">\n\t\t\t\t\t\t\t<div class=\"wd-text-block reset-last-child text-center\">\n\t\t\t\n\t\t\t<p style=\"text-align: left;\">Sascha se especializa en meditaci\u00f3n y, bas\u00e1ndose en su experiencia, cre\u00f3 una poderosa t\u00e9cnica de sanaci\u00f3n llamada \"Sanaci\u00f3n Meditativa Consciente\", que permite experimentar el espacio sagrado de la meditaci\u00f3n para identificar, liberar y transformar las resistencias personales de tus bloqueos, para que puedas empoderarte y aprender a sanar y equilibrarte a trav\u00e9s del poder de la intenci\u00f3n y el poder del silencio.<\/p><p>\u00a0<\/p><p style=\"text-align: left;\">\"Sanaci\u00f3n Meditativa Consciente\" te permite convertirte en tu propia plataforma de elevaci\u00f3n. Sanar es Sentir.<\/p>\n\t\t\t\t\t<\/div>\n\t\t\t\t\t\t<\/div>\n\t\t\t\t<\/div>\n\t\t\t\t\t<\/div>\n\t\t<\/div>\n\t\t\t\t<div class=\"elementor-column elementor-col-50 elementor-top-column elementor-element elementor-element-0c30a9f\" data-id=\"0c30a9f\" data-element_type=\"column\" data-e-type=\"column\">\n\t\t\t<div class=\"elementor-widget-wrap elementor-element-populated\">\n\t\t\t\t\t\t<div class=\"elementor-element elementor-element-e0d73ca elementor-widget elementor-widget-wd_image_or_svg\" data-id=\"e0d73ca\" data-element_type=\"widget\" data-e-type=\"widget\" data-widget_type=\"wd_image_or_svg.default\">\n\t\t\t\t<div class=\"elementor-widget-container\">\n\t\t\t\t\t\n\t\t<div class=\"wd-image text-center\">\n\t\t\t\t\t\t\t\t<img loading=\"lazy\" decoding=\"async\" width=\"300\" height=\"300\" src=\"https:\/\/babaji-center.com\/wp-content\/uploads\/Beige-Neutral-Aesthetic-Photo-Frame-Instagram-Post-4-300x300.jpg\" class=\"attachment-medium size-medium\" alt=\"\" srcset=\"https:\/\/babaji-center.com\/wp-content\/uploads\/Beige-Neutral-Aesthetic-Photo-Frame-Instagram-Post-4-300x300.jpg 300w, https:\/\/babaji-center.com\/wp-content\/uploads\/Beige-Neutral-Aesthetic-Photo-Frame-Instagram-Post-4-1024x1024.jpg 1024w, https:\/\/babaji-center.com\/wp-content\/uploads\/Beige-Neutral-Aesthetic-Photo-Frame-Instagram-Post-4-150x150.jpg 150w, https:\/\/babaji-center.com\/wp-content\/uploads\/Beige-Neutral-Aesthetic-Photo-Frame-Instagram-Post-4-768x768.jpg 768w, https:\/\/babaji-center.com\/wp-content\/uploads\/Beige-Neutral-Aesthetic-Photo-Frame-Instagram-Post-4-12x12.jpg 12w, https:\/\/babaji-center.com\/wp-content\/uploads\/Beige-Neutral-Aesthetic-Photo-Frame-Instagram-Post-4-600x600.jpg 600w, https:\/\/babaji-center.com\/wp-content\/uploads\/Beige-Neutral-Aesthetic-Photo-Frame-Instagram-Post-4-50x50.jpg 50w, https:\/\/babaji-center.com\/wp-content\/uploads\/Beige-Neutral-Aesthetic-Photo-Frame-Instagram-Post-4.jpg 1080w\" sizes=\"(max-width: 300px) 100vw, 300px\" \/>\t\t\t\t\t<\/div>\n\n\t\t\t\t\t\t<\/div>\n\t\t\t\t<\/div>\n\t\t\t\t\t<\/div>\n\t\t<\/div>\n\t\t\t\t\t<\/div>\n\t\t<\/section>\n\t\t\t\t<\/div>","protected":false},"excerpt":{"rendered":"<p>SASCHA UNA INFANCIA DIF\u00cdCIL Sascha naci\u00f3 en Alemania en 1977. Perdi\u00f3 a su padre cuando ten\u00eda un a\u00f1o y tuvo<\/p>","protected":false},"author":1,"featured_media":0,"parent":0,"menu_order":0,"comment_status":"closed","ping_status":"closed","template":"","meta":{"footnotes":""},"class_list":["post-2428","page","type-page","status-publish","hentry"],"_links":{"self":[{"href":"https:\/\/babaji-center.com\/en\/wp-json\/wp\/v2\/pages\/2428","targetHints":{"allow":["GET"]}}],"collection":[{"href":"https:\/\/babaji-center.com\/en\/wp-json\/wp\/v2\/pages"}],"about":[{"href":"https:\/\/babaji-center.com\/en\/wp-json\/wp\/v2\/types\/page"}],"author":[{"embeddable":true,"href":"https:\/\/babaji-center.com\/en\/wp-json\/wp\/v2\/users\/1"}],"replies":[{"embeddable":true,"href":"https:\/\/babaji-center.com\/en\/wp-json\/wp\/v2\/comments?post=2428"}],"version-history":[{"count":32,"href":"https:\/\/babaji-center.com\/en\/wp-json\/wp\/v2\/pages\/2428\/revisions"}],"predecessor-version":[{"id":2470,"href":"https:\/\/babaji-center.com\/en\/wp-json\/wp\/v2\/pages\/2428\/revisions\/2470"}],"wp:attachment":[{"href":"https:\/\/babaji-center.com\/en\/wp-json\/wp\/v2\/media?parent=2428"}],"curies":[{"name":"wp","href":"https:\/\/api.w.org\/{rel}","templated":true}]}}