{"id":2471,"date":"2025-09-02T02:08:32","date_gmt":"2025-09-02T00:08:32","guid":{"rendered":"https:\/\/babaji-center.com\/?page_id=2471"},"modified":"2025-09-02T02:41:39","modified_gmt":"2025-09-02T00:41:39","slug":"maria","status":"publish","type":"page","link":"https:\/\/babaji-center.com\/en\/maria\/","title":{"rendered":"Mar\u00eda"},"content":{"rendered":"<div data-elementor-type=\"wp-page\" data-elementor-id=\"2471\" class=\"elementor elementor-2471\">\n\t\t\t\t\t\t<section class=\"wd-negative-gap elementor-section elementor-top-section elementor-element elementor-element-bf470b3 elementor-section-boxed elementor-section-height-default elementor-section-height-default\" data-id=\"bf470b3\" data-element_type=\"section\" data-e-type=\"section\">\n\t\t\t\t\t\t<div class=\"elementor-container elementor-column-gap-default\">\n\t\t\t\t\t<div class=\"elementor-column elementor-col-100 elementor-top-column elementor-element elementor-element-a8db4fe\" data-id=\"a8db4fe\" data-element_type=\"column\" data-e-type=\"column\" data-settings=\"{&quot;background_background&quot;:&quot;classic&quot;}\">\n\t\t\t<div class=\"elementor-widget-wrap elementor-element-populated\">\n\t\t\t\t\t\t<div class=\"elementor-element elementor-element-65e6b15 wd-width-100 elementor-widget elementor-widget-wd_title\" data-id=\"65e6b15\" data-element_type=\"widget\" data-e-type=\"widget\" data-widget_type=\"wd_title.default\">\n\t\t\t\t<div class=\"elementor-widget-container\">\n\t\t\t\t\t\t\t<div class=\"title-wrapper wd-set-mb reset-last-child wd-title-color-white wd-title-style-shadow wd-title-size-large text-center\">\n\n\t\t\t\n\t\t\t<div class=\"liner-continer\">\n\t\t\t\t<h4 class=\"woodmart-title-container title wd-fontsize-xxl\">MAR\u00cdA<\/h4> \n\t\t\t\t\t\t\t<\/div>\n\n\t\t\t\t\t<\/div>\n\t\t\t\t\t\t<\/div>\n\t\t\t\t<\/div>\n\t\t\t\t\t<\/div>\n\t\t<\/div>\n\t\t\t\t\t<\/div>\n\t\t<\/section>\n\t\t\t\t<section class=\"wd-negative-gap elementor-section elementor-top-section elementor-element elementor-element-4045526 elementor-section-boxed elementor-section-height-default elementor-section-height-default\" data-id=\"4045526\" data-element_type=\"section\" data-e-type=\"section\">\n\t\t\t\t\t\t<div class=\"elementor-container elementor-column-gap-default\">\n\t\t\t\t\t<div class=\"elementor-column elementor-col-50 elementor-top-column elementor-element elementor-element-fd2d199\" data-id=\"fd2d199\" data-element_type=\"column\" data-e-type=\"column\">\n\t\t\t<div class=\"elementor-widget-wrap elementor-element-populated\">\n\t\t\t\t\t\t<div class=\"elementor-element elementor-element-603f7a1 elementor-widget elementor-widget-spacer\" data-id=\"603f7a1\" data-element_type=\"widget\" data-e-type=\"widget\" data-widget_type=\"spacer.default\">\n\t\t\t\t<div class=\"elementor-widget-container\">\n\t\t\t\t\t\t\t<div class=\"elementor-spacer\">\n\t\t\t<div class=\"elementor-spacer-inner\"><\/div>\n\t\t<\/div>\n\t\t\t\t\t\t<\/div>\n\t\t\t\t<\/div>\n\t\t\t\t<div class=\"elementor-element elementor-element-b068af0 elementor-widget elementor-widget-heading\" data-id=\"b068af0\" data-element_type=\"widget\" data-e-type=\"widget\" data-widget_type=\"heading.default\">\n\t\t\t\t<div class=\"elementor-widget-container\">\n\t\t\t\t\t<h1 class=\"elementor-heading-title elementor-size-xl\"><h3 data-pm-slice=\"1 1 []\">BUSCANDO UNA CONEXI\u00d3N AUT\u00c9NTICA<\/h3><\/h1>\t\t\t\t<\/div>\n\t\t\t\t<\/div>\n\t\t\t\t<div class=\"elementor-element elementor-element-1b5946a elementor-widget elementor-widget-wd_text_block\" data-id=\"1b5946a\" data-element_type=\"widget\" data-e-type=\"widget\" data-widget_type=\"wd_text_block.default\">\n\t\t\t\t<div class=\"elementor-widget-container\">\n\t\t\t\t\t\t\t<div class=\"wd-text-block reset-last-child text-center\">\n\t\t\t\n\t\t\t<p style=\"text-align: left;\">Mar\u00eda naci\u00f3 en Espa\u00f1a en 1982.<br \/>En su infancia, experiment\u00f3 la ausencia total de amor y creci\u00f3 en un estado de total desconexi\u00f3n y aislamiento. Esa impronta la impuls\u00f3 a buscar una conexi\u00f3n a trav\u00e9s del alcohol y las drogas en su adolescencia.<\/p><p style=\"text-align: left;\">\u00a0<\/p>\n\t\t\t\t\t<\/div>\n\t\t\t\t\t\t<\/div>\n\t\t\t\t<\/div>\n\t\t\t\t\t<\/div>\n\t\t<\/div>\n\t\t\t\t<div class=\"elementor-column elementor-col-50 elementor-top-column elementor-element elementor-element-adace2e\" data-id=\"adace2e\" data-element_type=\"column\" data-e-type=\"column\">\n\t\t\t<div class=\"elementor-widget-wrap elementor-element-populated\">\n\t\t\t\t\t\t<div class=\"elementor-element elementor-element-2afeb0b elementor-widget elementor-widget-wd_image_or_svg\" data-id=\"2afeb0b\" data-element_type=\"widget\" data-e-type=\"widget\" data-widget_type=\"wd_image_or_svg.default\">\n\t\t\t\t<div class=\"elementor-widget-container\">\n\t\t\t\t\t\n\t\t<div class=\"wd-image text-center\">\n\t\t\t\t\t\t\t\t<img fetchpriority=\"high\" decoding=\"async\" width=\"768\" height=\"768\" src=\"https:\/\/babaji-center.com\/wp-content\/uploads\/Beige-Neutral-Aesthetic-Photo-Frame-Instagram-Post-5-768x768.jpg\" class=\"attachment-medium_large size-medium_large\" alt=\"\" srcset=\"https:\/\/babaji-center.com\/wp-content\/uploads\/Beige-Neutral-Aesthetic-Photo-Frame-Instagram-Post-5-768x768.jpg 768w, https:\/\/babaji-center.com\/wp-content\/uploads\/Beige-Neutral-Aesthetic-Photo-Frame-Instagram-Post-5-300x300.jpg 300w, https:\/\/babaji-center.com\/wp-content\/uploads\/Beige-Neutral-Aesthetic-Photo-Frame-Instagram-Post-5-1024x1024.jpg 1024w, https:\/\/babaji-center.com\/wp-content\/uploads\/Beige-Neutral-Aesthetic-Photo-Frame-Instagram-Post-5-150x150.jpg 150w, https:\/\/babaji-center.com\/wp-content\/uploads\/Beige-Neutral-Aesthetic-Photo-Frame-Instagram-Post-5-12x12.jpg 12w, https:\/\/babaji-center.com\/wp-content\/uploads\/Beige-Neutral-Aesthetic-Photo-Frame-Instagram-Post-5-600x600.jpg 600w, https:\/\/babaji-center.com\/wp-content\/uploads\/Beige-Neutral-Aesthetic-Photo-Frame-Instagram-Post-5-50x50.jpg 50w, https:\/\/babaji-center.com\/wp-content\/uploads\/Beige-Neutral-Aesthetic-Photo-Frame-Instagram-Post-5.jpg 1080w\" sizes=\"(max-width: 768px) 100vw, 768px\" \/>\t\t\t\t\t<\/div>\n\n\t\t\t\t\t\t<\/div>\n\t\t\t\t<\/div>\n\t\t\t\t\t<\/div>\n\t\t<\/div>\n\t\t\t\t\t<\/div>\n\t\t<\/section>\n\t\t\t\t<section class=\"wd-negative-gap elementor-section elementor-top-section elementor-element elementor-element-3d8934a elementor-section-boxed elementor-section-height-default elementor-section-height-default\" data-id=\"3d8934a\" data-element_type=\"section\" data-e-type=\"section\">\n\t\t\t\t\t\t<div class=\"elementor-container elementor-column-gap-default\">\n\t\t\t\t\t<div class=\"elementor-column elementor-col-50 elementor-top-column elementor-element elementor-element-63dd235\" data-id=\"63dd235\" data-element_type=\"column\" data-e-type=\"column\">\n\t\t\t<div class=\"elementor-widget-wrap elementor-element-populated\">\n\t\t\t\t\t\t<div class=\"elementor-element elementor-element-7eba20a elementor-widget elementor-widget-heading\" data-id=\"7eba20a\" data-element_type=\"widget\" data-e-type=\"widget\" data-widget_type=\"heading.default\">\n\t\t\t\t<div class=\"elementor-widget-container\">\n\t\t\t\t\t<h1 class=\"elementor-heading-title elementor-size-xl\"><h3 data-pm-slice=\"1 1 []\">MOMENTO DE DESPERTAR<\/h3><\/h1>\t\t\t\t<\/div>\n\t\t\t\t<\/div>\n\t\t\t\t<div class=\"elementor-element elementor-element-6d02461 elementor-widget elementor-widget-wd_text_block\" data-id=\"6d02461\" data-element_type=\"widget\" data-e-type=\"widget\" data-widget_type=\"wd_text_block.default\">\n\t\t\t\t<div class=\"elementor-widget-container\">\n\t\t\t\t\t\t\t<div class=\"wd-text-block reset-last-child text-center\">\n\t\t\t\n\t\t\t<p style=\"text-align: left;\">En 2006, Mar\u00eda experiment\u00f3 un despertar que la conect\u00f3 profundamente con la naturaleza y obtuvo una visi\u00f3n espiritual que le brind\u00f3 una nueva y profunda perspectiva de la vida. Desde entonces, comenz\u00f3 a buscar a trav\u00e9s de la pr\u00e1ctica de diferentes t\u00e9cnicas de sanaci\u00f3n y yoga, y la naturaleza se convirti\u00f3 en su inspiraci\u00f3n en su trabajo y su vida.<br \/>Se form\u00f3 como profesora de kundalini yoga y sanadora de Sat Nam Rasayan y de reiki. La pr\u00e1ctica de meditaciones de kundalini yoga ha estado siempre presente en su vida desde entonces.<\/p>\n\t\t\t\t\t<\/div>\n\t\t\t\t\t\t<\/div>\n\t\t\t\t<\/div>\n\t\t\t\t\t<\/div>\n\t\t<\/div>\n\t\t\t\t<div class=\"elementor-column elementor-col-50 elementor-top-column elementor-element elementor-element-c35e9f8\" data-id=\"c35e9f8\" data-element_type=\"column\" data-e-type=\"column\">\n\t\t\t<div class=\"elementor-widget-wrap elementor-element-populated\">\n\t\t\t\t\t\t<div class=\"elementor-element elementor-element-780d8d3 elementor-widget elementor-widget-wd_image_or_svg\" data-id=\"780d8d3\" data-element_type=\"widget\" data-e-type=\"widget\" data-widget_type=\"wd_image_or_svg.default\">\n\t\t\t\t<div class=\"elementor-widget-container\">\n\t\t\t\t\t\n\t\t<div class=\"wd-image text-center\">\n\t\t\t\t\t\t\t\t<img decoding=\"async\" width=\"300\" height=\"300\" src=\"https:\/\/babaji-center.com\/wp-content\/uploads\/Beige-Neutral-Aesthetic-Photo-Frame-Instagram-Post-6-300x300.jpg\" class=\"attachment-medium size-medium\" alt=\"\" srcset=\"https:\/\/babaji-center.com\/wp-content\/uploads\/Beige-Neutral-Aesthetic-Photo-Frame-Instagram-Post-6-300x300.jpg 300w, https:\/\/babaji-center.com\/wp-content\/uploads\/Beige-Neutral-Aesthetic-Photo-Frame-Instagram-Post-6-1024x1024.jpg 1024w, https:\/\/babaji-center.com\/wp-content\/uploads\/Beige-Neutral-Aesthetic-Photo-Frame-Instagram-Post-6-150x150.jpg 150w, https:\/\/babaji-center.com\/wp-content\/uploads\/Beige-Neutral-Aesthetic-Photo-Frame-Instagram-Post-6-768x768.jpg 768w, https:\/\/babaji-center.com\/wp-content\/uploads\/Beige-Neutral-Aesthetic-Photo-Frame-Instagram-Post-6-12x12.jpg 12w, https:\/\/babaji-center.com\/wp-content\/uploads\/Beige-Neutral-Aesthetic-Photo-Frame-Instagram-Post-6-600x600.jpg 600w, https:\/\/babaji-center.com\/wp-content\/uploads\/Beige-Neutral-Aesthetic-Photo-Frame-Instagram-Post-6-50x50.jpg 50w, https:\/\/babaji-center.com\/wp-content\/uploads\/Beige-Neutral-Aesthetic-Photo-Frame-Instagram-Post-6.jpg 1080w\" sizes=\"(max-width: 300px) 100vw, 300px\" \/>\t\t\t\t\t<\/div>\n\n\t\t\t\t\t\t<\/div>\n\t\t\t\t<\/div>\n\t\t\t\t\t<\/div>\n\t\t<\/div>\n\t\t\t\t\t<\/div>\n\t\t<\/section>\n\t\t\t\t<section class=\"wd-negative-gap elementor-section elementor-top-section elementor-element elementor-element-d064f73 elementor-section-boxed elementor-section-height-default elementor-section-height-default\" data-id=\"d064f73\" data-element_type=\"section\" data-e-type=\"section\">\n\t\t\t\t\t\t<div class=\"elementor-container elementor-column-gap-default\">\n\t\t\t\t\t<div class=\"elementor-column elementor-col-50 elementor-top-column elementor-element elementor-element-4618d87\" data-id=\"4618d87\" data-element_type=\"column\" data-e-type=\"column\">\n\t\t\t<div class=\"elementor-widget-wrap elementor-element-populated\">\n\t\t\t\t\t\t<div class=\"elementor-element elementor-element-bd2ce6a elementor-widget elementor-widget-wd_image_or_svg\" data-id=\"bd2ce6a\" data-element_type=\"widget\" data-e-type=\"widget\" data-widget_type=\"wd_image_or_svg.default\">\n\t\t\t\t<div class=\"elementor-widget-container\">\n\t\t\t\t\t\n\t\t<div class=\"wd-image text-center\">\n\t\t\t\t\t\t\t\t<img decoding=\"async\" width=\"300\" height=\"300\" src=\"https:\/\/babaji-center.com\/wp-content\/uploads\/Beige-Neutral-Aesthetic-Photo-Frame-Instagram-Post-7-300x300.jpg\" class=\"attachment-medium size-medium\" alt=\"\" srcset=\"https:\/\/babaji-center.com\/wp-content\/uploads\/Beige-Neutral-Aesthetic-Photo-Frame-Instagram-Post-7-300x300.jpg 300w, https:\/\/babaji-center.com\/wp-content\/uploads\/Beige-Neutral-Aesthetic-Photo-Frame-Instagram-Post-7-1024x1024.jpg 1024w, https:\/\/babaji-center.com\/wp-content\/uploads\/Beige-Neutral-Aesthetic-Photo-Frame-Instagram-Post-7-150x150.jpg 150w, https:\/\/babaji-center.com\/wp-content\/uploads\/Beige-Neutral-Aesthetic-Photo-Frame-Instagram-Post-7-768x768.jpg 768w, https:\/\/babaji-center.com\/wp-content\/uploads\/Beige-Neutral-Aesthetic-Photo-Frame-Instagram-Post-7-12x12.jpg 12w, https:\/\/babaji-center.com\/wp-content\/uploads\/Beige-Neutral-Aesthetic-Photo-Frame-Instagram-Post-7-600x600.jpg 600w, https:\/\/babaji-center.com\/wp-content\/uploads\/Beige-Neutral-Aesthetic-Photo-Frame-Instagram-Post-7-50x50.jpg 50w, https:\/\/babaji-center.com\/wp-content\/uploads\/Beige-Neutral-Aesthetic-Photo-Frame-Instagram-Post-7.jpg 1080w\" sizes=\"(max-width: 300px) 100vw, 300px\" \/>\t\t\t\t\t<\/div>\n\n\t\t\t\t\t\t<\/div>\n\t\t\t\t<\/div>\n\t\t\t\t\t<\/div>\n\t\t<\/div>\n\t\t\t\t<div class=\"elementor-column elementor-col-50 elementor-top-column elementor-element elementor-element-f7a4723\" data-id=\"f7a4723\" data-element_type=\"column\" data-e-type=\"column\">\n\t\t\t<div class=\"elementor-widget-wrap elementor-element-populated\">\n\t\t\t\t\t\t<div class=\"elementor-element elementor-element-588940c elementor-widget elementor-widget-heading\" data-id=\"588940c\" data-element_type=\"widget\" data-e-type=\"widget\" data-widget_type=\"heading.default\">\n\t\t\t\t<div class=\"elementor-widget-container\">\n\t\t\t\t\t<h1 class=\"elementor-heading-title elementor-size-xl\"><h3 data-pm-slice=\"1 1 []\">CREATIVIDAD <\/h3><\/h1>\t\t\t\t<\/div>\n\t\t\t\t<\/div>\n\t\t\t\t<div class=\"elementor-element elementor-element-51afc69 elementor-widget elementor-widget-wd_text_block\" data-id=\"51afc69\" data-element_type=\"widget\" data-e-type=\"widget\" data-widget_type=\"wd_text_block.default\">\n\t\t\t\t<div class=\"elementor-widget-container\">\n\t\t\t\t\t\t\t<div class=\"wd-text-block reset-last-child text-center\">\n\t\t\t\n\t\t\t<p style=\"text-align: left;\">Su nombre espiritual \u201cSarab Shakti\u201d significa \u201ccreatividad de la energ\u00eda femenina\u201d, y es un reflejo de su esencia. Vive en un flujo constante de creatividad y la utiliza para crear belleza y concienciar sobre la naturaleza a trav\u00e9s del arte, la m\u00fasica y contenido para las redes sociales.<\/p><p style=\"text-align: left;\">Es autora de \"Viaje al mundo m\u00e1gico\", un libro que le llev\u00f3 siete a\u00f1os escribir, editar e ilustrar en espa\u00f1ol e ingl\u00e9s.<\/p>\n\t\t\t\t\t<\/div>\n\t\t\t\t\t\t<\/div>\n\t\t\t\t<\/div>\n\t\t\t\t\t<\/div>\n\t\t<\/div>\n\t\t\t\t\t<\/div>\n\t\t<\/section>\n\t\t\t\t<section class=\"wd-negative-gap elementor-section elementor-top-section elementor-element elementor-element-aab713f elementor-section-boxed elementor-section-height-default elementor-section-height-default\" data-id=\"aab713f\" data-element_type=\"section\" data-e-type=\"section\">\n\t\t\t\t\t\t<div class=\"elementor-container elementor-column-gap-default\">\n\t\t\t\t\t<div class=\"elementor-column elementor-col-50 elementor-top-column elementor-element elementor-element-2e06f90\" data-id=\"2e06f90\" data-element_type=\"column\" data-e-type=\"column\">\n\t\t\t<div class=\"elementor-widget-wrap elementor-element-populated\">\n\t\t\t\t\t\t<div class=\"elementor-element elementor-element-6442d7d elementor-widget elementor-widget-heading\" data-id=\"6442d7d\" data-element_type=\"widget\" data-e-type=\"widget\" data-widget_type=\"heading.default\">\n\t\t\t\t<div class=\"elementor-widget-container\">\n\t\t\t\t\t<h1 class=\"elementor-heading-title elementor-size-xl\"><h3 data-pm-slice=\"1 1 []\">M\u00daSICA, NATURALEZA Y KUNDALINI<\/h3><\/h1>\t\t\t\t<\/div>\n\t\t\t\t<\/div>\n\t\t\t\t<div class=\"elementor-element elementor-element-2f10e52 elementor-widget elementor-widget-wd_text_block\" data-id=\"2f10e52\" data-element_type=\"widget\" data-e-type=\"widget\" data-widget_type=\"wd_text_block.default\">\n\t\t\t\t<div class=\"elementor-widget-container\">\n\t\t\t\t\t\t\t<div class=\"wd-text-block reset-last-child text-center\">\n\t\t\t\n\t\t\t<p style=\"text-align: left;\">La m\u00fasica tambi\u00e9n ha formado parte de su vida, y ha producido \u00e1lbumes como \"Metamorphosis\" y \"Children of Love\", bajo el seud\u00f3nimo de \"Vanesa Tales\", que se basan en integrar la sabidur\u00eda de la naturaleza en la conciencia de la humanidad.<\/p><p style=\"text-align: left;\">A principios de 2024, las plantas sagradas se cruzaron en su camino, y esta experiencia activ\u00f3 el poder y el flujo de la energ\u00eda sexual (energ\u00eda kundalini), que ahora se ha convertido en una parte importante de su vida.<\/p>\n\t\t\t\t\t<\/div>\n\t\t\t\t\t\t<\/div>\n\t\t\t\t<\/div>\n\t\t\t\t\t<\/div>\n\t\t<\/div>\n\t\t\t\t<div class=\"elementor-column elementor-col-50 elementor-top-column elementor-element elementor-element-0c30a9f\" data-id=\"0c30a9f\" data-element_type=\"column\" data-e-type=\"column\">\n\t\t\t<div class=\"elementor-widget-wrap elementor-element-populated\">\n\t\t\t\t\t\t<div class=\"elementor-element elementor-element-e0d73ca elementor-widget elementor-widget-wd_image_or_svg\" data-id=\"e0d73ca\" data-element_type=\"widget\" data-e-type=\"widget\" data-widget_type=\"wd_image_or_svg.default\">\n\t\t\t\t<div class=\"elementor-widget-container\">\n\t\t\t\t\t\n\t\t<div class=\"wd-image text-center\">\n\t\t\t\t\t\t\t\t<img loading=\"lazy\" decoding=\"async\" width=\"300\" height=\"300\" src=\"https:\/\/babaji-center.com\/wp-content\/uploads\/Beige-Neutral-Aesthetic-Photo-Frame-Instagram-Post-8-300x300.jpg\" class=\"attachment-medium size-medium\" alt=\"\" srcset=\"https:\/\/babaji-center.com\/wp-content\/uploads\/Beige-Neutral-Aesthetic-Photo-Frame-Instagram-Post-8-300x300.jpg 300w, https:\/\/babaji-center.com\/wp-content\/uploads\/Beige-Neutral-Aesthetic-Photo-Frame-Instagram-Post-8-1024x1024.jpg 1024w, https:\/\/babaji-center.com\/wp-content\/uploads\/Beige-Neutral-Aesthetic-Photo-Frame-Instagram-Post-8-150x150.jpg 150w, https:\/\/babaji-center.com\/wp-content\/uploads\/Beige-Neutral-Aesthetic-Photo-Frame-Instagram-Post-8-768x768.jpg 768w, https:\/\/babaji-center.com\/wp-content\/uploads\/Beige-Neutral-Aesthetic-Photo-Frame-Instagram-Post-8-12x12.jpg 12w, https:\/\/babaji-center.com\/wp-content\/uploads\/Beige-Neutral-Aesthetic-Photo-Frame-Instagram-Post-8-600x600.jpg 600w, https:\/\/babaji-center.com\/wp-content\/uploads\/Beige-Neutral-Aesthetic-Photo-Frame-Instagram-Post-8-50x50.jpg 50w, https:\/\/babaji-center.com\/wp-content\/uploads\/Beige-Neutral-Aesthetic-Photo-Frame-Instagram-Post-8.jpg 1080w\" sizes=\"(max-width: 300px) 100vw, 300px\" \/>\t\t\t\t\t<\/div>\n\n\t\t\t\t\t\t<\/div>\n\t\t\t\t<\/div>\n\t\t\t\t\t<\/div>\n\t\t<\/div>\n\t\t\t\t\t<\/div>\n\t\t<\/section>\n\t\t\t\t<section class=\"wd-negative-gap elementor-section elementor-top-section elementor-element elementor-element-2b402d1 elementor-section-boxed elementor-section-height-default elementor-section-height-default\" data-id=\"2b402d1\" data-element_type=\"section\" data-e-type=\"section\">\n\t\t\t\t\t\t<div class=\"elementor-container elementor-column-gap-default\">\n\t\t\t\t\t<div class=\"elementor-column elementor-col-50 elementor-top-column elementor-element elementor-element-013804c\" data-id=\"013804c\" data-element_type=\"column\" data-e-type=\"column\">\n\t\t\t<div class=\"elementor-widget-wrap elementor-element-populated\">\n\t\t\t\t\t\t<div class=\"elementor-element elementor-element-a536974 elementor-widget elementor-widget-wd_image_or_svg\" data-id=\"a536974\" data-element_type=\"widget\" data-e-type=\"widget\" data-widget_type=\"wd_image_or_svg.default\">\n\t\t\t\t<div class=\"elementor-widget-container\">\n\t\t\t\t\t\n\t\t<div class=\"wd-image text-center\">\n\t\t\t\t\t\t\t\t<img loading=\"lazy\" decoding=\"async\" width=\"300\" height=\"300\" src=\"https:\/\/babaji-center.com\/wp-content\/uploads\/Beige-Neutral-Aesthetic-Photo-Frame-Instagram-Post-9-300x300.jpg\" class=\"attachment-medium size-medium\" alt=\"\" srcset=\"https:\/\/babaji-center.com\/wp-content\/uploads\/Beige-Neutral-Aesthetic-Photo-Frame-Instagram-Post-9-300x300.jpg 300w, https:\/\/babaji-center.com\/wp-content\/uploads\/Beige-Neutral-Aesthetic-Photo-Frame-Instagram-Post-9-1024x1024.jpg 1024w, https:\/\/babaji-center.com\/wp-content\/uploads\/Beige-Neutral-Aesthetic-Photo-Frame-Instagram-Post-9-150x150.jpg 150w, https:\/\/babaji-center.com\/wp-content\/uploads\/Beige-Neutral-Aesthetic-Photo-Frame-Instagram-Post-9-768x768.jpg 768w, https:\/\/babaji-center.com\/wp-content\/uploads\/Beige-Neutral-Aesthetic-Photo-Frame-Instagram-Post-9-12x12.jpg 12w, https:\/\/babaji-center.com\/wp-content\/uploads\/Beige-Neutral-Aesthetic-Photo-Frame-Instagram-Post-9-600x600.jpg 600w, https:\/\/babaji-center.com\/wp-content\/uploads\/Beige-Neutral-Aesthetic-Photo-Frame-Instagram-Post-9-50x50.jpg 50w, https:\/\/babaji-center.com\/wp-content\/uploads\/Beige-Neutral-Aesthetic-Photo-Frame-Instagram-Post-9.jpg 1080w\" sizes=\"(max-width: 300px) 100vw, 300px\" \/>\t\t\t\t\t<\/div>\n\n\t\t\t\t\t\t<\/div>\n\t\t\t\t<\/div>\n\t\t\t\t\t<\/div>\n\t\t<\/div>\n\t\t\t\t<div class=\"elementor-column elementor-col-50 elementor-top-column elementor-element elementor-element-c89f26d\" data-id=\"c89f26d\" data-element_type=\"column\" data-e-type=\"column\">\n\t\t\t<div class=\"elementor-widget-wrap elementor-element-populated\">\n\t\t\t\t\t\t<div class=\"elementor-element elementor-element-2c6b3d8 elementor-widget elementor-widget-heading\" data-id=\"2c6b3d8\" data-element_type=\"widget\" data-e-type=\"widget\" data-widget_type=\"heading.default\">\n\t\t\t\t<div class=\"elementor-widget-container\">\n\t\t\t\t\t<h1 class=\"elementor-heading-title elementor-size-xl\"><h3 data-pm-slice=\"1 1 []\">CONECTANDO CON LA ENERG\u00cdA FEMENINA<\/h3><\/h1>\t\t\t\t<\/div>\n\t\t\t\t<\/div>\n\t\t\t\t<div class=\"elementor-element elementor-element-b96d83d elementor-widget elementor-widget-wd_text_block\" data-id=\"b96d83d\" data-element_type=\"widget\" data-e-type=\"widget\" data-widget_type=\"wd_text_block.default\">\n\t\t\t\t<div class=\"elementor-widget-container\">\n\t\t\t\t\t\t\t<div class=\"wd-text-block reset-last-child text-center\">\n\t\t\t\n\t\t\t<p style=\"text-align: left;\">Actualmente, trabaja en experimentar y combinar el poder de la voz y el movimiento, y la calidad de diferentes plantas sagradas, para activar la energ\u00eda kundalini y reconectar con la verdadera esencia de la energ\u00eda femenina.<\/p><p>Est\u00e1 aqu\u00ed para disolver todas las ideas y mitos sobre la energ\u00eda femenina, para traer la abundancia universal a este mundo f\u00edsico, sanar las heridas de lo femenino y purificar el canal para que la simplicidad y la verdadera esencia de la energ\u00eda femenina puedan expresarse a trav\u00e9s de nosotras de forma pura.<\/p>\n\t\t\t\t\t<\/div>\n\t\t\t\t\t\t<\/div>\n\t\t\t\t<\/div>\n\t\t\t\t\t<\/div>\n\t\t<\/div>\n\t\t\t\t\t<\/div>\n\t\t<\/section>\n\t\t\t\t<\/div>","protected":false},"excerpt":{"rendered":"<p>MAR\u00cdA BUSCANDO UNA CONEXI\u00d3N AUT\u00c9NTICA Mar\u00eda naci\u00f3 en Espa\u00f1a en 1982.En su infancia, experiment\u00f3 la ausencia total de amor y<\/p>","protected":false},"author":1,"featured_media":0,"parent":0,"menu_order":0,"comment_status":"closed","ping_status":"closed","template":"","meta":{"footnotes":""},"class_list":["post-2471","page","type-page","status-publish","hentry"],"_links":{"self":[{"href":"https:\/\/babaji-center.com\/en\/wp-json\/wp\/v2\/pages\/2471","targetHints":{"allow":["GET"]}}],"collection":[{"href":"https:\/\/babaji-center.com\/en\/wp-json\/wp\/v2\/pages"}],"about":[{"href":"https:\/\/babaji-center.com\/en\/wp-json\/wp\/v2\/types\/page"}],"author":[{"embeddable":true,"href":"https:\/\/babaji-center.com\/en\/wp-json\/wp\/v2\/users\/1"}],"replies":[{"embeddable":true,"href":"https:\/\/babaji-center.com\/en\/wp-json\/wp\/v2\/comments?post=2471"}],"version-history":[{"count":4,"href":"https:\/\/babaji-center.com\/en\/wp-json\/wp\/v2\/pages\/2471\/revisions"}],"predecessor-version":[{"id":2481,"href":"https:\/\/babaji-center.com\/en\/wp-json\/wp\/v2\/pages\/2471\/revisions\/2481"}],"wp:attachment":[{"href":"https:\/\/babaji-center.com\/en\/wp-json\/wp\/v2\/media?parent=2471"}],"curies":[{"name":"wp","href":"https:\/\/api.w.org\/{rel}","templated":true}]}}