{"id":2526,"date":"2025-09-19T16:02:39","date_gmt":"2025-09-19T14:02:39","guid":{"rendered":"https:\/\/babaji-center.com\/?page_id=2526"},"modified":"2026-03-06T15:58:28","modified_gmt":"2026-03-06T14:58:28","slug":"academia-de-luz","status":"publish","type":"page","link":"https:\/\/babaji-center.com\/en\/academia-de-luz\/","title":{"rendered":"Light Academy"},"content":{"rendered":"<div data-elementor-type=\"wp-page\" data-elementor-id=\"2526\" class=\"elementor elementor-2526\">\n\t\t\t\t\t\t<section class=\"wd-negative-gap elementor-section elementor-top-section elementor-element elementor-element-1e5e8fe elementor-section-boxed elementor-section-height-default elementor-section-height-default\" data-id=\"1e5e8fe\" data-element_type=\"section\" data-e-type=\"section\">\n\t\t\t\t\t\t<div class=\"elementor-container elementor-column-gap-default\">\n\t\t\t\t\t<div class=\"elementor-column elementor-col-100 elementor-top-column elementor-element elementor-element-aa1e754\" data-id=\"aa1e754\" data-element_type=\"column\" data-e-type=\"column\">\n\t\t\t<div class=\"elementor-widget-wrap elementor-element-populated\">\n\t\t\t\t\t\t<div class=\"elementor-element elementor-element-9ca8ecc wd-width-100 elementor-widget elementor-widget-wd_title\" data-id=\"9ca8ecc\" data-element_type=\"widget\" data-e-type=\"widget\" data-widget_type=\"wd_title.default\">\n\t\t\t\t<div class=\"elementor-widget-container\">\n\t\t\t\t\t\t\t<div class=\"title-wrapper wd-set-mb reset-last-child wd-title-color-default wd-title-style-default wd-title-size-default text-center\">\n\n\t\t\t\n\t\t\t<div class=\"liner-continer\">\n\t\t\t\t<h4 class=\"woodmart-title-container title wd-fontsize-l\"><\/h4> \n\t\t\t\t\t\t\t<\/div>\n\n\t\t\t\t\t\t\t<div class=\"title-after_title reset-last-child wd-fontsize-xs\">\n\t\t\t\t\t<h1><strong>ACADEMIA DE LUZ<\/strong><\/h1>\t\t\t\t<\/div>\n\t\t\t\t\t<\/div>\n\t\t\t\t\t\t<\/div>\n\t\t\t\t<\/div>\n\t\t\t\t\t<\/div>\n\t\t<\/div>\n\t\t\t\t\t<\/div>\n\t\t<\/section>\n\t\t\t\t<section class=\"wd-negative-gap elementor-section elementor-top-section elementor-element elementor-element-b8e3e3c elementor-section-boxed elementor-section-height-default elementor-section-height-default\" data-id=\"b8e3e3c\" data-element_type=\"section\" data-e-type=\"section\">\n\t\t\t\t\t\t<div class=\"elementor-container elementor-column-gap-wide\">\n\t\t\t\t\t<div class=\"elementor-column elementor-col-100 elementor-top-column elementor-element elementor-element-2954dd4\" data-id=\"2954dd4\" data-element_type=\"column\" data-e-type=\"column\">\n\t\t\t<div class=\"elementor-widget-wrap elementor-element-populated\">\n\t\t\t\t\t\t<div class=\"elementor-element elementor-element-1b5946a elementor-widget elementor-widget-wd_text_block\" data-id=\"1b5946a\" data-element_type=\"widget\" data-e-type=\"widget\" data-widget_type=\"wd_text_block.default\">\n\t\t\t\t<div class=\"elementor-widget-container\">\n\t\t\t\t\t\t\t<div class=\"wd-text-block reset-last-child text-center\">\n\t\t\t\n\t\t\t<h4>Welcome to the LIGHT ACADEMY !!!<\/h4><p class=\" translation-block\">The more we empty ourselves from our personal <strong>resistances, identifications and limitations,<\/strong> the more space we will give to our <strong>divine essence<strong> to be expressed and experienced.<\/p><p class=\" translation-block\">As you purify your channel, the natural frequency of your higher self will be able to shine through, and you will start to serve your higher self instead of your EGO.<\/p><p class=\" translation-block\">And as you increase the level of capacity to accept the circumstances of life without resistance, life will turn into a blessing through the recognition that no matter what happens, it\u2019s always going to support your growth and evolution.\n\n\n\nThen, your outside world will reflect this state of awareness, grace, acceptance, love and joy, and you will start attracting the Universal abundance that is yours by birthright, and that it is just there, waiting for you to get aligned with it.<\/p><p class=\" translation-block\"><strong><strong>And we will walk this entire path with you, at the ACADEMY OF LIGHT.<\/strong><\/strong><\/strong><\/p>\n\t\t\t\t\t<\/div>\n\t\t\t\t\t\t<\/div>\n\t\t\t\t<\/div>\n\t\t\t\t\t<\/div>\n\t\t<\/div>\n\t\t\t\t\t<\/div>\n\t\t<\/section>\n\t\t\t\t<section class=\"wd-negative-gap elementor-section elementor-top-section elementor-element elementor-element-f6add2e elementor-section-boxed elementor-section-height-default elementor-section-height-default\" data-id=\"f6add2e\" data-element_type=\"section\" data-e-type=\"section\">\n\t\t\t\t\t\t<div class=\"elementor-container elementor-column-gap-default\">\n\t\t\t\t\t<div class=\"elementor-column elementor-col-100 elementor-top-column elementor-element elementor-element-7b742c8\" data-id=\"7b742c8\" data-element_type=\"column\" data-e-type=\"column\">\n\t\t\t<div class=\"elementor-widget-wrap elementor-element-populated\">\n\t\t\t\t\t\t<div class=\"elementor-element elementor-element-cad08e7 elementor-widget-divider--view-line elementor-widget elementor-widget-divider\" data-id=\"cad08e7\" data-element_type=\"widget\" data-e-type=\"widget\" data-widget_type=\"divider.default\">\n\t\t\t\t<div class=\"elementor-widget-container\">\n\t\t\t\t\t\t\t<div class=\"elementor-divider\">\n\t\t\t<span class=\"elementor-divider-separator\">\n\t\t\t\t\t\t<\/span>\n\t\t<\/div>\n\t\t\t\t\t\t<\/div>\n\t\t\t\t<\/div>\n\t\t\t\t\t<\/div>\n\t\t<\/div>\n\t\t\t\t\t<\/div>\n\t\t<\/section>\n\t\t\t\t<section class=\"wd-negative-gap elementor-section elementor-top-section elementor-element elementor-element-76d4310 elementor-section-boxed elementor-section-height-default elementor-section-height-default\" data-id=\"76d4310\" data-element_type=\"section\" data-e-type=\"section\">\n\t\t\t\t\t\t<div class=\"elementor-container elementor-column-gap-default\">\n\t\t\t\t\t<div class=\"elementor-column elementor-col-100 elementor-top-column elementor-element elementor-element-385d00b\" data-id=\"385d00b\" data-element_type=\"column\" data-e-type=\"column\">\n\t\t\t<div class=\"elementor-widget-wrap elementor-element-populated\">\n\t\t\t\t\t\t<div class=\"elementor-element elementor-element-d992d95 wd-width-100 elementor-widget elementor-widget-wd_title\" data-id=\"d992d95\" data-element_type=\"widget\" data-e-type=\"widget\" data-widget_type=\"wd_title.default\">\n\t\t\t\t<div class=\"elementor-widget-container\">\n\t\t\t\t\t\t\t<div class=\"title-wrapper wd-set-mb reset-last-child wd-title-color-default wd-title-style-default wd-title-size-default text-center\">\n\n\t\t\t\n\t\t\t<div class=\"liner-continer\">\n\t\t\t\t<h4 class=\"woodmart-title-container title wd-fontsize-l\"><\/h4> \n\t\t\t\t\t\t\t<\/div>\n\n\t\t\t\t\t\t\t<div class=\"title-after_title reset-last-child wd-fontsize-xs\">\n\t\t\t\t\t<h1><strong>MEMBRES\u00cdA<\/strong><\/h1>\t\t\t\t<\/div>\n\t\t\t\t\t<\/div>\n\t\t\t\t\t\t<\/div>\n\t\t\t\t<\/div>\n\t\t\t\t<div class=\"elementor-element elementor-element-0084b7e elementor-widget elementor-widget-wd_text_block\" data-id=\"0084b7e\" data-element_type=\"widget\" data-e-type=\"widget\" data-widget_type=\"wd_text_block.default\">\n\t\t\t\t<div class=\"elementor-widget-container\">\n\t\t\t\t\t\t\t<div class=\"wd-text-block reset-last-child text-center\">\n\t\t\t\n\t\t\t<h3>\u00bfY SI PUDIERAS PARTICIPAR EN TODAS LAS FORMACIONES DEL CALENDARIO A UN PRECIO REDUCIDO <span style=\"font-family: Montserrat, sans-serif; font-size: 18px; font-style: normal; font-weight: 600;\">?<\/span><\/h3><p><span style=\"font-size: 14px;\">Para ello hemos creado la <strong>MEMBRES\u00cdA 'EL\u00c9VATE' <\/strong>. A trav\u00e9s de esta membres\u00eda tendr\u00e1s acceso a <strong>clases semanales en directo<\/strong>, <strong>Biblioteca de Meditaciones<\/strong> y\u00a0 descuentos especiales en todas las formaciones, entrenamientos\u00a0 y talleres de la <strong>ACADEMIA DE LA LUZ DURANTE TODO UN A\u00d1O<\/strong>.<\/span><\/p><p>Adem\u00e1s, puedes <strong>ahorrar un 20% si realizas el pago anual.<\/strong><\/p><p>T\u00fa eliges cu\u00e1ndo quieres empezar a conectar.<\/p>\n\t\t\t\t\t<\/div>\n\t\t\t\t\t\t<\/div>\n\t\t\t\t<\/div>\n\t\t\t\t\t<\/div>\n\t\t<\/div>\n\t\t\t\t\t<\/div>\n\t\t<\/section>\n\t\t\t\t<section class=\"wd-negative-gap elementor-section elementor-top-section elementor-element elementor-element-b089c10 elementor-section-boxed elementor-section-height-default elementor-section-height-default\" data-id=\"b089c10\" data-element_type=\"section\" data-e-type=\"section\">\n\t\t\t\t\t\t<div class=\"elementor-container elementor-column-gap-default\">\n\t\t\t\t\t<div class=\"elementor-column elementor-col-33 elementor-top-column elementor-element elementor-element-d25b6b6\" data-id=\"d25b6b6\" data-element_type=\"column\" data-e-type=\"column\">\n\t\t\t<div class=\"elementor-widget-wrap\">\n\t\t\t\t\t\t\t<\/div>\n\t\t<\/div>\n\t\t\t\t<div class=\"elementor-column elementor-col-33 elementor-top-column elementor-element elementor-element-cb56309\" data-id=\"cb56309\" data-element_type=\"column\" data-e-type=\"column\">\n\t\t\t<div class=\"elementor-widget-wrap elementor-element-populated\">\n\t\t\t\t\t\t<div class=\"elementor-element elementor-element-83589de elementor-widget elementor-widget-wd_image_or_svg\" data-id=\"83589de\" data-element_type=\"widget\" data-e-type=\"widget\" data-widget_type=\"wd_image_or_svg.default\">\n\t\t\t\t<div class=\"elementor-widget-container\">\n\t\t\t\t\t\n\t\t<div class=\"wd-image text-left\">\n\t\t\t\t\t\t\t\t<img fetchpriority=\"high\" decoding=\"async\" width=\"1080\" height=\"1920\" src=\"https:\/\/babaji-center.com\/wp-content\/uploads\/membresia-elevate.jpg\" class=\"attachment-full size-full\" alt=\"\" srcset=\"https:\/\/babaji-center.com\/wp-content\/uploads\/membresia-elevate.jpg 1080w, https:\/\/babaji-center.com\/wp-content\/uploads\/membresia-elevate-169x300.jpg 169w, https:\/\/babaji-center.com\/wp-content\/uploads\/membresia-elevate-576x1024.jpg 576w, https:\/\/babaji-center.com\/wp-content\/uploads\/membresia-elevate-84x150.jpg 84w, https:\/\/babaji-center.com\/wp-content\/uploads\/membresia-elevate-768x1365.jpg 768w, https:\/\/babaji-center.com\/wp-content\/uploads\/membresia-elevate-864x1536.jpg 864w, https:\/\/babaji-center.com\/wp-content\/uploads\/membresia-elevate-7x12.jpg 7w, https:\/\/babaji-center.com\/wp-content\/uploads\/membresia-elevate-600x1067.jpg 600w, https:\/\/babaji-center.com\/wp-content\/uploads\/membresia-elevate-150x267.jpg 150w, https:\/\/babaji-center.com\/wp-content\/uploads\/membresia-elevate-28x50.jpg 28w\" sizes=\"(max-width: 1080px) 100vw, 1080px\" \/>\t\t\t\t\t<\/div>\n\n\t\t\t\t\t\t<\/div>\n\t\t\t\t<\/div>\n\t\t\t\t<div class=\"elementor-element elementor-element-42cbec4 elementor-widget elementor-widget-wd_button\" data-id=\"42cbec4\" data-element_type=\"widget\" data-e-type=\"widget\" data-widget_type=\"wd_button.default\">\n\t\t\t\t<div class=\"elementor-widget-container\">\n\t\t\t\t\t\t\t<div class=\"wd-button-wrapper text-center\" >\n\t\t\t<a class=\"btn btn-style-default btn-shape-round btn-size-extra-large btn-icon-pos-right\"  href=\"https:\/\/babaji-center.com\/producto\/membresia-basica-anual\/\">\n\t\t\t\t<span class=\"wd-btn-text\" data-elementor-setting-key=\"text\">\n\t\t\t\t\tPAGO ANUAL\t\t\t\t<\/span>\n\n\t\t\t\t\t\t\t<\/a>\n\t\t<\/div>\n\t\t\t\t\t\t<\/div>\n\t\t\t\t<\/div>\n\t\t\t\t<div class=\"elementor-element elementor-element-8818d32 elementor-widget elementor-widget-wd_button\" data-id=\"8818d32\" data-element_type=\"widget\" data-e-type=\"widget\" data-widget_type=\"wd_button.default\">\n\t\t\t\t<div class=\"elementor-widget-container\">\n\t\t\t\t\t\t\t<div class=\"wd-button-wrapper text-center\" >\n\t\t\t<a class=\"btn btn-style-default btn-shape-round btn-size-extra-large btn-icon-pos-right\"  href=\"https:\/\/babaji-center.com\/producto\/membresia-basica-mensual\/\">\n\t\t\t\t<span class=\"wd-btn-text\" data-elementor-setting-key=\"text\">\n\t\t\t\t\tPAGO MENSUAL\t\t\t\t<\/span>\n\n\t\t\t\t\t\t\t<\/a>\n\t\t<\/div>\n\t\t\t\t\t\t<\/div>\n\t\t\t\t<\/div>\n\t\t\t\t\t<\/div>\n\t\t<\/div>\n\t\t\t\t<div class=\"elementor-column elementor-col-33 elementor-top-column elementor-element elementor-element-ff6a510\" data-id=\"ff6a510\" data-element_type=\"column\" data-e-type=\"column\">\n\t\t\t<div class=\"elementor-widget-wrap\">\n\t\t\t\t\t\t\t<\/div>\n\t\t<\/div>\n\t\t\t\t\t<\/div>\n\t\t<\/section>\n\t\t\t\t<\/div>","protected":false},"excerpt":{"rendered":"<p>ACADEMIA DE LUZ \u00a1Bienvenid@ a la ACADEMIA DE LUZ! Cuanto m\u00e1s nos liberemos de nuestras resistencias, identificaciones y limitaciones personales,<\/p>","protected":false},"author":1,"featured_media":0,"parent":0,"menu_order":0,"comment_status":"closed","ping_status":"closed","template":"","meta":{"footnotes":""},"class_list":["post-2526","page","type-page","status-publish","hentry"],"_links":{"self":[{"href":"https:\/\/babaji-center.com\/en\/wp-json\/wp\/v2\/pages\/2526","targetHints":{"allow":["GET"]}}],"collection":[{"href":"https:\/\/babaji-center.com\/en\/wp-json\/wp\/v2\/pages"}],"about":[{"href":"https:\/\/babaji-center.com\/en\/wp-json\/wp\/v2\/types\/page"}],"author":[{"embeddable":true,"href":"https:\/\/babaji-center.com\/en\/wp-json\/wp\/v2\/users\/1"}],"replies":[{"embeddable":true,"href":"https:\/\/babaji-center.com\/en\/wp-json\/wp\/v2\/comments?post=2526"}],"version-history":[{"count":146,"href":"https:\/\/babaji-center.com\/en\/wp-json\/wp\/v2\/pages\/2526\/revisions"}],"predecessor-version":[{"id":3337,"href":"https:\/\/babaji-center.com\/en\/wp-json\/wp\/v2\/pages\/2526\/revisions\/3337"}],"wp:attachment":[{"href":"https:\/\/babaji-center.com\/en\/wp-json\/wp\/v2\/media?parent=2526"}],"curies":[{"name":"wp","href":"https:\/\/api.w.org\/{rel}","templated":true}]}}