{"id":3381,"date":"2026-03-10T21:11:49","date_gmt":"2026-03-10T20:11:49","guid":{"rendered":"https:\/\/babaji-center.com\/?page_id=3381"},"modified":"2026-03-11T13:57:45","modified_gmt":"2026-03-11T12:57:45","slug":"limpieza-energetica-a-distancia","status":"publish","type":"page","link":"https:\/\/babaji-center.com\/en\/limpieza-energetica-a-distancia\/","title":{"rendered":"Limpieza Energ\u00e9tica a Distancia"},"content":{"rendered":"<div data-elementor-type=\"wp-page\" data-elementor-id=\"3381\" class=\"elementor elementor-3381\">\n\t\t\t\t\t\t<section class=\"wd-negative-gap elementor-section elementor-top-section elementor-element elementor-element-e60e28e elementor-section-boxed elementor-section-height-default elementor-section-height-default\" data-id=\"e60e28e\" data-element_type=\"section\" data-e-type=\"section\">\n\t\t\t\t\t\t<div class=\"elementor-container elementor-column-gap-default\">\n\t\t\t\t\t<div class=\"elementor-column elementor-col-100 elementor-top-column elementor-element elementor-element-0e1a3ec\" data-id=\"0e1a3ec\" data-element_type=\"column\" data-e-type=\"column\">\n\t\t\t<div class=\"elementor-widget-wrap elementor-element-populated\">\n\t\t\t\t\t\t<div class=\"elementor-element elementor-element-55c0d2f elementor-widget elementor-widget-wd_image_or_svg\" data-id=\"55c0d2f\" data-element_type=\"widget\" data-e-type=\"widget\" data-widget_type=\"wd_image_or_svg.default\">\n\t\t\t\t<div class=\"elementor-widget-container\">\n\t\t\t\t\t\n\t\t<div class=\"wd-image text-center\">\n\t\t\t\t\t\t\t\t<img fetchpriority=\"high\" decoding=\"async\" width=\"768\" height=\"512\" src=\"https:\/\/babaji-center.com\/wp-content\/uploads\/Limpieza-Energetica-a-Distancia-768x512.webp\" class=\"attachment-medium_large size-medium_large\" alt=\"\" srcset=\"https:\/\/babaji-center.com\/wp-content\/uploads\/Limpieza-Energetica-a-Distancia-768x512.webp 768w, https:\/\/babaji-center.com\/wp-content\/uploads\/Limpieza-Energetica-a-Distancia-300x200.webp 300w, https:\/\/babaji-center.com\/wp-content\/uploads\/Limpieza-Energetica-a-Distancia-1024x683.webp 1024w, https:\/\/babaji-center.com\/wp-content\/uploads\/Limpieza-Energetica-a-Distancia-150x100.webp 150w, https:\/\/babaji-center.com\/wp-content\/uploads\/Limpieza-Energetica-a-Distancia-18x12.webp 18w, https:\/\/babaji-center.com\/wp-content\/uploads\/Limpieza-Energetica-a-Distancia-600x400.webp 600w, https:\/\/babaji-center.com\/wp-content\/uploads\/Limpieza-Energetica-a-Distancia-75x50.webp 75w, https:\/\/babaji-center.com\/wp-content\/uploads\/Limpieza-Energetica-a-Distancia.webp 1536w\" sizes=\"(max-width: 768px) 100vw, 768px\" \/>\t\t\t\t\t<\/div>\n\n\t\t\t\t\t\t<\/div>\n\t\t\t\t<\/div>\n\t\t\t\t\t<\/div>\n\t\t<\/div>\n\t\t\t\t\t<\/div>\n\t\t<\/section>\n\t\t\t\t<section class=\"wd-negative-gap elementor-section elementor-top-section elementor-element elementor-element-b8e3e3c elementor-section-boxed elementor-section-height-default elementor-section-height-default\" data-id=\"b8e3e3c\" data-element_type=\"section\" data-e-type=\"section\">\n\t\t\t\t\t\t<div class=\"elementor-container elementor-column-gap-wide\">\n\t\t\t\t\t<div class=\"elementor-column elementor-col-100 elementor-top-column elementor-element elementor-element-2954dd4\" data-id=\"2954dd4\" data-element_type=\"column\" data-e-type=\"column\">\n\t\t\t<div class=\"elementor-widget-wrap elementor-element-populated\">\n\t\t\t\t\t\t<div class=\"elementor-element elementor-element-b068af0 elementor-widget elementor-widget-heading\" data-id=\"b068af0\" data-element_type=\"widget\" data-e-type=\"widget\" data-widget_type=\"heading.default\">\n\t\t\t\t<div class=\"elementor-widget-container\">\n\t\t\t\t\t<h1 class=\"elementor-heading-title elementor-size-xl\"><h3 data-pm-slice=\"1 1 []\">Limpieza Energ\u00e9tica a Distancia<\/h3><\/h1>\t\t\t\t<\/div>\n\t\t\t\t<\/div>\n\t\t\t\t<div class=\"elementor-element elementor-element-1b5946a elementor-widget elementor-widget-wd_text_block\" data-id=\"1b5946a\" data-element_type=\"widget\" data-e-type=\"widget\" data-widget_type=\"wd_text_block.default\">\n\t\t\t\t<div class=\"elementor-widget-container\">\n\t\t\t\t\t\t\t<div class=\"wd-text-block reset-last-child text-center\">\n\t\t\t\n\t\t\t<p><strong>Lib\u00e9rate de las energ\u00edas que te drenan y recupera tu claridad, tu fuerza y tu centro.<\/strong><\/p><p>Hay momentos en los que sientes que algo no encaja.<br \/>Te notas cansad@, bloquead@, sin claridad, atrapad@ en <strong>emociones densas<\/strong> o en <strong>patrones que se repiten<\/strong> una y otra vez sin entender por qu\u00e9.<\/p><p>Desde una mirada energ\u00e9tica y espiritual, en muchas ocasiones esto puede estar relacionado con interferencias en tu campo energ\u00e9tico: energ\u00edas densas, entidades del astral, esp\u00edritus, demonios o egregores que pueden adherirse a tu campo y alimentarse de estados de <strong>baja frecuencia<\/strong>, amplificando el agotamiento, la confusi\u00f3n y la sensaci\u00f3n de estar atrapad@ en un bucle.<\/p><p><strong>La limpieza energ\u00e9tica a distancia<\/strong> est\u00e1 dise\u00f1ada para ayudarte a liberar esas interferencias y restaurar tu equilibrio.<\/p><h3>\u00a0<\/h3><h3><strong>\u00bfEn qu\u00e9 consiste esta sesi\u00f3n?<\/strong><\/h3><p>Sascha se conectar\u00e1 contigo a distancia y<strong> trabajar\u00e1 directamente sobre tu campo energ\u00e9tico<\/strong> para detectar y limpiar toda presencia o carga que pueda estar drenando tu energ\u00eda vital, debilitando tu centro o sosteni\u00e9ndote en una frecuencia baja.<\/p><p>El objetivo de esta sesi\u00f3n es liberar, limpiar y armonizar tu energ\u00eda para que puedas volver a sentirte m\u00e1s liger@, m\u00e1s clar@ y m\u00e1s alinead@ contigo.<\/p><h3>\u00a0<\/h3><h3>Se\u00f1ales de que podr\u00edas necesitar una limpieza energ\u00e9tica<\/h3><p>Esta sesi\u00f3n puede ser para ti si sientes:<\/p><p><strong>Cansancio<\/strong> o drenaje constante sin causa clara<\/p><p>Sensaci\u00f3n de <strong>pesadez<\/strong> <strong>energ\u00e9tica<\/strong><\/p><p><strong>Bloqueos persistentes<\/strong> que no consigues romper<\/p><p>Pensamientos repetitivos o <strong>estados emocionales densos (rabia, depresi\u00f3n, ansiedad, agresividad o tristeza persistente)<\/strong><\/p><p><strong>Dificultad<\/strong> para recuperar tu centro y elevar tu frecuencia<\/p><p><strong>La sensaci\u00f3n de estar atrapad@<\/strong> en un bucle del que no logras salir<\/p><h3>\u00a0<\/h3><h3>Beneficios de una limpieza energ\u00e9tica a distancia<\/h3><p>Cuando estas interferencias se limpian, se abre espacio para que<strong> tu energ\u00eda vuelva a ordenarse<\/strong>. Muchas personas experimentan despu\u00e9s de la sesi\u00f3n:<\/p><p>Mayor<strong> ligereza y calma<\/strong><\/p><p>M\u00e1s <strong>claridad<\/strong> mental y emocional<\/p><p><strong>Sensaci\u00f3n de alivio<\/strong> y liberaci\u00f3n<\/p><p>Recuperaci\u00f3n de <strong>fuerza vital<\/strong><\/p><p><strong>Mayor conexi\u00f3n<\/strong> con tu poder personal<\/p><p>M\u00e1s <strong>facilidad<\/strong> para salir de patrones densos y repetitivos<\/p><p>\u00a0<\/p><p><strong>Cada limpieza es \u00fanica<\/strong>, porque cada persona, cada campo energ\u00e9tico y cada situaci\u00f3n requieren una lectura espec\u00edfica.<\/p><p><strong>Sascha realizar\u00e1 este trabajo de forma totalmente personalizada, conectando contigo a distancia y abordando aquello que verdaderamente est\u00e9 interfiriendo en tu energ\u00eda en este momento.<\/strong><\/p><p>Todas las sesiones cuentan con la traducci\u00f3n simult\u00e1nea de Mar\u00eda.<\/p><p><strong>Time:<\/strong> Entre 30 y 45 minutos aprox.<br \/><strong>Price:<\/strong> 88 $<\/p><p class=\"\">\u00a0<\/p>\n\t\t\t\t\t<\/div>\n\t\t\t\t\t\t<\/div>\n\t\t\t\t<\/div>\n\t\t\t\t<div class=\"elementor-element elementor-element-9bcfeaf elementor-widget elementor-widget-wd_button\" data-id=\"9bcfeaf\" data-element_type=\"widget\" data-e-type=\"widget\" data-widget_type=\"wd_button.default\">\n\t\t\t\t<div class=\"elementor-widget-container\">\n\t\t\t\t\t\t\t<div class=\"wd-button-wrapper text-center\" >\n\t\t\t<a class=\"btn btn-style-default btn-shape-round btn-size-large btn-icon-pos-right\"  href=\"https:\/\/babaji-center.com\/producto\/limpieza-energetica-a-distancia\/\">\n\t\t\t\t<span class=\"wd-btn-text\" data-elementor-setting-key=\"text\">\n\t\t\t\t\tRESERVAR LIMPIEZA\t\t\t\t<\/span>\n\n\t\t\t\t\t\t\t<\/a>\n\t\t<\/div>\n\t\t\t\t\t\t<\/div>\n\t\t\t\t<\/div>\n\t\t\t\t\t<\/div>\n\t\t<\/div>\n\t\t\t\t\t<\/div>\n\t\t<\/section>\n\t\t\t\t<\/div>","protected":false},"excerpt":{"rendered":"<p>Limpieza Energ\u00e9tica a Distancia Lib\u00e9rate de las energ\u00edas que te drenan y recupera tu claridad, tu fuerza y tu centro.<\/p>","protected":false},"author":1,"featured_media":0,"parent":0,"menu_order":0,"comment_status":"closed","ping_status":"closed","template":"","meta":{"footnotes":""},"class_list":["post-3381","page","type-page","status-publish","hentry"],"_links":{"self":[{"href":"https:\/\/babaji-center.com\/en\/wp-json\/wp\/v2\/pages\/3381","targetHints":{"allow":["GET"]}}],"collection":[{"href":"https:\/\/babaji-center.com\/en\/wp-json\/wp\/v2\/pages"}],"about":[{"href":"https:\/\/babaji-center.com\/en\/wp-json\/wp\/v2\/types\/page"}],"author":[{"embeddable":true,"href":"https:\/\/babaji-center.com\/en\/wp-json\/wp\/v2\/users\/1"}],"replies":[{"embeddable":true,"href":"https:\/\/babaji-center.com\/en\/wp-json\/wp\/v2\/comments?post=3381"}],"version-history":[{"count":25,"href":"https:\/\/babaji-center.com\/en\/wp-json\/wp\/v2\/pages\/3381\/revisions"}],"predecessor-version":[{"id":3422,"href":"https:\/\/babaji-center.com\/en\/wp-json\/wp\/v2\/pages\/3381\/revisions\/3422"}],"wp:attachment":[{"href":"https:\/\/babaji-center.com\/en\/wp-json\/wp\/v2\/media?parent=3381"}],"curies":[{"name":"wp","href":"https:\/\/api.w.org\/{rel}","templated":true}]}}