{"id":3485,"date":"2026-03-25T15:15:53","date_gmt":"2026-03-25T14:15:53","guid":{"rendered":"https:\/\/babaji-center.com\/?page_id=3485"},"modified":"2026-03-25T16:15:43","modified_gmt":"2026-03-25T15:15:43","slug":"reclamatupoder","status":"publish","type":"page","link":"https:\/\/babaji-center.com\/en\/reclamatupoder\/","title":{"rendered":"Taller: Reclama tu poder"},"content":{"rendered":"<div data-elementor-type=\"wp-page\" data-elementor-id=\"3485\" class=\"elementor elementor-3485\">\n\t\t\t\t\t\t<section class=\"wd-negative-gap elementor-section elementor-top-section elementor-element elementor-element-36daa18 elementor-section-boxed elementor-section-height-default elementor-section-height-default\" data-id=\"36daa18\" data-element_type=\"section\" data-e-type=\"section\">\n\t\t\t\t\t\t<div class=\"elementor-container elementor-column-gap-default\">\n\t\t\t\t\t<div class=\"elementor-column elementor-col-100 elementor-top-column elementor-element elementor-element-aca5776\" data-id=\"aca5776\" data-element_type=\"column\" data-e-type=\"column\">\n\t\t\t<div class=\"elementor-widget-wrap elementor-element-populated\">\n\t\t\t\t\t\t<div class=\"elementor-element elementor-element-55c0d2f elementor-widget elementor-widget-wd_image_or_svg\" data-id=\"55c0d2f\" data-element_type=\"widget\" data-e-type=\"widget\" data-widget_type=\"wd_image_or_svg.default\">\n\t\t\t\t<div class=\"elementor-widget-container\">\n\t\t\t\t\t\n\t\t<div class=\"wd-image text-left\">\n\t\t\t\t\t\t\t\t<img fetchpriority=\"high\" decoding=\"async\" width=\"1536\" height=\"1024\" src=\"https:\/\/babaji-center.com\/wp-content\/uploads\/poder-2.png\" class=\"attachment-full size-full\" alt=\"\" srcset=\"https:\/\/babaji-center.com\/wp-content\/uploads\/poder-2.png 1536w, https:\/\/babaji-center.com\/wp-content\/uploads\/poder-2-300x200.png 300w, https:\/\/babaji-center.com\/wp-content\/uploads\/poder-2-1024x683.png 1024w, https:\/\/babaji-center.com\/wp-content\/uploads\/poder-2-150x100.png 150w, https:\/\/babaji-center.com\/wp-content\/uploads\/poder-2-768x512.png 768w, https:\/\/babaji-center.com\/wp-content\/uploads\/poder-2-18x12.png 18w, https:\/\/babaji-center.com\/wp-content\/uploads\/poder-2-600x400.png 600w, https:\/\/babaji-center.com\/wp-content\/uploads\/poder-2-75x50.png 75w\" sizes=\"(max-width: 1536px) 100vw, 1536px\" \/>\t\t\t\t\t<\/div>\n\n\t\t\t\t\t\t<\/div>\n\t\t\t\t<\/div>\n\t\t\t\t\t<\/div>\n\t\t<\/div>\n\t\t\t\t\t<\/div>\n\t\t<\/section>\n\t\t\t\t<section class=\"wd-negative-gap elementor-section elementor-top-section elementor-element elementor-element-b8e3e3c elementor-section-boxed elementor-section-height-default elementor-section-height-default\" data-id=\"b8e3e3c\" data-element_type=\"section\" data-e-type=\"section\">\n\t\t\t\t\t\t<div class=\"elementor-container elementor-column-gap-wide\">\n\t\t\t\t\t<div class=\"elementor-column elementor-col-100 elementor-top-column elementor-element elementor-element-2954dd4\" data-id=\"2954dd4\" data-element_type=\"column\" data-e-type=\"column\">\n\t\t\t<div class=\"elementor-widget-wrap elementor-element-populated\">\n\t\t\t\t\t\t<div class=\"elementor-element elementor-element-b068af0 elementor-widget elementor-widget-heading\" data-id=\"b068af0\" data-element_type=\"widget\" data-e-type=\"widget\" data-widget_type=\"heading.default\">\n\t\t\t\t<div class=\"elementor-widget-container\">\n\t\t\t\t\t<h1 class=\"elementor-heading-title elementor-size-default\"><h1 data-pm-slice=\"1 1 []\">Reclama tu poder<\/h1><\/h1>\t\t\t\t<\/div>\n\t\t\t\t<\/div>\n\t\t\t\t<div class=\"elementor-element elementor-element-5fce848 elementor-widget elementor-widget-heading\" data-id=\"5fce848\" data-element_type=\"widget\" data-e-type=\"widget\" data-widget_type=\"heading.default\">\n\t\t\t\t<div class=\"elementor-widget-container\">\n\t\t\t\t\t<h3 class=\"elementor-heading-title elementor-size-default\"><h3 data-pm-slice=\"1 1 []\">El taller para identificar, romper y liberar todo aquello que te mantiene en dependencia, escasez y desconexi\u00f3n de tu verdadera fuerza<\/h3><\/h3>\t\t\t\t<\/div>\n\t\t\t\t<\/div>\n\t\t\t\t<div class=\"elementor-element elementor-element-1b5946a elementor-widget elementor-widget-wd_text_block\" data-id=\"1b5946a\" data-element_type=\"widget\" data-e-type=\"widget\" data-widget_type=\"wd_text_block.default\">\n\t\t\t\t<div class=\"elementor-widget-container\">\n\t\t\t\t\t\t\t<div class=\"wd-text-block reset-last-child text-left\">\n\t\t\t\n\t\t\t<p style=\"text-align: center;\">Existen muchas maneras en las que <strong>cedes tu poder<\/strong>, consciente o inconscientemente.<\/p><p style=\"text-align: center;\">Cada vez que act\u00faas desde la necesidad, el miedo, el vac\u00edo o la herida\u2026 <strong>entregas tu energ\u00eda<\/strong> a din\u00e1micas que te debilitan y te alejan de tu voluntad real.<\/p><p style=\"text-align: center;\">En este <strong>taller on line<\/strong>, canalizaremos a <strong>Shiva<\/strong> para que acceda a nuestro espacio personal y nos ayude a <strong>identificar y a destruir todas las entidades energ\u00e9ticas y egr\u00e9gores<\/strong> que hemos formado a trav\u00e9s de nuestros <strong>h\u00e1bitos<\/strong> y que han adquirido poder sobre nosotros.<\/p><p style=\"text-align: center;\"><strong>FECHA: Mi\u00e9rcoles 8 de abril<\/strong><\/p><p style=\"text-align: center;\"><strong>HORA: 11:00 H Costa Rica \/ 19:00 H Espa\u00f1a<\/strong><\/p><p style=\"text-align: center;\"><strong>MODALIDAD:<\/strong> <strong>Directo on line<\/strong> v\u00eda Zoom. <strong>La sesi\u00f3n ser\u00e1 grabada<\/strong> para que los participantes puedan volver a verla.<\/p><p style=\"text-align: center;\"><strong>DURACI\u00d3N: 2,5 a 3 horas<\/strong><\/p><p style=\"text-align: center;\"><strong>inversi\u00f3n: 44 $<\/strong><\/p>\n\t\t\t\t\t<\/div>\n\t\t\t\t\t\t<\/div>\n\t\t\t\t<\/div>\n\t\t\t\t<div class=\"elementor-element elementor-element-9bcfeaf elementor-widget elementor-widget-wd_button\" data-id=\"9bcfeaf\" data-element_type=\"widget\" data-e-type=\"widget\" data-widget_type=\"wd_button.default\">\n\t\t\t\t<div class=\"elementor-widget-container\">\n\t\t\t\t\t\t\t<div class=\"wd-button-wrapper text-center\" >\n\t\t\t<a class=\"btn btn-style-default btn-shape-round btn-size-large btn-icon-pos-right\"  href=\"https:\/\/babaji-center.com\/producto\/reclama-tu-poder\/\">\n\t\t\t\t<span class=\"wd-btn-text\" data-elementor-setting-key=\"text\">\n\t\t\t\t\tS\u00cd, RECLAMO MI PODER\t\t\t\t<\/span>\n\n\t\t\t\t\t\t\t<\/a>\n\t\t<\/div>\n\t\t\t\t\t\t<\/div>\n\t\t\t\t<\/div>\n\t\t\t\t\t<\/div>\n\t\t<\/div>\n\t\t\t\t\t<\/div>\n\t\t<\/section>\n\t\t\t\t<\/div>","protected":false},"excerpt":{"rendered":"<p>Reclama tu poder El taller para identificar, romper y liberar todo aquello que te mantiene en dependencia, escasez y desconexi\u00f3n<\/p>","protected":false},"author":1,"featured_media":0,"parent":0,"menu_order":0,"comment_status":"closed","ping_status":"closed","template":"","meta":{"footnotes":""},"class_list":["post-3485","page","type-page","status-publish","hentry"],"_links":{"self":[{"href":"https:\/\/babaji-center.com\/en\/wp-json\/wp\/v2\/pages\/3485","targetHints":{"allow":["GET"]}}],"collection":[{"href":"https:\/\/babaji-center.com\/en\/wp-json\/wp\/v2\/pages"}],"about":[{"href":"https:\/\/babaji-center.com\/en\/wp-json\/wp\/v2\/types\/page"}],"author":[{"embeddable":true,"href":"https:\/\/babaji-center.com\/en\/wp-json\/wp\/v2\/users\/1"}],"replies":[{"embeddable":true,"href":"https:\/\/babaji-center.com\/en\/wp-json\/wp\/v2\/comments?post=3485"}],"version-history":[{"count":16,"href":"https:\/\/babaji-center.com\/en\/wp-json\/wp\/v2\/pages\/3485\/revisions"}],"predecessor-version":[{"id":3509,"href":"https:\/\/babaji-center.com\/en\/wp-json\/wp\/v2\/pages\/3485\/revisions\/3509"}],"wp:attachment":[{"href":"https:\/\/babaji-center.com\/en\/wp-json\/wp\/v2\/media?parent=3485"}],"curies":[{"name":"wp","href":"https:\/\/api.w.org\/{rel}","templated":true}]}}