{"id":1380,"date":"2023-11-30T17:12:19","date_gmt":"2023-11-30T16:12:19","guid":{"rendered":"https:\/\/babaji-center.com\/?post_type=product&#038;p=1380"},"modified":"2025-06-24T14:38:36","modified_gmt":"2025-06-24T12:38:36","slug":"carga-energetica","status":"publish","type":"product","link":"https:\/\/babaji-center.com\/en\/product\/carga-energetica\/","title":{"rendered":"Carga Energ\u00e9tica a Distancia"},"content":{"rendered":"","protected":false},"excerpt":{"rendered":"<p><strong>Includes:<\/strong> Canalizaci\u00f3n personal + carga energ\u00e9tica<\/p>\n<p>Tras una primera toma de contacto para conocerte, Sascha canalizar\u00e1 al Maestro Ascendido cuya frecuencia elijas y recibir\u00e1s un mensaje personal junto a la carga energ\u00e9tica de tu aceite u objeto, otorg\u00e1ndole la cualidad que necesitas para apoyarte en tu proceso de sanaci\u00f3n y transformaci\u00f3n.<\/p>\n<p>Podr\u00e1s elegir entre estas <strong>opciones<\/strong>:<\/p>\n<ol>\n<li>Arc\u00e1ngel Miguel: (Protecci\u00f3n, valent\u00eda)<\/li>\n<li>Babaji: (Equilibrio entre la energ\u00eda masculina y femenina)<\/li>\n<li>Buda: (Equilibrio)<\/li>\n<li>Ganesha: (Prosperidad, abundancia)<\/li>\n<li>Jes\u00fas: (Amor incondicional, confianza, valent\u00eda)<\/li>\n<li>Mar\u00eda Magdalena: (Divino femenino)<\/li>\n<li>Permitir que Sascha canalice al Maestro Ascendido m\u00e1s adecuado para ti<\/li>\n<\/ol>\n<p><strong>NO OLVIDES ESCRIBIR TU OPCI\u00d3N EN &#8216;NOTAS DEL PEDIDO&#8217; AL REALIZAR LA COMPRA<\/strong><\/p>\n<p>La canalizaci\u00f3n ser\u00e1 grabada y el audio te ser\u00e1 enviado por email para que lo puedas escuchar todas las veces que quieras.<\/p>\n<p><strong>\u00bfQu\u00e9 necesito?<\/strong><\/p>\n<p>En el momento de la sesi\u00f3n de canalizaci\u00f3n tu aceite, pulsera u objeto personal debe estar preparado.<\/p>\n<p>Para crear tu aceite personal necesitas rellenar una botella de cristal (de m\u00ednimo 150\/200 ml., idealmente con cuentagotas) con el aceite de tu elecci\u00f3n (almendra, jojoba, coco fraccionado\u2026)<\/p>\n<p><strong>\u00bfC\u00f3mo uso mi aceite personal?<\/strong><\/p>\n<p>Recomendamos poner una gotita en las mu\u00f1ecas o en el ombligo, cada ma\u00f1ana antes de meditar o comenzar el d\u00eda, quiz\u00e1s otra a medio d\u00eda y otra antes de dormir. Es una energ\u00eda muy potente, por lo que con solo dos o tres gotitas al d\u00eda ser\u00e1 suficiente dosis para ir integrando esta frecuencia elevada en nuestro cuerpo f\u00edsico.<\/p>\n<p>Los efectos var\u00edan dependiendo de la frecuencia y de la intenci\u00f3n infundida en el aceite. Este trabaja en tu cuerpo energ\u00e9tico, mental, emocional y f\u00edsico.<\/p>\n<p>&nbsp;<\/p>","protected":false},"featured_media":1381,"template":"","meta":[],"product_brand":[],"product_cat":[20],"product_tag":[],"class_list":{"0":"post-1380","1":"product","2":"type-product","3":"status-publish","4":"has-post-thumbnail","6":"product_cat-sesiones","8":"first","9":"instock","10":"virtual","11":"sold-individually","12":"taxable","13":"purchasable","14":"product-type-simple"},"_links":{"self":[{"href":"https:\/\/babaji-center.com\/en\/wp-json\/wp\/v2\/product\/1380","targetHints":{"allow":["GET"]}}],"collection":[{"href":"https:\/\/babaji-center.com\/en\/wp-json\/wp\/v2\/product"}],"about":[{"href":"https:\/\/babaji-center.com\/en\/wp-json\/wp\/v2\/types\/product"}],"version-history":[{"count":6,"href":"https:\/\/babaji-center.com\/en\/wp-json\/wp\/v2\/product\/1380\/revisions"}],"predecessor-version":[{"id":1885,"href":"https:\/\/babaji-center.com\/en\/wp-json\/wp\/v2\/product\/1380\/revisions\/1885"}],"wp:featuredmedia":[{"embeddable":true,"href":"https:\/\/babaji-center.com\/en\/wp-json\/wp\/v2\/media\/1381"}],"wp:attachment":[{"href":"https:\/\/babaji-center.com\/en\/wp-json\/wp\/v2\/media?parent=1380"}],"wp:term":[{"taxonomy":"product_brand","embeddable":true,"href":"https:\/\/babaji-center.com\/en\/wp-json\/wp\/v2\/product_brand?post=1380"},{"taxonomy":"product_cat","embeddable":true,"href":"https:\/\/babaji-center.com\/en\/wp-json\/wp\/v2\/product_cat?post=1380"},{"taxonomy":"product_tag","embeddable":true,"href":"https:\/\/babaji-center.com\/en\/wp-json\/wp\/v2\/product_tag?post=1380"}],"curies":[{"name":"wp","href":"https:\/\/api.w.org\/{rel}","templated":true}]}}