{"id":1865,"date":"2025-03-19T19:00:14","date_gmt":"2025-03-19T18:00:14","guid":{"rendered":"https:\/\/babaji-center.com\/?post_type=product&#038;p=1865"},"modified":"2026-01-31T21:25:24","modified_gmt":"2026-01-31T20:25:24","slug":"sesiones-de-coaching","status":"publish","type":"product","link":"https:\/\/babaji-center.com\/en\/product\/sesiones-de-coaching\/","title":{"rendered":"Sesiones de Coaching (individual y packs)"},"content":{"rendered":"","protected":false},"excerpt":{"rendered":"<p><strong>Includes:<\/strong><\/p>\n<p>\u2714\ufe0f Sanaci\u00f3n energ\u00e9tica y liberaci\u00f3n de bloqueos.<br \/>\n\u2714\ufe0f Canalizaci\u00f3n y sanaci\u00f3n de Maestros Ascendidos.<br \/>\n\u2714\ufe0f Pr\u00e1ctica e integraci\u00f3n de Sanaci\u00f3n Meditativa Consciente.<br \/>\n\u2714\ufe0f Acompa\u00f1amiento intuitivo y pr\u00e1ctico durante tu proceso evolutivo.<\/p>\n<p><strong>Schedule:<\/strong><br \/>\nLunes a Jueves: De 09.00 a 10.30 horas y de 12.15 a 13.45 horas<br \/>\nViernes: De 09.00 a 10.30 horas<br \/>\nZona horaria de Costa Rica (GMT-6)<\/p>\n<p><strong>IMPORTANT<\/strong>: Book at least 24 hours in advance.<\/p>","protected":false},"featured_media":1868,"template":"","meta":[],"product_brand":[],"product_cat":[20],"product_tag":[],"class_list":{"0":"post-1865","1":"product","2":"type-product","3":"status-publish","4":"has-post-thumbnail","6":"product_cat-sesiones","8":"first","9":"instock","10":"sold-individually","11":"taxable","12":"shipping-taxable","13":"purchasable","14":"product-type-variable"},"_links":{"self":[{"href":"https:\/\/babaji-center.com\/en\/wp-json\/wp\/v2\/product\/1865","targetHints":{"allow":["GET"]}}],"collection":[{"href":"https:\/\/babaji-center.com\/en\/wp-json\/wp\/v2\/product"}],"about":[{"href":"https:\/\/babaji-center.com\/en\/wp-json\/wp\/v2\/types\/product"}],"version-history":[{"count":5,"href":"https:\/\/babaji-center.com\/en\/wp-json\/wp\/v2\/product\/1865\/revisions"}],"predecessor-version":[{"id":1886,"href":"https:\/\/babaji-center.com\/en\/wp-json\/wp\/v2\/product\/1865\/revisions\/1886"}],"wp:featuredmedia":[{"embeddable":true,"href":"https:\/\/babaji-center.com\/en\/wp-json\/wp\/v2\/media\/1868"}],"wp:attachment":[{"href":"https:\/\/babaji-center.com\/en\/wp-json\/wp\/v2\/media?parent=1865"}],"wp:term":[{"taxonomy":"product_brand","embeddable":true,"href":"https:\/\/babaji-center.com\/en\/wp-json\/wp\/v2\/product_brand?post=1865"},{"taxonomy":"product_cat","embeddable":true,"href":"https:\/\/babaji-center.com\/en\/wp-json\/wp\/v2\/product_cat?post=1865"},{"taxonomy":"product_tag","embeddable":true,"href":"https:\/\/babaji-center.com\/en\/wp-json\/wp\/v2\/product_tag?post=1865"}],"curies":[{"name":"wp","href":"https:\/\/api.w.org\/{rel}","templated":true}]}}