{"id":1924,"date":"2025-05-14T00:05:37","date_gmt":"2025-05-13T22:05:37","guid":{"rendered":"https:\/\/babaji-center.com\/?post_type=product&#038;p=1924"},"modified":"2025-07-03T00:00:33","modified_gmt":"2025-07-02T22:00:33","slug":"meditacion-guiada-arcangel-miguel","status":"publish","type":"product","link":"https:\/\/babaji-center.com\/en\/product\/meditacion-guiada-arcangel-miguel\/","title":{"rendered":"LIMPIEZA ENERG\u00c9TICA CON EL ARC\u00c1NGEL MIGUEL"},"content":{"rendered":"<p>Esta <strong>LIMPIEZA ENERG\u00c9TICA con el Arc\u00e1ngel Miguel<\/strong> es un acceso hacia su energ\u00eda, un <strong>portal<\/strong> que te permite canalizar y usar su energ\u00eda para limpiar tu campo energ\u00e9ticamente.<\/p>\n<p>&nbsp;<\/p>\n<p><strong>\u00bfEN QU\u00c9 CONSISTE?<\/strong><\/p>\n<p>Para empezar,\u00a0 en esta completa <strong>canalizaci\u00f3n<\/strong> recibir\u00e1s <strong>informaci\u00f3n sobre los diferentes tipos de entidades energ\u00e9ticas<\/strong> que ocupan tu sistema y manipulan y amplifican las tendencias responsables de tu desequilibrio. Todo ello te ayudar\u00e1 a <strong>ganar claridad<\/strong> para poder identificar estas energ\u00edas y a trav\u00e9s de la <strong>meditaci\u00f3n guiada de 30 minutos<\/strong> t\u00fa mism@ podr\u00e1s realizar tu propia <strong>limpieza energ\u00e9tica<\/strong> desde tu propia conexi\u00f3n con la poderosa energ\u00eda del <strong>Arcangel Michael<\/strong>. Su energ\u00eda servir\u00e1 de plataforma para que desde <strong>tu propio espacio y poder<\/strong> seas capaz de disolver cualquier <strong>energ\u00eda de baja frecuencia<\/strong> que est\u00e9 interfiriendo en tu sistema.<\/p>\n<p>&nbsp;<\/p>\n<p><strong>DURATION:<\/strong><br \/>\n45 MIN.<\/p>\n<p><strong>PRECIO :<\/strong> 44 D\u00d3LARES. (<strong>AHORA 17 d\u00f3lares<\/strong>. OFERTA POR TIEMPO LIMITADO)<\/p>","protected":false},"excerpt":{"rendered":"<p><strong>NOTA IMPORTANTE:<\/strong> Recibir\u00e1s tu enlace al v\u00eddeo directamente en tu email, una vez realizada la compra. Responderemos a todas las dudas y preguntas que te surjan para que le saques el m\u00e1ximo partido a esta meditaci\u00f3n a trav\u00e9s de nuestro email casasananda@babaji-center.com.<\/p>\n<p><strong>SIN IVA SI COMPRAS FUERA DE COSTA RICA<\/strong><\/p>","protected":false},"featured_media":1930,"template":"","meta":[],"product_brand":[],"product_cat":[26],"product_tag":[],"class_list":{"0":"post-1924","1":"product","2":"type-product","3":"status-publish","4":"has-post-thumbnail","6":"product_cat-talleres","8":"first","9":"instock","10":"virtual","11":"taxable","12":"purchasable","13":"product-type-simple"},"_links":{"self":[{"href":"https:\/\/babaji-center.com\/en\/wp-json\/wp\/v2\/product\/1924","targetHints":{"allow":["GET"]}}],"collection":[{"href":"https:\/\/babaji-center.com\/en\/wp-json\/wp\/v2\/product"}],"about":[{"href":"https:\/\/babaji-center.com\/en\/wp-json\/wp\/v2\/types\/product"}],"version-history":[{"count":12,"href":"https:\/\/babaji-center.com\/en\/wp-json\/wp\/v2\/product\/1924\/revisions"}],"predecessor-version":[{"id":2044,"href":"https:\/\/babaji-center.com\/en\/wp-json\/wp\/v2\/product\/1924\/revisions\/2044"}],"wp:featuredmedia":[{"embeddable":true,"href":"https:\/\/babaji-center.com\/en\/wp-json\/wp\/v2\/media\/1930"}],"wp:attachment":[{"href":"https:\/\/babaji-center.com\/en\/wp-json\/wp\/v2\/media?parent=1924"}],"wp:term":[{"taxonomy":"product_brand","embeddable":true,"href":"https:\/\/babaji-center.com\/en\/wp-json\/wp\/v2\/product_brand?post=1924"},{"taxonomy":"product_cat","embeddable":true,"href":"https:\/\/babaji-center.com\/en\/wp-json\/wp\/v2\/product_cat?post=1924"},{"taxonomy":"product_tag","embeddable":true,"href":"https:\/\/babaji-center.com\/en\/wp-json\/wp\/v2\/product_tag?post=1924"}],"curies":[{"name":"wp","href":"https:\/\/api.w.org\/{rel}","templated":true}]}}