{"id":1980,"date":"2025-05-30T15:01:02","date_gmt":"2025-05-30T13:01:02","guid":{"rendered":"https:\/\/babaji-center.com\/?post_type=product&#038;p=1980"},"modified":"2026-04-07T23:50:47","modified_gmt":"2026-04-07T21:50:47","slug":"sana-tu-relacion-con-el-dinero","status":"publish","type":"product","link":"https:\/\/babaji-center.com\/en\/product\/sana-tu-relacion-con-el-dinero\/","title":{"rendered":"SANA TU RELACI\u00d3N CON EL DINERO. MEDITACI\u00d3N CON LAKSHMI"},"content":{"rendered":"<p>Esta <strong>MEDITACI\u00d3N PARA SANAR TU RELACI\u00d3N CON EL DINERO con LAKSHMI<\/strong>\u00a0es un acceso hacia su energ\u00eda, un <strong>portal<\/strong> que te permite reconocer tus bloqueos en relaci\u00f3n a la abundancia y sanarlos para que puedas empezar a vivir una vida mucho m\u00e1s libre y conectada con la prosperidad que mereces.<\/p>\n<p>&nbsp;<\/p>\n<p><strong>\u00bfEN QU\u00c9 CONSISTE?<\/strong><\/p>\n<p>En esta <strong>canalizaci\u00f3n<\/strong> recibir\u00e1s <strong>informaci\u00f3n sobre aquello que puede estar bloqueando tu acceso a la abundancia<\/strong> y aprender\u00e1s a reconocerlo y a entender la energ\u00eda de la abundancia para posteriormente disolver todo lo que te aleja de ella. A\u00a0trav\u00e9s de la <strong>meditaci\u00f3n guiada de 19 minutos<\/strong> podr\u00e1s limpiar todos los bloqueos que dificultan tu relaci\u00f3n con el dinero. La energ\u00eda de la diosa <strong>LAKSHMI<\/strong> te servir\u00e1 de plataforma para que puedas empezar a crear una vida pr\u00f3spera y libre de bloqueos y distracciones.<\/p>\n<p>&nbsp;<\/p>\n<p><strong>DURATION:<\/strong><br \/>\n45 MIN.<\/p>\n<p><strong>PRECIO :<\/strong> 44 D\u00d3LARES. (<strong>AHORA 17 d\u00f3lares<\/strong>. OFERTA POR TIEMPO LIMITADO)<\/p>","protected":false},"excerpt":{"rendered":"<p><strong>NOTA IMPORTANTE:<\/strong> Recibir\u00e1s tu enlace al v\u00eddeo directamente en tu email, una vez realizada la compra. Responderemos a todas las dudas y preguntas que te surjan para que le saques el m\u00e1ximo partido a esta meditaci\u00f3n a trav\u00e9s de nuestro email casasananda@babaji-center.com.<\/p>\n<p><strong>SIN IVA SI COMPRAS FUERA DE COSTA RICA<\/strong><\/p>","protected":false},"featured_media":1994,"template":"","meta":[],"product_brand":[],"product_cat":[26],"product_tag":[],"class_list":{"0":"post-1980","1":"product","2":"type-product","3":"status-publish","4":"has-post-thumbnail","6":"product_cat-talleres","8":"first","9":"instock","10":"downloadable","11":"virtual","12":"taxable","13":"purchasable","14":"product-type-simple"},"_links":{"self":[{"href":"https:\/\/babaji-center.com\/en\/wp-json\/wp\/v2\/product\/1980","targetHints":{"allow":["GET"]}}],"collection":[{"href":"https:\/\/babaji-center.com\/en\/wp-json\/wp\/v2\/product"}],"about":[{"href":"https:\/\/babaji-center.com\/en\/wp-json\/wp\/v2\/types\/product"}],"version-history":[{"count":5,"href":"https:\/\/babaji-center.com\/en\/wp-json\/wp\/v2\/product\/1980\/revisions"}],"predecessor-version":[{"id":2043,"href":"https:\/\/babaji-center.com\/en\/wp-json\/wp\/v2\/product\/1980\/revisions\/2043"}],"wp:featuredmedia":[{"embeddable":true,"href":"https:\/\/babaji-center.com\/en\/wp-json\/wp\/v2\/media\/1994"}],"wp:attachment":[{"href":"https:\/\/babaji-center.com\/en\/wp-json\/wp\/v2\/media?parent=1980"}],"wp:term":[{"taxonomy":"product_brand","embeddable":true,"href":"https:\/\/babaji-center.com\/en\/wp-json\/wp\/v2\/product_brand?post=1980"},{"taxonomy":"product_cat","embeddable":true,"href":"https:\/\/babaji-center.com\/en\/wp-json\/wp\/v2\/product_cat?post=1980"},{"taxonomy":"product_tag","embeddable":true,"href":"https:\/\/babaji-center.com\/en\/wp-json\/wp\/v2\/product_tag?post=1980"}],"curies":[{"name":"wp","href":"https:\/\/api.w.org\/{rel}","templated":true}]}}