{"id":2029,"date":"2025-06-20T13:49:01","date_gmt":"2025-06-20T11:49:01","guid":{"rendered":"https:\/\/babaji-center.com\/?post_type=product&#038;p=2029"},"modified":"2025-07-03T00:00:33","modified_gmt":"2025-07-02T22:00:33","slug":"jesus-y-la-piramide-de-poder","status":"publish","type":"product","link":"https:\/\/babaji-center.com\/en\/product\/jesus-y-la-piramide-de-poder\/","title":{"rendered":"JES\u00daS Y LA PIR\u00c1MIDE DE PODER"},"content":{"rendered":"<p><strong>Jes\u00fas<\/strong> vino a este mundo a <strong>revelar la verdad<\/strong>, a <strong>liberarnos del sistema de mentiras y control<\/strong>.<br \/>\nPero su mensaje fue distorsionado\u2026 transformado en una <strong>estructura piramidal de poder<\/strong> basada en el miedo, la obediencia y la desconexi\u00f3n del Dios interior.<\/p>\n<p>En esta <strong>MEDITACI\u00d3N PROFUNDA<\/strong>, <strong>Jes\u00fas<\/strong> te gu\u00eda a trav\u00e9s de un proceso de <strong>liberaci\u00f3n espiritual<\/strong>, ayud\u00e1ndote a:<br \/>\n\u2728 <strong>Romper<\/strong> con las creencias impuestas.<br \/>\n\u2728<strong> Derribar la estructura mental<\/strong> del sistema.<br \/>\n\u2728 <strong>Reconectar con tu poder interior<\/strong> y tu verdad divina.<br \/>\n\u2728<strong> Liberarte<\/strong> del miedo y las limitaciones heredadas.<\/p>\n<p>&nbsp;<\/p>\n<p><strong>ESTA EXPERIENCIA ES PARA TI SI:<\/strong><\/p>\n<ul>\n<li>Sientes que has seguido reglas que ya no resuenan con tu alma.<\/li>\n<li>Intuyes que hay un poder mayor dentro de ti esperando ser despertado.<\/li>\n<li>Deseas soltar estructuras de control, tanto externas como internas.<\/li>\n<li>Est\u00e1s list@ para seguir una gu\u00eda elevada, compasiva y transformadora.<\/li>\n<\/ul>\n<p>&nbsp;<\/p>\n<p><strong>\ud83d\udc8e BONO ESPECIAL DE LANZAMIENTO<\/strong><br \/>\nSolo durante siete d\u00edas:<br \/>\n\u2728 50% de descuento: 22\u202f\u20ac (precio habitual: 44\u202f\u20ac)<\/p>\n<p>\ud83d\ude4f\ud83c\udffc Esta meditaci\u00f3n no es solo una experiencia\u2026<br \/>\nEs una puerta.<br \/>\nAtr\u00e9vete a cruzarla y recuerda qui\u00e9n eres realmente.<\/p>\n<p>\ud83d\udd3b Haz clic en \u00aba\u00f1adir al carrito\u00bb accede ahora con el descuento exclusivo.<\/p>\n<p>&nbsp;<\/p>\n<p><strong>DURATION:<\/strong><br \/>\n78 MIN.<\/p>\n<p><strong>PRECIO :<\/strong> 22 D\u00d3LARES. (oferta por tiempo limitado)<\/p>","protected":false},"excerpt":{"rendered":"<p><strong>NOTA IMPORTANTE:<\/strong> Recibir\u00e1s tu enlace al v\u00eddeo directamente en tu email, una vez realizada la compra. Responderemos a todas las dudas y preguntas que te surjan para que le saques el m\u00e1ximo partido a esta meditaci\u00f3n a trav\u00e9s de nuestro email casasananda@babaji-center.com.<\/p>\n<p><strong>SIN IVA SI COMPRAS FUERA DE COSTA RICA<\/strong><\/p>","protected":false},"featured_media":2030,"template":"","meta":[],"product_brand":[],"product_cat":[26],"product_tag":[],"class_list":{"0":"post-2029","1":"product","2":"type-product","3":"status-publish","4":"has-post-thumbnail","6":"product_cat-talleres","8":"first","9":"instock","10":"downloadable","11":"virtual","12":"taxable","13":"purchasable","14":"product-type-simple"},"_links":{"self":[{"href":"https:\/\/babaji-center.com\/en\/wp-json\/wp\/v2\/product\/2029","targetHints":{"allow":["GET"]}}],"collection":[{"href":"https:\/\/babaji-center.com\/en\/wp-json\/wp\/v2\/product"}],"about":[{"href":"https:\/\/babaji-center.com\/en\/wp-json\/wp\/v2\/types\/product"}],"version-history":[{"count":6,"href":"https:\/\/babaji-center.com\/en\/wp-json\/wp\/v2\/product\/2029\/revisions"}],"predecessor-version":[{"id":2054,"href":"https:\/\/babaji-center.com\/en\/wp-json\/wp\/v2\/product\/2029\/revisions\/2054"}],"wp:featuredmedia":[{"embeddable":true,"href":"https:\/\/babaji-center.com\/en\/wp-json\/wp\/v2\/media\/2030"}],"wp:attachment":[{"href":"https:\/\/babaji-center.com\/en\/wp-json\/wp\/v2\/media?parent=2029"}],"wp:term":[{"taxonomy":"product_brand","embeddable":true,"href":"https:\/\/babaji-center.com\/en\/wp-json\/wp\/v2\/product_brand?post=2029"},{"taxonomy":"product_cat","embeddable":true,"href":"https:\/\/babaji-center.com\/en\/wp-json\/wp\/v2\/product_cat?post=2029"},{"taxonomy":"product_tag","embeddable":true,"href":"https:\/\/babaji-center.com\/en\/wp-json\/wp\/v2\/product_tag?post=2029"}],"curies":[{"name":"wp","href":"https:\/\/api.w.org\/{rel}","templated":true}]}}