{"id":2097,"date":"2025-08-02T21:31:46","date_gmt":"2025-08-02T19:31:46","guid":{"rendered":"https:\/\/babaji-center.com\/?post_type=product&#038;p=2097"},"modified":"2025-08-31T13:50:17","modified_gmt":"2025-08-31T11:50:17","slug":"packs-verano-consciente","status":"publish","type":"product","link":"https:\/\/babaji-center.com\/en\/product\/packs-verano-consciente\/","title":{"rendered":"Packs &#8216;Verano Consciente&#8217;"},"content":{"rendered":"","protected":false},"excerpt":{"rendered":"<p data-start=\"254\" data-end=\"407\">Agosto es ese par\u00e9ntesis en el a\u00f1o donde muchos buscan desconectar del mundo\u2026<br data-start=\"331\" data-end=\"334\" \/>Pero, \u00bfy si tambi\u00e9n fuera el momento ideal para <strong data-start=\"382\" data-end=\"406\">conectar con tu alma<\/strong>?<\/p>\n<p data-start=\"409\" data-end=\"609\">Este verano, reg\u00e1late un espacio de paz, sanaci\u00f3n y transformaci\u00f3n.<br data-start=\"476\" data-end=\"479\" \/>Hemos preparado para ti <strong data-start=\"503\" data-end=\"564\">tres packs especiales de meditaci\u00f3n y conexi\u00f3n espiritual<\/strong>, con herramientas poderosas para ayudarte a:<\/p>\n<p data-start=\"611\" data-end=\"738\">\ud83d\udd39 Limpiar tu energ\u00eda<br data-start=\"632\" data-end=\"635\" \/>\ud83d\udd39 Sanar tu relaci\u00f3n con el dinero<br data-start=\"669\" data-end=\"672\" \/>\ud83d\udd39 Activar tu poder interior<br data-start=\"700\" data-end=\"703\" \/>\ud83d\udd39 Iniciar tu viaje de autosanaci\u00f3n<\/p>\n<p data-start=\"740\" data-end=\"791\">\ud83d\udcab Todo a tu ritmo. Sin presi\u00f3n. Desde donde est\u00e9s.<\/p>\n<p><strong>Elige tu pack y comienza el viaje:<\/strong><\/p>\n<p>\ud83c\udf00 <strong>Pack 1<\/strong>: <strong>Reconexi\u00f3n esencial | $33 USD<\/strong><\/p>\n<ul>\n<li>Meditaci\u00f3n de &#8216;Limpieza energ\u00e9tica con el Arc\u00e1ngel Miguel&#8217;.<\/li>\n<li>Meditaci\u00f3n &#8216;Sana tu relaci\u00f3n con el dinero con Lakshmi&#8217;.<\/li>\n<\/ul>\n<p>\ud83d\udd25 <strong>Pack 2 \u2013 Expansi\u00f3n y poder personal | $44 USD<\/strong><\/p>\n<ul>\n<li>Meditaci\u00f3n de &#8216;Limpieza energ\u00e9tica con el Arc\u00e1ngel Miguel&#8217;.<\/li>\n<li>Meditaci\u00f3n &#8216;Sana tu relaci\u00f3n con el dinero con Lakshmi&#8217;.<\/li>\n<li>Meditaci\u00f3n &#8216;Jes\u00fas y la pir\u00e1mide de poder&#8217;.<\/li>\n<\/ul>\n<p><strong>\ud83c\udf08 Pack 3 \u2013 Viaje hacia la autosanaci\u00f3n | $107 USD<\/strong><\/p>\n<ul>\n<li>Curso completo \u201cViaje hacia la autosanaci\u00f3n\u201d<\/li>\n<li>Meditaci\u00f3n de &#8216;Limpieza energ\u00e9tica con el Arc\u00e1ngel Miguel&#8217;.<\/li>\n<li>Meditaci\u00f3n &#8216;Sana tu relaci\u00f3n con el dinero con Lakshmi&#8217;.<\/li>\n<li>Meditaci\u00f3n &#8216;Jes\u00fas y la pir\u00e1mide de poder&#8217;.<\/li>\n<\/ul>\n<p>&nbsp;<\/p>\n<p><strong>OFERTA \u00daNICA ANUAL. Solo v\u00e1lida durante el mes de agosto<\/strong><br \/>\nA partir de septiembre, todos los precios cambiar\u00e1n.<br \/>\nY recuerda: si est\u00e1s fuera de Costa Rica, <strong>no pagas IVA.<\/strong><\/p>\n<p><strong>Elige tu pack y empieza tu camino.<\/strong><\/p>","protected":false},"featured_media":2114,"template":"","meta":[],"product_brand":[],"product_cat":[26],"product_tag":[],"class_list":{"0":"post-2097","1":"product","2":"type-product","3":"status-publish","4":"has-post-thumbnail","6":"product_cat-talleres","8":"first","9":"instock","10":"taxable","11":"shipping-taxable","12":"purchasable","13":"product-type-variable"},"_links":{"self":[{"href":"https:\/\/babaji-center.com\/en\/wp-json\/wp\/v2\/product\/2097","targetHints":{"allow":["GET"]}}],"collection":[{"href":"https:\/\/babaji-center.com\/en\/wp-json\/wp\/v2\/product"}],"about":[{"href":"https:\/\/babaji-center.com\/en\/wp-json\/wp\/v2\/types\/product"}],"version-history":[{"count":7,"href":"https:\/\/babaji-center.com\/en\/wp-json\/wp\/v2\/product\/2097\/revisions"}],"predecessor-version":[{"id":2112,"href":"https:\/\/babaji-center.com\/en\/wp-json\/wp\/v2\/product\/2097\/revisions\/2112"}],"wp:featuredmedia":[{"embeddable":true,"href":"https:\/\/babaji-center.com\/en\/wp-json\/wp\/v2\/media\/2114"}],"wp:attachment":[{"href":"https:\/\/babaji-center.com\/en\/wp-json\/wp\/v2\/media?parent=2097"}],"wp:term":[{"taxonomy":"product_brand","embeddable":true,"href":"https:\/\/babaji-center.com\/en\/wp-json\/wp\/v2\/product_brand?post=2097"},{"taxonomy":"product_cat","embeddable":true,"href":"https:\/\/babaji-center.com\/en\/wp-json\/wp\/v2\/product_cat?post=2097"},{"taxonomy":"product_tag","embeddable":true,"href":"https:\/\/babaji-center.com\/en\/wp-json\/wp\/v2\/product_tag?post=2097"}],"curies":[{"name":"wp","href":"https:\/\/api.w.org\/{rel}","templated":true}]}}