{"id":2540,"date":"2025-09-19T17:43:53","date_gmt":"2025-09-19T15:43:53","guid":{"rendered":"https:\/\/babaji-center.com\/?post_type=product&#038;p=2540"},"modified":"2025-09-19T18:29:29","modified_gmt":"2025-09-19T16:29:29","slug":"academiadeluz","status":"publish","type":"product","link":"https:\/\/babaji-center.com\/en\/product\/academiadeluz\/","title":{"rendered":"Light Academy"},"content":{"rendered":"<p><strong>Welcome to the LIGHT ACADEMY !!!<\/strong><\/p>\n<p class=\" translation-block\">The more we empty ourselves from our personal <strong>resistances, identifications and limitations,<\/strong> the more space we will give to our <strong>divine essence<strong> to be expressed and experienced.<\/p>\n<p class=\" translation-block\">As you purify your channel, the natural frequency of your higher self will be able to shine through, and you will start to serve your higher self instead of your EGO.<\/p>\n<p>A medida que aumentes tu capacidad para aceptar las circunstancias de tu vida sin resistencia,<strong> la vida se convertir\u00e1 en una bendici\u00f3n al reconocer que, pase lo que pase, siempre apoyar\u00e1 tu crecimiento y evoluci\u00f3n.<\/strong><br \/>\nEntonces, tu mundo exterior se convertir\u00e1 en un reflejo de tu <strong>estado de consciencia, gracia, aceptaci\u00f3n, amor y alegr\u00eda<\/strong>\u2026 y comenzar\u00e1s a atraer la<strong> abundancia universal<\/strong> que te pertenece por derecho de nacimiento y que est\u00e1 ah\u00ed, esperando a que te alinees con ella.<\/p>\n<p>Y todo este camino lo vamos a recorrer junto a ti, en la <strong>ACADEMIA DE LUZ.<\/strong><\/p>","protected":false},"excerpt":{"rendered":"<p><strong>DURACI\u00d3N<\/strong>: 9 weeks<\/p>\n<p><strong>START DATE:<\/strong> Thursday, October 9 at 7:45 p.m. SPAIN, 11:45 a.m. COSTA RICA.<\/p>\n<p class=\" translation-block\">START DATE: Thursday, October 9 at 19:45 PM SPAIN, 11:45 AM COSTA RICA.<\/p>\n<p class=\" translation-block\"><strong>PRICE:<strong> 444 $ (option to pay in quotes)<\/p>\n<p><strong>SIN IVA SI COMPRAS FUERA DE COSTA RICA<\/strong><\/p>","protected":false},"featured_media":2529,"template":"","meta":[],"product_brand":[],"product_cat":[33],"product_tag":[],"class_list":{"0":"post-2540","1":"product","2":"type-product","3":"status-publish","4":"has-post-thumbnail","6":"product_cat-academia","8":"first","9":"instock","10":"virtual","11":"sold-individually","12":"taxable","13":"purchasable","14":"product-type-simple"},"_links":{"self":[{"href":"https:\/\/babaji-center.com\/en\/wp-json\/wp\/v2\/product\/2540","targetHints":{"allow":["GET"]}}],"collection":[{"href":"https:\/\/babaji-center.com\/en\/wp-json\/wp\/v2\/product"}],"about":[{"href":"https:\/\/babaji-center.com\/en\/wp-json\/wp\/v2\/types\/product"}],"version-history":[{"count":5,"href":"https:\/\/babaji-center.com\/en\/wp-json\/wp\/v2\/product\/2540\/revisions"}],"predecessor-version":[{"id":2550,"href":"https:\/\/babaji-center.com\/en\/wp-json\/wp\/v2\/product\/2540\/revisions\/2550"}],"wp:featuredmedia":[{"embeddable":true,"href":"https:\/\/babaji-center.com\/en\/wp-json\/wp\/v2\/media\/2529"}],"wp:attachment":[{"href":"https:\/\/babaji-center.com\/en\/wp-json\/wp\/v2\/media?parent=2540"}],"wp:term":[{"taxonomy":"product_brand","embeddable":true,"href":"https:\/\/babaji-center.com\/en\/wp-json\/wp\/v2\/product_brand?post=2540"},{"taxonomy":"product_cat","embeddable":true,"href":"https:\/\/babaji-center.com\/en\/wp-json\/wp\/v2\/product_cat?post=2540"},{"taxonomy":"product_tag","embeddable":true,"href":"https:\/\/babaji-center.com\/en\/wp-json\/wp\/v2\/product_tag?post=2540"}],"curies":[{"name":"wp","href":"https:\/\/api.w.org\/{rel}","templated":true}]}}