{"id":2607,"date":"2025-12-03T22:21:17","date_gmt":"2025-12-03T21:21:17","guid":{"rendered":"https:\/\/babaji-center.com\/?post_type=product&#038;p=2607"},"modified":"2025-12-05T16:17:32","modified_gmt":"2025-12-05T15:17:32","slug":"%e2%9c%a8-workshop-especial-de-navidad-liberate-de-las-creencias-y-la-culpa-colectiva-asociada-con-la-figura-de-jesus","status":"publish","type":"product","link":"https:\/\/babaji-center.com\/en\/product\/%e2%9c%a8-workshop-especial-de-navidad-liberate-de-las-creencias-y-la-culpa-colectiva-asociada-con-la-figura-de-jesus\/","title":{"rendered":"\u2728 Workshop ESPECIAL DE NAVIDAD: Lib\u00e9rate de las creencias y la culpa colectiva asociada con la figura de Jes\u00fas"},"content":{"rendered":"<p><strong>Estas fechas despiertan memorias profundas\u2026<\/strong><br \/>\nAlgunas luminosas, otras cargadas de creencias impuestas que nos alejan de nuestra propia esencia.<\/p>\n<p><strong>Durante siglos, la figura de Jes\u00fas ha sido interpretada, moldeada y utilizada por la sociedad<\/strong>, generando culpa, peso colectivo y desconexi\u00f3n.<br \/>\nPero Jes\u00fas no vino a limitarte. Vino a recordarte tu poder.<\/p>\n<p>En esta Navidad, te invitamos a un taller transformador de 2 horas:<\/p>\n<p>Un encuentro canalizado y guiado por Jes\u00fas.<\/p>\n<p><strong>Un espacio donde podr\u00e1s:<\/strong><\/p>\n<p>\u2728 Liberarte de las creencias heredadas sobre la figura de Jes\u00fas.<\/p>\n<p>\u2728 Soltar la culpa colectiva que no te pertenece.<\/p>\n<p>\u2728 Sanar la memoria espiritual que ha distorsionado tu conexi\u00f3n con lo divino.<\/p>\n<p>\u2728 Recuperar tu propio acceso directo a Dios, puro, aut\u00e9ntico y sin intermediarios.<\/p>\n<p>&nbsp;<\/p>\n<p>Este <strong>workshop<\/strong> es un acto de purificaci\u00f3n profunda:<br \/>\nuna oportunidad para <strong>recordar qui\u00e9n eres<\/strong>, abrir tu canal y <strong>reconectar<\/strong> con tu <strong>verdad espiritual sin velos.<\/strong><\/p>\n<p>Bajo la gu\u00eda amorosa de Jes\u00fas, disolveremos juntos limitaciones, miedos y viejas historias.<\/p>\n<p>Es tiempo de regresar a la libertad interior.<\/p>\n<p>\u00bfEst\u00e1s listo para vivir una Navidad diferente?<br \/>\n<strong>Una Navidad donde renaces t\u00fa.<\/strong> \ud83c\udf1f<\/p>\n<p>&nbsp;<\/p>\n<p><strong>DURATION:<\/strong><br \/>\n45 MIN.<\/p>\n<p><strong>PRECIO :<\/strong> 33 D\u00d3LARES.<\/p>","protected":false},"excerpt":{"rendered":"<p><strong>NOTA IMPORTANTE:<\/strong> Recibir\u00e1s tu enlace directamente en tu email, una vez realizada la compra. Responderemos a todas las dudas y preguntas que te surjan para que le saques el m\u00e1ximo partido a esta meditaci\u00f3n a trav\u00e9s de nuestro email casasananda@babaji-center.com.<\/p>\n<p><strong>SIN IVA SI COMPRAS FUERA DE COSTA RICA<\/strong><\/p>","protected":false},"featured_media":2608,"template":"","meta":[],"product_brand":[],"product_cat":[26],"product_tag":[],"class_list":{"0":"post-2607","1":"product","2":"type-product","3":"status-publish","4":"has-post-thumbnail","6":"product_cat-talleres","8":"first","9":"instock","10":"downloadable","11":"virtual","12":"taxable","13":"purchasable","14":"product-type-simple"},"_links":{"self":[{"href":"https:\/\/babaji-center.com\/en\/wp-json\/wp\/v2\/product\/2607","targetHints":{"allow":["GET"]}}],"collection":[{"href":"https:\/\/babaji-center.com\/en\/wp-json\/wp\/v2\/product"}],"about":[{"href":"https:\/\/babaji-center.com\/en\/wp-json\/wp\/v2\/types\/product"}],"version-history":[{"count":1,"href":"https:\/\/babaji-center.com\/en\/wp-json\/wp\/v2\/product\/2607\/revisions"}],"predecessor-version":[{"id":2609,"href":"https:\/\/babaji-center.com\/en\/wp-json\/wp\/v2\/product\/2607\/revisions\/2609"}],"wp:featuredmedia":[{"embeddable":true,"href":"https:\/\/babaji-center.com\/en\/wp-json\/wp\/v2\/media\/2608"}],"wp:attachment":[{"href":"https:\/\/babaji-center.com\/en\/wp-json\/wp\/v2\/media?parent=2607"}],"wp:term":[{"taxonomy":"product_brand","embeddable":true,"href":"https:\/\/babaji-center.com\/en\/wp-json\/wp\/v2\/product_brand?post=2607"},{"taxonomy":"product_cat","embeddable":true,"href":"https:\/\/babaji-center.com\/en\/wp-json\/wp\/v2\/product_cat?post=2607"},{"taxonomy":"product_tag","embeddable":true,"href":"https:\/\/babaji-center.com\/en\/wp-json\/wp\/v2\/product_tag?post=2607"}],"curies":[{"name":"wp","href":"https:\/\/api.w.org\/{rel}","templated":true}]}}