{"id":290,"date":"2023-04-21T00:53:29","date_gmt":"2023-04-20T22:53:29","guid":{"rendered":"https:\/\/babaji-center.com\/?post_type=product&#038;p=290"},"modified":"2025-08-31T20:38:10","modified_gmt":"2025-08-31T18:38:10","slug":"canalizacion-privada","status":"publish","type":"product","link":"https:\/\/babaji-center.com\/en\/product\/canalizacion-privada\/","title":{"rendered":"Private channeling"},"content":{"rendered":"","protected":false},"excerpt":{"rendered":"<p><strong>Includes:<\/strong> Consulta inicial, canalizaci\u00f3n privada, sanaci\u00f3n y meditaci\u00f3n personal.<\/p>\n<p>Si deseas que un Maestro Ascendido te cargue un aceite energ\u00e9tico, solo tienes que tener listo en el momento de la sesi\u00f3n un frasquito de cristal con cuenta gotas de unos 150 ml con el aceite de tu elecci\u00f3n y ese aceite quedar\u00e1 cargado con su frecuencia.<\/p>\n<p><strong>Schedule: <\/strong><br \/>\nLunes a Jueves: De 09.00 a 10.30 horas y de 12.15 a 13.45 horas<br \/>\nViernes: De 09.00 a 10.30 horas<br \/>\nZona horaria de Costa Rica (GMT-6)<\/p>\n<p><strong>IMPORTANT<\/strong>: Book at least 24 hours in advance.<\/p>\n<p><strong>SIN IVA SI COMPRAS FUERA DE COSTA RICA<\/strong><\/p>","protected":false},"featured_media":297,"template":"","meta":[],"product_brand":[],"product_cat":[20],"product_tag":[],"class_list":{"0":"post-290","1":"product","2":"type-product","3":"status-publish","4":"has-post-thumbnail","6":"product_cat-sesiones","8":"first","9":"instock","10":"virtual","11":"sold-individually","12":"taxable","13":"purchasable","14":"product-type-simple"},"_links":{"self":[{"href":"https:\/\/babaji-center.com\/en\/wp-json\/wp\/v2\/product\/290","targetHints":{"allow":["GET"]}}],"collection":[{"href":"https:\/\/babaji-center.com\/en\/wp-json\/wp\/v2\/product"}],"about":[{"href":"https:\/\/babaji-center.com\/en\/wp-json\/wp\/v2\/types\/product"}],"version-history":[{"count":12,"href":"https:\/\/babaji-center.com\/en\/wp-json\/wp\/v2\/product\/290\/revisions"}],"predecessor-version":[{"id":2307,"href":"https:\/\/babaji-center.com\/en\/wp-json\/wp\/v2\/product\/290\/revisions\/2307"}],"wp:featuredmedia":[{"embeddable":true,"href":"https:\/\/babaji-center.com\/en\/wp-json\/wp\/v2\/media\/297"}],"wp:attachment":[{"href":"https:\/\/babaji-center.com\/en\/wp-json\/wp\/v2\/media?parent=290"}],"wp:term":[{"taxonomy":"product_brand","embeddable":true,"href":"https:\/\/babaji-center.com\/en\/wp-json\/wp\/v2\/product_brand?post=290"},{"taxonomy":"product_cat","embeddable":true,"href":"https:\/\/babaji-center.com\/en\/wp-json\/wp\/v2\/product_cat?post=290"},{"taxonomy":"product_tag","embeddable":true,"href":"https:\/\/babaji-center.com\/en\/wp-json\/wp\/v2\/product_tag?post=290"}],"curies":[{"name":"wp","href":"https:\/\/api.w.org\/{rel}","templated":true}]}}