{"id":3501,"date":"2026-03-25T15:52:39","date_gmt":"2026-03-25T14:52:39","guid":{"rendered":"https:\/\/babaji-center.com\/?post_type=product&#038;p=3501"},"modified":"2026-03-25T16:14:59","modified_gmt":"2026-03-25T15:14:59","slug":"reclama-tu-poder","status":"publish","type":"product","link":"https:\/\/babaji-center.com\/en\/product\/reclama-tu-poder\/","title":{"rendered":"RECLAMA TU PODER"},"content":{"rendered":"<p><strong>Existen muchas maneras en las que cedes tu poder<\/strong>, consciente o inconscientemente.<\/p>\n<p>Cada vez que act\u00faas desde la necesidad, el miedo, el vac\u00edo o la herida\u2026 entregas tu energ\u00eda a din\u00e1micas que te debilitan y te alejan de tu voluntad real.<\/p>\n<p>En este <strong>taller on line<\/strong>, canalizaremos a <strong>Shiva<\/strong> para que acceda a nuestro espacio personal y nos ayude a identificar y a destruir todas las entidades energ\u00e9ticas y egr\u00e9gores que hemos formado a trav\u00e9s de nuestros h\u00e1bitos y que han adquirido poder sobre nosotros.<\/p>\n<p><strong>FECHA<\/strong>: Mi\u00e9rcoles 8 de abril<\/p>\n<p><strong>HORA:<\/strong> 11:00 H Costa Rica \/ 19:00 H Espa\u00f1a<\/p>\n<p><strong>MODALIDAD:<\/strong> Directo on line v\u00eda Zoom. La sesi\u00f3n ser\u00e1 grabada y entregada a los participantes para que puedan volver a verla.<\/p>\n<p><strong>DURATION:<\/strong> 2,5 a 3 horas<\/p>\n<p><strong>INVERSI\u00d3N:<\/strong> 44 $<\/p>","protected":false},"excerpt":{"rendered":"<p><strong>NOTA IMPORTANTE:<\/strong> Recibir\u00e1s tu enlace al taller de forma autom\u00e1tica, una vez realizada la compra. Responderemos a todas las dudas y preguntas que te surjan para que le saques el m\u00e1ximo partido a este taller a trav\u00e9s de nuestro email casasananda@babaji-center.com<\/p>\n<p><strong>SIN IVA SI COMPRAS FUERA DE COSTA RICA<\/strong><\/p>","protected":false},"featured_media":3502,"template":"","meta":[],"product_brand":[],"product_cat":[34],"product_tag":[],"class_list":{"0":"post-3501","1":"product","2":"type-product","3":"status-publish","4":"has-post-thumbnail","6":"product_cat-talleres-2","8":"first","9":"instock","10":"virtual","11":"taxable","12":"purchasable","13":"product-type-simple"},"_links":{"self":[{"href":"https:\/\/babaji-center.com\/en\/wp-json\/wp\/v2\/product\/3501","targetHints":{"allow":["GET"]}}],"collection":[{"href":"https:\/\/babaji-center.com\/en\/wp-json\/wp\/v2\/product"}],"about":[{"href":"https:\/\/babaji-center.com\/en\/wp-json\/wp\/v2\/types\/product"}],"version-history":[{"count":3,"href":"https:\/\/babaji-center.com\/en\/wp-json\/wp\/v2\/product\/3501\/revisions"}],"predecessor-version":[{"id":3506,"href":"https:\/\/babaji-center.com\/en\/wp-json\/wp\/v2\/product\/3501\/revisions\/3506"}],"wp:featuredmedia":[{"embeddable":true,"href":"https:\/\/babaji-center.com\/en\/wp-json\/wp\/v2\/media\/3502"}],"wp:attachment":[{"href":"https:\/\/babaji-center.com\/en\/wp-json\/wp\/v2\/media?parent=3501"}],"wp:term":[{"taxonomy":"product_brand","embeddable":true,"href":"https:\/\/babaji-center.com\/en\/wp-json\/wp\/v2\/product_brand?post=3501"},{"taxonomy":"product_cat","embeddable":true,"href":"https:\/\/babaji-center.com\/en\/wp-json\/wp\/v2\/product_cat?post=3501"},{"taxonomy":"product_tag","embeddable":true,"href":"https:\/\/babaji-center.com\/en\/wp-json\/wp\/v2\/product_tag?post=3501"}],"curies":[{"name":"wp","href":"https:\/\/api.w.org\/{rel}","templated":true}]}}