{"id":844,"date":"2023-06-08T16:34:42","date_gmt":"2023-06-08T14:34:42","guid":{"rendered":"https:\/\/babaji-center.com\/producto\/viaje-hacia-la-autosanacion\/"},"modified":"2025-09-11T23:09:54","modified_gmt":"2025-09-11T21:09:54","slug":"viaje-hacia-la-autosanacion","status":"publish","type":"product","link":"https:\/\/babaji-center.com\/en\/product\/viaje-hacia-la-autosanacion\/","title":{"rendered":"VIAJE HACIA LA AUTOSANACI\u00d3N"},"content":{"rendered":"<h4><strong>Un viaje hacia el auto empoderamiento con Sascha Sananda<\/strong><\/h4>\n<p><strong>Desbloquea tu poder interior<\/strong> de auto sanaci\u00f3n y sum\u00e9rgete en un proceso de toma de conciencia propia, que te ayudar\u00e1 a traer claridad, a identificar y a transformar los bloqueos que te mantienen pres@ en tus propias limitaciones.<\/p>\n<p>Este curso combina <strong>clases<\/strong> con informaci\u00f3n valiosa, <strong>meditaciones<\/strong>, <strong>canalizaciones<\/strong> y<strong> herramientas<\/strong> para aprender a equilibrarte en tu d\u00eda a d\u00eda. Jes\u00fas, Buda, Lord Sananda, Gaia y Babaji participan en diferentes temas compartiendo su sabidur\u00eda y poderosas meditaciones guiadas.<\/p>\n<p>El objetivo es ofrecerte las<strong> herramientas<\/strong> necesarias para aprender a <strong>sanarte y equilibrarte<\/strong> t\u00fa mism@ y poder comenzar a vivir desde tu poder y soberan\u00eda.<br \/>\nEste viaje consciente te llevar\u00e1 a trav\u00e9s de <strong>todos los pasos del proceso de sanaci\u00f3n<\/strong>: desde el momento en que se originan los bloqueos hasta el momento de la sanaci\u00f3n.<\/p>\n<p>Incluye algunas de las meditaciones favoritas de Buda y Jes\u00fas, guiadas por ellos mismos.<\/p>\n<p>&nbsp;<\/p>\n<h4><strong>\u00bfQu\u00e9 obtendr\u00e1s en este curso?<\/strong><\/h4>\n<p>\u2022 <strong>Herramientas pr\u00e1cticas<\/strong> para equilibrarte en tu d\u00eda a d\u00eda.<br \/>\n\u2022 <strong>Ense\u00f1anzas espirituale<\/strong>s para comprender c\u00f3mo funciona el proceso de sanaci\u00f3n interior<br \/>\n\u2022 <strong>Meditaciones guiadas canalizadas<\/strong> por Maestros Ascendidos (incluidas algunas favoritas de Buda y Jes\u00fas)<br \/>\n\u2022 <strong>Conexi\u00f3n<\/strong> profunda con tu sabidur\u00eda interna y tu soberan\u00eda personal<br \/>\n\u2022 <strong>Claridad<\/strong> para identificar y transformar patrones que te mantienen bloquead@ y sin posibilidad de avanzar<br \/>\n\u2022 Un <strong>enfoque consciente<\/strong> desde la autoaceptaci\u00f3n, el amor y la responsabilidad personal<\/p>\n<p>&nbsp;<\/p>\n<h4><strong>\u00bfA qui\u00e9n va dirigido?<\/strong><\/h4>\n<p>Este curso es para ti si:<br \/>\n\u2022 Est\u00e1s atravesando un <strong>proceso de transformaci\u00f3n interior<\/strong> y buscas gu\u00eda y acompa\u00f1amiento espiritual<br \/>\n\u2022 Deseas comprender c\u00f3mo <strong>sanar desde dentro<\/strong>, sin depender del exterior<br \/>\n\u2022 Anhelas <strong>sentirte en paz, conectad@ contigo mism@ y con tu prop\u00f3sito<\/strong><br \/>\n\u2022 Sientes el llamado de <strong>activar tu poder interior<\/strong> y vivir desde tu conciencia, libertad y amor<\/p>\n<p>Un camino de regreso a ti mism@<br \/>\nCuando comprendes que t\u00fa eres la fuente de tu propia sanaci\u00f3n, todo cambia. Este curso no es solo teor\u00eda: es una experiencia vivencial, una gu\u00eda paso a paso para despertar tu poder, liberar cargas, y empezar a vivir desde tu verdad y plenitud.<\/p>\n<p><strong>Empieza hoy tu viaje hacia la autosanaci\u00f3n.<\/strong><br \/>\nTu poder est\u00e1 esperando ser recordado.<\/p>\n<p>&nbsp;<\/p>\n<p><strong>50% DE DESCUENTO SOLO DURANTE EL MES DE AGOSTO. \u00a1RESERVA YA TU PLAZA!<\/strong><\/p>","protected":false},"excerpt":{"rendered":"<p><strong>Desbloquea tu poder interior<\/strong> de auto sanaci\u00f3n y sum\u00e9rgete en un proceso de toma de conciencia propia, que te ayudar\u00e1 a traer claridad, a identificar y a transformar los bloqueos que te mantienen pres@ en tus propias limitaciones.<\/p>\n<p>Este curso combina <strong>clases<\/strong> con informaci\u00f3n valiosa, <strong>meditaciones<\/strong>, <strong>canalizaciones<\/strong> y<strong> herramientas<\/strong> para aprender a equilibrarte en tu d\u00eda a d\u00eda. Jes\u00fas, Buda, Lord Sananda, Gaia y Babaji participan en diferentes temas compartiendo su sabidur\u00eda y poderosas meditaciones guiadas.<\/p>\n<p>El objetivo es ofrecerte las<strong> herramientas<\/strong> necesarias para aprender a <strong>sanarte y equilibrarte<\/strong> t\u00fa mism@ y poder comenzar a vivir desde tu poder y soberan\u00eda.<br \/>\nEste viaje consciente te llevar\u00e1 a trav\u00e9s de <strong>todos los pasos del proceso de sanaci\u00f3n<\/strong>: desde el momento en que se originan los bloqueos hasta el momento de la sanaci\u00f3n.<\/p>\n<p><strong>50% DE DESCUENTO SOLO DURANTE EL MES DE AGOSTO. \u00a1RESERVA YA TU PLAZA!<\/strong><\/p>","protected":false},"featured_media":984,"template":"","meta":[],"product_brand":[],"product_cat":[22],"product_tag":[],"class_list":{"0":"post-844","1":"product","2":"type-product","3":"status-publish","4":"has-post-thumbnail","6":"product_cat-formacion","8":"first","9":"instock","10":"virtual","11":"sold-individually","12":"taxable","13":"purchasable","14":"product-type-simple"},"_links":{"self":[{"href":"https:\/\/babaji-center.com\/en\/wp-json\/wp\/v2\/product\/844","targetHints":{"allow":["GET"]}}],"collection":[{"href":"https:\/\/babaji-center.com\/en\/wp-json\/wp\/v2\/product"}],"about":[{"href":"https:\/\/babaji-center.com\/en\/wp-json\/wp\/v2\/types\/product"}],"version-history":[{"count":3,"href":"https:\/\/babaji-center.com\/en\/wp-json\/wp\/v2\/product\/844\/revisions"}],"predecessor-version":[{"id":2120,"href":"https:\/\/babaji-center.com\/en\/wp-json\/wp\/v2\/product\/844\/revisions\/2120"}],"wp:featuredmedia":[{"embeddable":true,"href":"https:\/\/babaji-center.com\/en\/wp-json\/wp\/v2\/media\/984"}],"wp:attachment":[{"href":"https:\/\/babaji-center.com\/en\/wp-json\/wp\/v2\/media?parent=844"}],"wp:term":[{"taxonomy":"product_brand","embeddable":true,"href":"https:\/\/babaji-center.com\/en\/wp-json\/wp\/v2\/product_brand?post=844"},{"taxonomy":"product_cat","embeddable":true,"href":"https:\/\/babaji-center.com\/en\/wp-json\/wp\/v2\/product_cat?post=844"},{"taxonomy":"product_tag","embeddable":true,"href":"https:\/\/babaji-center.com\/en\/wp-json\/wp\/v2\/product_tag?post=844"}],"curies":[{"name":"wp","href":"https:\/\/api.w.org\/{rel}","templated":true}]}}